{"id":115991,"date":"2026-05-05T16:06:22","date_gmt":"2026-05-05T19:06:22","guid":{"rendered":"https:\/\/www.hediyepazar.com\/?product=cift-bantli-otomatik-kurulum-wifi-repeater-menzil-genisletici"},"modified":"2026-05-05T16:06:22","modified_gmt":"2026-05-05T19:06:22","slug":"cift-bantli-otomatik-kurulum-wifi-repeater-menzil-genisletici","status":"publish","type":"product","link":"https:\/\/www.hediyepazar.com\/?product=cift-bantli-otomatik-kurulum-wifi-repeater-menzil-genisletici","title":{"rendered":"\u00c7ift Bantl\u0131 Otomatik Kurulum WiFi Repeater Menzil Geni\u015fletici"},"content":{"rendered":"<p>Bu WiFi menzil geni\u015fletici, WPS butonu sayesinde karma\u015f\u0131k ayarlara gerek kalmadan tek tu\u015fla y\u00f6nlendiricinize ba\u011flan\u0131r. Otomatik ba\u011flant\u0131 \u00f6zelli\u011fi ile dakikalar i\u00e7inde kurulumu tamamlayabilir, evinizde veya i\u015f yerinizde kesintisiz internet eri\u015fiminin keyfini \u00e7\u0131karabilirsiniz. Pratik kullan\u0131m sunan bu cihaz, teknoloji bilgisine ihtiya\u00e7 duymadan herkesin rahatl\u0131kla kullanabilece\u011fi bir \u00fcr\u00fcnd\u00fcr.<\/p>\n","protected":false},"excerpt":{"rendered":"<p>Bu WiFi menzil geni\u015fletici, WPS butonu sayesinde karma\u015f\u0131k ayarlara gerek kalmadan tek tu\u015fla y\u00f6nlendiricinize ba\u011flan\u0131r. Otomatik ba\u011flant\u0131 \u00f6zelli\u011fi ile dakikalar i\u00e7inde kurulumu tamamlayabilir, evinizde veya i\u015f yerinizde kesintisiz internet eri\u015fiminin keyfini \u00e7\u0131karabilirsiniz. Pratik kullan\u0131m sunan bu cihaz, teknoloji bilgisine ihtiya\u00e7 duymadan herkesin rahatl\u0131kla kullanabilece\u011fi bir \u00fcr\u00fcnd\u00fcr.<\/p>\n","protected":false},"featured_media":115990,"comment_status":"open","ping_status":"closed","template":"","meta":{"_kad_post_transparent":"","_kad_post_title":"","_kad_post_layout":"","_kad_post_sidebar_id":"","_kad_post_content_style":"","_kad_post_vertical_padding":"","_kad_post_feature":"","_kad_post_feature_position":"","_kad_post_header":false,"_kad_post_footer":false,"_kad_post_classname":""},"product_brand":[],"product_cat":[14989],"product_tag":[],"class_list":{"0":"post-115991","1":"product","2":"type-product","3":"status-publish","4":"has-post-thumbnail","6":"product_cat-wireless-adaptor-wireless-adaptor","8":"first","9":"instock","10":"purchasable","11":"product-type-simple","12":"entry","13":"content-bg","14":"loop-entry"},"_links":{"self":[{"href":"https:\/\/www.hediyepazar.com\/index.php?rest_route=\/wp\/v2\/product\/115991","targetHints":{"allow":["GET"]}}],"collection":[{"href":"https:\/\/www.hediyepazar.com\/index.php?rest_route=\/wp\/v2\/product"}],"about":[{"href":"https:\/\/www.hediyepazar.com\/index.php?rest_route=\/wp\/v2\/types\/product"}],"replies":[{"embeddable":true,"href":"https:\/\/www.hediyepazar.com\/index.php?rest_route=%2Fwp%2Fv2%2Fcomments&post=115991"}],"wp:featuredmedia":[{"embeddable":true,"href":"https:\/\/www.hediyepazar.com\/index.php?rest_route=\/wp\/v2\/media\/115990"}],"wp:attachment":[{"href":"https:\/\/www.hediyepazar.com\/index.php?rest_route=%2Fwp%2Fv2%2Fmedia&parent=115991"}],"wp:term":[{"taxonomy":"product_brand","embeddable":true,"href":"https:\/\/www.hediyepazar.com\/index.php?rest_route=%2Fwp%2Fv2%2Fproduct_brand&post=115991"},{"taxonomy":"product_cat","embeddable":true,"href":"https:\/\/www.hediyepazar.com\/index.php?rest_route=%2Fwp%2Fv2%2Fproduct_cat&post=115991"},{"taxonomy":"product_tag","embeddable":true,"href":"https:\/\/www.hediyepazar.com\/index.php?rest_route=%2Fwp%2Fv2%2Fproduct_tag&post=115991"}],"curies":[{"name":"wp","href":"https:\/\/api.w.org\/{rel}","templated":true}]}}