{"id":115995,"date":"2026-05-05T16:08:11","date_gmt":"2026-05-05T19:08:11","guid":{"rendered":"https:\/\/www.hediyepazar.com\/?product=gercek-zamanli-ceviri-ozellikli-kablosuz-kulaklik"},"modified":"2026-05-05T16:08:11","modified_gmt":"2026-05-05T19:08:11","slug":"gercek-zamanli-ceviri-ozellikli-kablosuz-kulaklik","status":"publish","type":"product","link":"https:\/\/www.hediyepazar.com\/?product=gercek-zamanli-ceviri-ozellikli-kablosuz-kulaklik","title":{"rendered":"Ger\u00e7ek Zamanl\u0131 \u00c7eviri \u00d6zellikli Kablosuz Kulakl\u0131k"},"content":{"rendered":"<p>\u0130ster i\u015f toplant\u0131lar\u0131n\u0131zda ister seyahatlerinizde, AI \u00e7eviri kulakl\u0131k size kesintisiz ba\u011flant\u0131 ve y\u00fcksek kaliteli ses sunar. Ergonomik tasar\u0131m\u0131 sayesinde kula\u011fa tam oturarak konforlu bir kullan\u0131m sa\u011flar. 10 metreye kadar kablosuz menziliyle \u00f6zg\u00fcr hareket edin, ayn\u0131 anda hem m\u00fczik dinleyin hem de \u00e7eviri deneyimini ya\u015fay\u0131n.<\/p>\n","protected":false},"excerpt":{"rendered":"<p>\u0130ster i\u015f toplant\u0131lar\u0131n\u0131zda ister seyahatlerinizde, AI \u00e7eviri kulakl\u0131k size kesintisiz ba\u011flant\u0131 ve y\u00fcksek kaliteli ses sunar. Ergonomik tasar\u0131m\u0131 sayesinde kula\u011fa tam oturarak konforlu bir kullan\u0131m sa\u011flar. 10 metreye kadar kablosuz menziliyle \u00f6zg\u00fcr hareket edin, ayn\u0131 anda hem m\u00fczik dinleyin hem de \u00e7eviri deneyimini ya\u015fay\u0131n.<\/p>\n","protected":false},"featured_media":115994,"comment_status":"open","ping_status":"closed","template":"","meta":{"_kad_post_transparent":"","_kad_post_title":"","_kad_post_layout":"","_kad_post_sidebar_id":"","_kad_post_content_style":"","_kad_post_vertical_padding":"","_kad_post_feature":"","_kad_post_feature_position":"","_kad_post_header":false,"_kad_post_footer":false,"_kad_post_classname":""},"product_brand":[],"product_cat":[14957],"product_tag":[],"class_list":{"0":"post-115995","1":"product","2":"type-product","3":"status-publish","4":"has-post-thumbnail","6":"product_cat-kablosuz-kulaklik-kablosuz-kulaklik","8":"first","9":"instock","10":"purchasable","11":"product-type-simple","12":"entry","13":"content-bg","14":"loop-entry"},"_links":{"self":[{"href":"https:\/\/www.hediyepazar.com\/index.php?rest_route=\/wp\/v2\/product\/115995","targetHints":{"allow":["GET"]}}],"collection":[{"href":"https:\/\/www.hediyepazar.com\/index.php?rest_route=\/wp\/v2\/product"}],"about":[{"href":"https:\/\/www.hediyepazar.com\/index.php?rest_route=\/wp\/v2\/types\/product"}],"replies":[{"embeddable":true,"href":"https:\/\/www.hediyepazar.com\/index.php?rest_route=%2Fwp%2Fv2%2Fcomments&post=115995"}],"wp:featuredmedia":[{"embeddable":true,"href":"https:\/\/www.hediyepazar.com\/index.php?rest_route=\/wp\/v2\/media\/115994"}],"wp:attachment":[{"href":"https:\/\/www.hediyepazar.com\/index.php?rest_route=%2Fwp%2Fv2%2Fmedia&parent=115995"}],"wp:term":[{"taxonomy":"product_brand","embeddable":true,"href":"https:\/\/www.hediyepazar.com\/index.php?rest_route=%2Fwp%2Fv2%2Fproduct_brand&post=115995"},{"taxonomy":"product_cat","embeddable":true,"href":"https:\/\/www.hediyepazar.com\/index.php?rest_route=%2Fwp%2Fv2%2Fproduct_cat&post=115995"},{"taxonomy":"product_tag","embeddable":true,"href":"https:\/\/www.hediyepazar.com\/index.php?rest_route=%2Fwp%2Fv2%2Fproduct_tag&post=115995"}],"curies":[{"name":"wp","href":"https:\/\/api.w.org\/{rel}","templated":true}]}}