{"id":116001,"date":"2026-05-05T16:09:05","date_gmt":"2026-05-05T19:09:05","guid":{"rendered":"https:\/\/www.hediyepazar.com\/?product=uzun-pil-omurlu-ergonomik-tasarimli-kulaklik"},"modified":"2026-05-05T16:09:05","modified_gmt":"2026-05-05T19:09:05","slug":"uzun-pil-omurlu-ergonomik-tasarimli-kulaklik","status":"publish","type":"product","link":"https:\/\/www.hediyepazar.com\/?product=uzun-pil-omurlu-ergonomik-tasarimli-kulaklik","title":{"rendered":"Uzun Pil \u00d6m\u00fcrl\u00fc Ergonomik Tasar\u0131ml\u0131 Kulakl\u0131k"},"content":{"rendered":"<p>Ta\u015f\u0131nabilir ve \u015f\u0131k tasar\u0131m\u0131yla dikkat \u00e7eken AI \u00e7eviri kulakl\u0131k, yaln\u0131zca m\u00fczik de\u011fil ayn\u0131 zamanda dil \u00e7evirilerinde de y\u00fcksek performans sunar. 10 metreye kadar ba\u011flant\u0131 menzili ile \u00f6zg\u00fcr hareket etmenize imkan tan\u0131r. Uzun \u00f6m\u00fcrl\u00fc bataryas\u0131 sayesinde 4 saate kadar aral\u0131ks\u0131z kullan\u0131m imkan\u0131 verir. Y\u00fcksek tan\u0131ml\u0131 ses \u00e7\u0131k\u0131\u015f\u0131yla \u00e7a\u011fr\u0131, m\u00fczik ve \u00e7eviri deneyimini en net haliyle ya\u015fay\u0131n.<\/p>\n","protected":false},"excerpt":{"rendered":"<p>Ta\u015f\u0131nabilir ve \u015f\u0131k tasar\u0131m\u0131yla dikkat \u00e7eken AI \u00e7eviri kulakl\u0131k, yaln\u0131zca m\u00fczik de\u011fil ayn\u0131 zamanda dil \u00e7evirilerinde de y\u00fcksek performans sunar. 10 metreye kadar ba\u011flant\u0131 menzili ile \u00f6zg\u00fcr hareket etmenize imkan tan\u0131r. Uzun \u00f6m\u00fcrl\u00fc bataryas\u0131 sayesinde 4 saate kadar aral\u0131ks\u0131z kullan\u0131m imkan\u0131 verir. Y\u00fcksek tan\u0131ml\u0131 ses \u00e7\u0131k\u0131\u015f\u0131yla \u00e7a\u011fr\u0131, m\u00fczik ve \u00e7eviri deneyimini en net haliyle ya\u015fay\u0131n.<\/p>\n","protected":false},"featured_media":116000,"comment_status":"open","ping_status":"closed","template":"","meta":{"_kad_post_transparent":"","_kad_post_title":"","_kad_post_layout":"","_kad_post_sidebar_id":"","_kad_post_content_style":"","_kad_post_vertical_padding":"","_kad_post_feature":"","_kad_post_feature_position":"","_kad_post_header":false,"_kad_post_footer":false,"_kad_post_classname":""},"product_brand":[],"product_cat":[14957],"product_tag":[],"class_list":{"0":"post-116001","1":"product","2":"type-product","3":"status-publish","4":"has-post-thumbnail","6":"product_cat-kablosuz-kulaklik-kablosuz-kulaklik","8":"first","9":"instock","10":"purchasable","11":"product-type-simple","12":"entry","13":"content-bg","14":"loop-entry"},"_links":{"self":[{"href":"https:\/\/www.hediyepazar.com\/index.php?rest_route=\/wp\/v2\/product\/116001","targetHints":{"allow":["GET"]}}],"collection":[{"href":"https:\/\/www.hediyepazar.com\/index.php?rest_route=\/wp\/v2\/product"}],"about":[{"href":"https:\/\/www.hediyepazar.com\/index.php?rest_route=\/wp\/v2\/types\/product"}],"replies":[{"embeddable":true,"href":"https:\/\/www.hediyepazar.com\/index.php?rest_route=%2Fwp%2Fv2%2Fcomments&post=116001"}],"wp:featuredmedia":[{"embeddable":true,"href":"https:\/\/www.hediyepazar.com\/index.php?rest_route=\/wp\/v2\/media\/116000"}],"wp:attachment":[{"href":"https:\/\/www.hediyepazar.com\/index.php?rest_route=%2Fwp%2Fv2%2Fmedia&parent=116001"}],"wp:term":[{"taxonomy":"product_brand","embeddable":true,"href":"https:\/\/www.hediyepazar.com\/index.php?rest_route=%2Fwp%2Fv2%2Fproduct_brand&post=116001"},{"taxonomy":"product_cat","embeddable":true,"href":"https:\/\/www.hediyepazar.com\/index.php?rest_route=%2Fwp%2Fv2%2Fproduct_cat&post=116001"},{"taxonomy":"product_tag","embeddable":true,"href":"https:\/\/www.hediyepazar.com\/index.php?rest_route=%2Fwp%2Fv2%2Fproduct_tag&post=116001"}],"curies":[{"name":"wp","href":"https:\/\/api.w.org\/{rel}","templated":true}]}}