{"id":116009,"date":"2026-05-05T16:11:06","date_gmt":"2026-05-05T19:11:06","guid":{"rendered":"https:\/\/www.hediyepazar.com\/?product=1800-mah-pilli-solar-duvar-aydinlatma"},"modified":"2026-05-05T16:11:06","modified_gmt":"2026-05-05T19:11:06","slug":"1800-mah-pilli-solar-duvar-aydinlatma","status":"publish","type":"product","link":"https:\/\/www.hediyepazar.com\/?product=1800-mah-pilli-solar-duvar-aydinlatma","title":{"rendered":"1800 mAh Pilli Solar Duvar Ayd\u0131nlatma"},"content":{"rendered":"<p>Ak\u0131ll\u0131 hareket sens\u00f6r\u00fc 120\u00b0 a\u00e7\u0131 ve 5-8 metre mesafede alg\u0131lama yapar. Hareketsizlik durumunda 15 saniye i\u00e7inde otomatik kapan\u0131r. Bu \u00f6zellik hem g\u00fcvenlik sa\u011flar hem de pil \u00f6mr\u00fcn\u00fc uzat\u0131r.<\/p>\n","protected":false},"excerpt":{"rendered":"<p>Ak\u0131ll\u0131 hareket sens\u00f6r\u00fc 120\u00b0 a\u00e7\u0131 ve 5-8 metre mesafede alg\u0131lama yapar. Hareketsizlik durumunda 15 saniye i\u00e7inde otomatik kapan\u0131r. Bu \u00f6zellik hem g\u00fcvenlik sa\u011flar hem de pil \u00f6mr\u00fcn\u00fc uzat\u0131r.<\/p>\n","protected":false},"featured_media":116008,"comment_status":"open","ping_status":"closed","template":"","meta":{"_kad_post_transparent":"","_kad_post_title":"","_kad_post_layout":"","_kad_post_sidebar_id":"","_kad_post_content_style":"","_kad_post_vertical_padding":"","_kad_post_feature":"","_kad_post_feature_position":"","_kad_post_header":false,"_kad_post_footer":false,"_kad_post_classname":""},"product_brand":[],"product_cat":[14946],"product_tag":[],"class_list":{"0":"post-116009","1":"product","2":"type-product","3":"status-publish","4":"has-post-thumbnail","6":"product_cat-bahce-aydinlatmasi-bahce-aydinlatmasi","8":"first","9":"instock","10":"purchasable","11":"product-type-simple","12":"entry","13":"content-bg","14":"loop-entry"},"_links":{"self":[{"href":"https:\/\/www.hediyepazar.com\/index.php?rest_route=\/wp\/v2\/product\/116009","targetHints":{"allow":["GET"]}}],"collection":[{"href":"https:\/\/www.hediyepazar.com\/index.php?rest_route=\/wp\/v2\/product"}],"about":[{"href":"https:\/\/www.hediyepazar.com\/index.php?rest_route=\/wp\/v2\/types\/product"}],"replies":[{"embeddable":true,"href":"https:\/\/www.hediyepazar.com\/index.php?rest_route=%2Fwp%2Fv2%2Fcomments&post=116009"}],"wp:featuredmedia":[{"embeddable":true,"href":"https:\/\/www.hediyepazar.com\/index.php?rest_route=\/wp\/v2\/media\/116008"}],"wp:attachment":[{"href":"https:\/\/www.hediyepazar.com\/index.php?rest_route=%2Fwp%2Fv2%2Fmedia&parent=116009"}],"wp:term":[{"taxonomy":"product_brand","embeddable":true,"href":"https:\/\/www.hediyepazar.com\/index.php?rest_route=%2Fwp%2Fv2%2Fproduct_brand&post=116009"},{"taxonomy":"product_cat","embeddable":true,"href":"https:\/\/www.hediyepazar.com\/index.php?rest_route=%2Fwp%2Fv2%2Fproduct_cat&post=116009"},{"taxonomy":"product_tag","embeddable":true,"href":"https:\/\/www.hediyepazar.com\/index.php?rest_route=%2Fwp%2Fv2%2Fproduct_tag&post=116009"}],"curies":[{"name":"wp","href":"https:\/\/api.w.org\/{rel}","templated":true}]}}