{"id":116011,"date":"2026-05-05T16:11:12","date_gmt":"2026-05-05T19:11:12","guid":{"rendered":"https:\/\/www.hediyepazar.com\/?product=ip65-su-gecirmez-gunes-paneli-dis-mekan-lamba"},"modified":"2026-05-05T16:11:12","modified_gmt":"2026-05-05T19:11:12","slug":"ip65-su-gecirmez-gunes-paneli-dis-mekan-lamba","status":"publish","type":"product","link":"https:\/\/www.hediyepazar.com\/?product=ip65-su-gecirmez-gunes-paneli-dis-mekan-lamba","title":{"rendered":"IP65 Su Ge\u00e7irmez G\u00fcne\u015f Paneli D\u0131\u015f Mekan Lamba"},"content":{"rendered":"<p>IP65 sertifikal\u0131 su ge\u00e7irmez yap\u0131s\u0131yla ya\u011fmur, kar ve y\u00fcksek s\u0131cakl\u0131klara dayan\u0131kl\u0131d\u0131r. Balkon, bah\u00e7e, garaj, veranda ve d\u0131\u015f cephelerde g\u00fcvenle kullan\u0131labilir. Dayan\u0131kl\u0131 ABS g\u00f6vde uzun \u00f6m\u00fcrl\u00fc kullan\u0131m sunar.<\/p>\n","protected":false},"excerpt":{"rendered":"<p>IP65 sertifikal\u0131 su ge\u00e7irmez yap\u0131s\u0131yla ya\u011fmur, kar ve y\u00fcksek s\u0131cakl\u0131klara dayan\u0131kl\u0131d\u0131r. Balkon, bah\u00e7e, garaj, veranda ve d\u0131\u015f cephelerde g\u00fcvenle kullan\u0131labilir. Dayan\u0131kl\u0131 ABS g\u00f6vde uzun \u00f6m\u00fcrl\u00fc kullan\u0131m sunar.<\/p>\n","protected":false},"featured_media":116010,"comment_status":"open","ping_status":"closed","template":"","meta":{"_kad_post_transparent":"","_kad_post_title":"","_kad_post_layout":"","_kad_post_sidebar_id":"","_kad_post_content_style":"","_kad_post_vertical_padding":"","_kad_post_feature":"","_kad_post_feature_position":"","_kad_post_header":false,"_kad_post_footer":false,"_kad_post_classname":""},"product_brand":[],"product_cat":[14946],"product_tag":[],"class_list":{"0":"post-116011","1":"product","2":"type-product","3":"status-publish","4":"has-post-thumbnail","6":"product_cat-bahce-aydinlatmasi-bahce-aydinlatmasi","8":"first","9":"instock","10":"purchasable","11":"product-type-simple","12":"entry","13":"content-bg","14":"loop-entry"},"_links":{"self":[{"href":"https:\/\/www.hediyepazar.com\/index.php?rest_route=\/wp\/v2\/product\/116011","targetHints":{"allow":["GET"]}}],"collection":[{"href":"https:\/\/www.hediyepazar.com\/index.php?rest_route=\/wp\/v2\/product"}],"about":[{"href":"https:\/\/www.hediyepazar.com\/index.php?rest_route=\/wp\/v2\/types\/product"}],"replies":[{"embeddable":true,"href":"https:\/\/www.hediyepazar.com\/index.php?rest_route=%2Fwp%2Fv2%2Fcomments&post=116011"}],"wp:featuredmedia":[{"embeddable":true,"href":"https:\/\/www.hediyepazar.com\/index.php?rest_route=\/wp\/v2\/media\/116010"}],"wp:attachment":[{"href":"https:\/\/www.hediyepazar.com\/index.php?rest_route=%2Fwp%2Fv2%2Fmedia&parent=116011"}],"wp:term":[{"taxonomy":"product_brand","embeddable":true,"href":"https:\/\/www.hediyepazar.com\/index.php?rest_route=%2Fwp%2Fv2%2Fproduct_brand&post=116011"},{"taxonomy":"product_cat","embeddable":true,"href":"https:\/\/www.hediyepazar.com\/index.php?rest_route=%2Fwp%2Fv2%2Fproduct_cat&post=116011"},{"taxonomy":"product_tag","embeddable":true,"href":"https:\/\/www.hediyepazar.com\/index.php?rest_route=%2Fwp%2Fv2%2Fproduct_tag&post=116011"}],"curies":[{"name":"wp","href":"https:\/\/api.w.org\/{rel}","templated":true}]}}