{"id":116013,"date":"2026-05-05T16:11:19","date_gmt":"2026-05-05T19:11:19","guid":{"rendered":"https:\/\/www.hediyepazar.com\/?product=gunes-enerjili-hareket-sensorlu-duvar-lambasi"},"modified":"2026-05-05T16:11:19","modified_gmt":"2026-05-05T19:11:19","slug":"gunes-enerjili-hareket-sensorlu-duvar-lambasi","status":"publish","type":"product","link":"https:\/\/www.hediyepazar.com\/?product=gunes-enerjili-hareket-sensorlu-duvar-lambasi","title":{"rendered":"G\u00fcne\u015f Enerjili Hareket Sens\u00f6rl\u00fc Duvar Lambas\u0131"},"content":{"rendered":"<p>G\u00fcne\u015f enerjisiyle \u00e7al\u0131\u015fan duvar lambas\u0131, kabloya gerek duymadan kolayca kurulabilir. Kutudan \u00e7\u0131kan vidalarla d\u0131\u015f duvar\u0131n\u0131za pratik bir \u015fekilde monte edebilirsiniz. 1800 mAh kapasiteli pili sayesinde g\u00fcnd\u00fcz \u015farj olur, gece ise 8 saate kadar kesintisiz \u0131\u015f\u0131k sa\u011flar. Hareket sens\u00f6r\u00fc \u00f6zelli\u011fiyle enerji tasarrufu yapar ve yaln\u0131zca ihtiya\u00e7 duydu\u011funuzda devreye girer.<\/p>\n","protected":false},"excerpt":{"rendered":"<p>G\u00fcne\u015f enerjisiyle \u00e7al\u0131\u015fan duvar lambas\u0131, kabloya gerek duymadan kolayca kurulabilir. Kutudan \u00e7\u0131kan vidalarla d\u0131\u015f duvar\u0131n\u0131za pratik bir \u015fekilde monte edebilirsiniz. 1800 mAh kapasiteli pili sayesinde g\u00fcnd\u00fcz \u015farj olur, gece ise 8 saate kadar kesintisiz \u0131\u015f\u0131k sa\u011flar. Hareket sens\u00f6r\u00fc \u00f6zelli\u011fiyle enerji tasarrufu yapar ve yaln\u0131zca ihtiya\u00e7 duydu\u011funuzda devreye girer.<\/p>\n","protected":false},"featured_media":116012,"comment_status":"open","ping_status":"closed","template":"","meta":{"_kad_post_transparent":"","_kad_post_title":"","_kad_post_layout":"","_kad_post_sidebar_id":"","_kad_post_content_style":"","_kad_post_vertical_padding":"","_kad_post_feature":"","_kad_post_feature_position":"","_kad_post_header":false,"_kad_post_footer":false,"_kad_post_classname":""},"product_brand":[],"product_cat":[14946],"product_tag":[],"class_list":{"0":"post-116013","1":"product","2":"type-product","3":"status-publish","4":"has-post-thumbnail","6":"product_cat-bahce-aydinlatmasi-bahce-aydinlatmasi","8":"first","9":"instock","10":"purchasable","11":"product-type-simple","12":"entry","13":"content-bg","14":"loop-entry"},"_links":{"self":[{"href":"https:\/\/www.hediyepazar.com\/index.php?rest_route=\/wp\/v2\/product\/116013","targetHints":{"allow":["GET"]}}],"collection":[{"href":"https:\/\/www.hediyepazar.com\/index.php?rest_route=\/wp\/v2\/product"}],"about":[{"href":"https:\/\/www.hediyepazar.com\/index.php?rest_route=\/wp\/v2\/types\/product"}],"replies":[{"embeddable":true,"href":"https:\/\/www.hediyepazar.com\/index.php?rest_route=%2Fwp%2Fv2%2Fcomments&post=116013"}],"wp:featuredmedia":[{"embeddable":true,"href":"https:\/\/www.hediyepazar.com\/index.php?rest_route=\/wp\/v2\/media\/116012"}],"wp:attachment":[{"href":"https:\/\/www.hediyepazar.com\/index.php?rest_route=%2Fwp%2Fv2%2Fmedia&parent=116013"}],"wp:term":[{"taxonomy":"product_brand","embeddable":true,"href":"https:\/\/www.hediyepazar.com\/index.php?rest_route=%2Fwp%2Fv2%2Fproduct_brand&post=116013"},{"taxonomy":"product_cat","embeddable":true,"href":"https:\/\/www.hediyepazar.com\/index.php?rest_route=%2Fwp%2Fv2%2Fproduct_cat&post=116013"},{"taxonomy":"product_tag","embeddable":true,"href":"https:\/\/www.hediyepazar.com\/index.php?rest_route=%2Fwp%2Fv2%2Fproduct_tag&post=116013"}],"curies":[{"name":"wp","href":"https:\/\/api.w.org\/{rel}","templated":true}]}}