{"id":116015,"date":"2026-05-05T16:13:07","date_gmt":"2026-05-05T19:13:07","guid":{"rendered":"https:\/\/www.hediyepazar.com\/?product=hizli-sarj-ozellikli-3-usb-girisli-uclu-priz"},"modified":"2026-05-05T16:13:07","modified_gmt":"2026-05-05T19:13:07","slug":"hizli-sarj-ozellikli-3-usb-girisli-uclu-priz","status":"publish","type":"product","link":"https:\/\/www.hediyepazar.com\/?product=hizli-sarj-ozellikli-3-usb-girisli-uclu-priz","title":{"rendered":"H\u0131zl\u0131 \u015earj \u00d6zellikli 3 USB Giri\u015fli \u00dc\u00e7l\u00fc Priz"},"content":{"rendered":"<p>H\u0131zl\u0131 \u015farj \u00f6zelli\u011fine sahip bu \u00fc\u00e7l\u00fc priz, ayn\u0131 anda telefon, tablet ve di\u011fer USB destekli cihazlar\u0131n\u0131z\u0131 \u015farj etmenize olanak tan\u0131r. \u00dc\u00e7 priz \u00e7\u0131k\u0131\u015f\u0131 ile birlikte toplamda 7 cihaz\u0131n\u0131z\u0131 ayn\u0131 anda kullanabilirsiniz. G\u00fcvenlik odakl\u0131 tasar\u0131m\u0131yla ak\u0131m korumas\u0131 sa\u011flayarak cihazlar\u0131n\u0131z\u0131 voltaj dalgalanmalar\u0131na kar\u015f\u0131 korur. G\u00fc\u00e7 d\u00fc\u011fmesi sayesinde enerji tasarrufu yapabilir, gereksiz elektrik kullan\u0131m\u0131n\u0131 engelleyebilirsiniz. 2 metre kablo uzunlu\u011fu ile kullan\u0131m kolayl\u0131\u011f\u0131 sa\u011flar. Siyah \u015f\u0131k tasar\u0131m\u0131 modern g\u00f6r\u00fcn\u00fcme katk\u0131 sa\u011flar. Hem ev hem de ofis ortam\u0131 i\u00e7in uygundur.<\/p>\n","protected":false},"excerpt":{"rendered":"<p>H\u0131zl\u0131 \u015farj \u00f6zelli\u011fine sahip bu \u00fc\u00e7l\u00fc priz, ayn\u0131 anda telefon, tablet ve di\u011fer USB destekli cihazlar\u0131n\u0131z\u0131 \u015farj etmenize olanak tan\u0131r. \u00dc\u00e7 priz \u00e7\u0131k\u0131\u015f\u0131 ile birlikte toplamda 7 cihaz\u0131n\u0131z\u0131 ayn\u0131 anda kullanabilirsiniz. G\u00fcvenlik odakl\u0131 tasar\u0131m\u0131yla ak\u0131m korumas\u0131 sa\u011flayarak cihazlar\u0131n\u0131z\u0131 voltaj dalgalanmalar\u0131na kar\u015f\u0131 korur. G\u00fc\u00e7 d\u00fc\u011fmesi sayesinde enerji tasarrufu yapabilir, gereksiz elektrik kullan\u0131m\u0131n\u0131 engelleyebilirsiniz. 2 metre kablo&#8230;<\/p>\n","protected":false},"featured_media":116014,"comment_status":"open","ping_status":"closed","template":"","meta":{"_kad_post_transparent":"","_kad_post_title":"","_kad_post_layout":"","_kad_post_sidebar_id":"","_kad_post_content_style":"","_kad_post_vertical_padding":"","_kad_post_feature":"","_kad_post_feature_position":"","_kad_post_header":false,"_kad_post_footer":false,"_kad_post_classname":""},"product_brand":[],"product_cat":[14975],"product_tag":[],"class_list":{"0":"post-116015","1":"product","2":"type-product","3":"status-publish","4":"has-post-thumbnail","6":"product_cat-sarj-aletleri-sarj-aletleri","8":"first","9":"instock","10":"purchasable","11":"product-type-simple","12":"entry","13":"content-bg","14":"loop-entry"},"_links":{"self":[{"href":"https:\/\/www.hediyepazar.com\/index.php?rest_route=\/wp\/v2\/product\/116015","targetHints":{"allow":["GET"]}}],"collection":[{"href":"https:\/\/www.hediyepazar.com\/index.php?rest_route=\/wp\/v2\/product"}],"about":[{"href":"https:\/\/www.hediyepazar.com\/index.php?rest_route=\/wp\/v2\/types\/product"}],"replies":[{"embeddable":true,"href":"https:\/\/www.hediyepazar.com\/index.php?rest_route=%2Fwp%2Fv2%2Fcomments&post=116015"}],"wp:featuredmedia":[{"embeddable":true,"href":"https:\/\/www.hediyepazar.com\/index.php?rest_route=\/wp\/v2\/media\/116014"}],"wp:attachment":[{"href":"https:\/\/www.hediyepazar.com\/index.php?rest_route=%2Fwp%2Fv2%2Fmedia&parent=116015"}],"wp:term":[{"taxonomy":"product_brand","embeddable":true,"href":"https:\/\/www.hediyepazar.com\/index.php?rest_route=%2Fwp%2Fv2%2Fproduct_brand&post=116015"},{"taxonomy":"product_cat","embeddable":true,"href":"https:\/\/www.hediyepazar.com\/index.php?rest_route=%2Fwp%2Fv2%2Fproduct_cat&post=116015"},{"taxonomy":"product_tag","embeddable":true,"href":"https:\/\/www.hediyepazar.com\/index.php?rest_route=%2Fwp%2Fv2%2Fproduct_tag&post=116015"}],"curies":[{"name":"wp","href":"https:\/\/api.w.org\/{rel}","templated":true}]}}