{"id":116017,"date":"2026-05-05T16:13:20","date_gmt":"2026-05-05T19:13:20","guid":{"rendered":"https:\/\/www.hediyepazar.com\/?product=2-metre-kablolu-3-usb-portlu-anahtarli-uclu-priz"},"modified":"2026-05-05T16:13:20","modified_gmt":"2026-05-05T19:13:20","slug":"2-metre-kablolu-3-usb-portlu-anahtarli-uclu-priz","status":"publish","type":"product","link":"https:\/\/www.hediyepazar.com\/?product=2-metre-kablolu-3-usb-portlu-anahtarli-uclu-priz","title":{"rendered":"2 Metre Kablolu 3 USB Portlu Anahtarl\u0131 \u00dc\u00e7l\u00fc Priz"},"content":{"rendered":"<p>Bu \u00fc\u00e7l\u00fc priz, 3 USB portu ve 3 priz \u00e7\u0131k\u0131\u015f\u0131 ile ayn\u0131 anda birden fazla cihaz\u0131n\u0131z\u0131 \u015farj etmenizi ve kullanman\u0131z\u0131 sa\u011flar. H\u0131zl\u0131 \u015farj \u00f6zelli\u011fi sayesinde cihazlar\u0131n\u0131z adapt\u00f6r gerekmeden do\u011frudan USB portlar\u0131ndan \u015farj edilebilir. Ak\u0131m koruma \u00f6zelli\u011fi, elektrik dalgalanmalar\u0131na kar\u015f\u0131 cihazlar\u0131n\u0131z\u0131 g\u00fcvenle korur. Anahtar\u0131 sayesinde elektrik ak\u0131m\u0131n\u0131 istedi\u011finiz zaman kolayca kesebilirsiniz. 2 metre kablosu sayesinde geni\u015f alanlarda rahat kullan\u0131m sunar. Kompakt boyutlar\u0131yla fazla yer kaplamaz ve kolay ta\u015f\u0131nabilir. Dayan\u0131kl\u0131 malzeme yap\u0131s\u0131 uzun s\u00fcreli g\u00fcvenilir kullan\u0131m sa\u011flar.<\/p>\n","protected":false},"excerpt":{"rendered":"<p>Bu \u00fc\u00e7l\u00fc priz, 3 USB portu ve 3 priz \u00e7\u0131k\u0131\u015f\u0131 ile ayn\u0131 anda birden fazla cihaz\u0131n\u0131z\u0131 \u015farj etmenizi ve kullanman\u0131z\u0131 sa\u011flar. H\u0131zl\u0131 \u015farj \u00f6zelli\u011fi sayesinde cihazlar\u0131n\u0131z adapt\u00f6r gerekmeden do\u011frudan USB portlar\u0131ndan \u015farj edilebilir. Ak\u0131m koruma \u00f6zelli\u011fi, elektrik dalgalanmalar\u0131na kar\u015f\u0131 cihazlar\u0131n\u0131z\u0131 g\u00fcvenle korur. Anahtar\u0131 sayesinde elektrik ak\u0131m\u0131n\u0131 istedi\u011finiz zaman kolayca kesebilirsiniz. 2 metre kablosu sayesinde geni\u015f&#8230;<\/p>\n","protected":false},"featured_media":116016,"comment_status":"open","ping_status":"closed","template":"","meta":{"_kad_post_transparent":"","_kad_post_title":"","_kad_post_layout":"","_kad_post_sidebar_id":"","_kad_post_content_style":"","_kad_post_vertical_padding":"","_kad_post_feature":"","_kad_post_feature_position":"","_kad_post_header":false,"_kad_post_footer":false,"_kad_post_classname":""},"product_brand":[],"product_cat":[14975],"product_tag":[],"class_list":{"0":"post-116017","1":"product","2":"type-product","3":"status-publish","4":"has-post-thumbnail","6":"product_cat-sarj-aletleri-sarj-aletleri","8":"first","9":"instock","10":"purchasable","11":"product-type-simple","12":"entry","13":"content-bg","14":"loop-entry"},"_links":{"self":[{"href":"https:\/\/www.hediyepazar.com\/index.php?rest_route=\/wp\/v2\/product\/116017","targetHints":{"allow":["GET"]}}],"collection":[{"href":"https:\/\/www.hediyepazar.com\/index.php?rest_route=\/wp\/v2\/product"}],"about":[{"href":"https:\/\/www.hediyepazar.com\/index.php?rest_route=\/wp\/v2\/types\/product"}],"replies":[{"embeddable":true,"href":"https:\/\/www.hediyepazar.com\/index.php?rest_route=%2Fwp%2Fv2%2Fcomments&post=116017"}],"wp:featuredmedia":[{"embeddable":true,"href":"https:\/\/www.hediyepazar.com\/index.php?rest_route=\/wp\/v2\/media\/116016"}],"wp:attachment":[{"href":"https:\/\/www.hediyepazar.com\/index.php?rest_route=%2Fwp%2Fv2%2Fmedia&parent=116017"}],"wp:term":[{"taxonomy":"product_brand","embeddable":true,"href":"https:\/\/www.hediyepazar.com\/index.php?rest_route=%2Fwp%2Fv2%2Fproduct_brand&post=116017"},{"taxonomy":"product_cat","embeddable":true,"href":"https:\/\/www.hediyepazar.com\/index.php?rest_route=%2Fwp%2Fv2%2Fproduct_cat&post=116017"},{"taxonomy":"product_tag","embeddable":true,"href":"https:\/\/www.hediyepazar.com\/index.php?rest_route=%2Fwp%2Fv2%2Fproduct_tag&post=116017"}],"curies":[{"name":"wp","href":"https:\/\/api.w.org\/{rel}","templated":true}]}}