{"id":116019,"date":"2026-05-05T16:14:05","date_gmt":"2026-05-05T19:14:05","guid":{"rendered":"https:\/\/www.hediyepazar.com\/?product=akim-korumali-anahtarli-usb-girisli-uclu-priz"},"modified":"2026-05-05T16:14:05","modified_gmt":"2026-05-05T19:14:05","slug":"akim-korumali-anahtarli-usb-girisli-uclu-priz","status":"publish","type":"product","link":"https:\/\/www.hediyepazar.com\/?product=akim-korumali-anahtarli-usb-girisli-uclu-priz","title":{"rendered":"Ak\u0131m Korumal\u0131 Anahtarl\u0131 USB Giri\u015fli \u00dc\u00e7l\u00fc Priz"},"content":{"rendered":"<p>Ak\u0131m korumal\u0131 anahtarl\u0131 \u00fc\u00e7l\u00fc priz, elektronik cihazlar\u0131n\u0131z\u0131 y\u00fcksek voltajdan ve ani elektrik dalgalanmalar\u0131ndan korumak i\u00e7in tasarlanm\u0131\u015ft\u0131r. \u00dc\u00e7 adet priz \u00e7\u0131k\u0131\u015f\u0131 ve \u00fc\u00e7 adet USB portu ile ayn\u0131 anda birden fazla cihaz\u0131 g\u00fcvenle kullanabilirsiniz. USB portlar\u0131, 2.0A h\u0131zl\u0131 \u015farj deste\u011fi ile telefon ve tabletlerinizi k\u0131sa s\u00fcrede \u015farj etmenize olanak tan\u0131r. G\u00fc\u00e7 kontrol anahtar\u0131 sayesinde prize ba\u011fl\u0131 cihazlar\u0131n elektri\u011fini tek tu\u015fla kesebilirsiniz. 2 metre uzunlu\u011fundaki kablosu ile esnek kullan\u0131m sa\u011flar. \u015e\u0131k siyah tasar\u0131m\u0131, hem ev hem de ofis dekorasyonuna uyum sa\u011flar. Dayan\u0131kl\u0131 yap\u0131s\u0131yla uzun \u00f6m\u00fcrl\u00fcd\u00fcr ve g\u00fcvenli kullan\u0131m imk\u00e2n\u0131 sunar.<\/p>\n","protected":false},"excerpt":{"rendered":"<p>Ak\u0131m korumal\u0131 anahtarl\u0131 \u00fc\u00e7l\u00fc priz, elektronik cihazlar\u0131n\u0131z\u0131 y\u00fcksek voltajdan ve ani elektrik dalgalanmalar\u0131ndan korumak i\u00e7in tasarlanm\u0131\u015ft\u0131r. \u00dc\u00e7 adet priz \u00e7\u0131k\u0131\u015f\u0131 ve \u00fc\u00e7 adet USB portu ile ayn\u0131 anda birden fazla cihaz\u0131 g\u00fcvenle kullanabilirsiniz. USB portlar\u0131, 2.0A h\u0131zl\u0131 \u015farj deste\u011fi ile telefon ve tabletlerinizi k\u0131sa s\u00fcrede \u015farj etmenize olanak tan\u0131r. G\u00fc\u00e7 kontrol anahtar\u0131 sayesinde prize ba\u011fl\u0131&#8230;<\/p>\n","protected":false},"featured_media":116018,"comment_status":"open","ping_status":"closed","template":"","meta":{"_kad_post_transparent":"","_kad_post_title":"","_kad_post_layout":"","_kad_post_sidebar_id":"","_kad_post_content_style":"","_kad_post_vertical_padding":"","_kad_post_feature":"","_kad_post_feature_position":"","_kad_post_header":false,"_kad_post_footer":false,"_kad_post_classname":""},"product_brand":[],"product_cat":[14975],"product_tag":[],"class_list":{"0":"post-116019","1":"product","2":"type-product","3":"status-publish","4":"has-post-thumbnail","6":"product_cat-sarj-aletleri-sarj-aletleri","8":"first","9":"instock","10":"purchasable","11":"product-type-simple","12":"entry","13":"content-bg","14":"loop-entry"},"_links":{"self":[{"href":"https:\/\/www.hediyepazar.com\/index.php?rest_route=\/wp\/v2\/product\/116019","targetHints":{"allow":["GET"]}}],"collection":[{"href":"https:\/\/www.hediyepazar.com\/index.php?rest_route=\/wp\/v2\/product"}],"about":[{"href":"https:\/\/www.hediyepazar.com\/index.php?rest_route=\/wp\/v2\/types\/product"}],"replies":[{"embeddable":true,"href":"https:\/\/www.hediyepazar.com\/index.php?rest_route=%2Fwp%2Fv2%2Fcomments&post=116019"}],"wp:featuredmedia":[{"embeddable":true,"href":"https:\/\/www.hediyepazar.com\/index.php?rest_route=\/wp\/v2\/media\/116018"}],"wp:attachment":[{"href":"https:\/\/www.hediyepazar.com\/index.php?rest_route=%2Fwp%2Fv2%2Fmedia&parent=116019"}],"wp:term":[{"taxonomy":"product_brand","embeddable":true,"href":"https:\/\/www.hediyepazar.com\/index.php?rest_route=%2Fwp%2Fv2%2Fproduct_brand&post=116019"},{"taxonomy":"product_cat","embeddable":true,"href":"https:\/\/www.hediyepazar.com\/index.php?rest_route=%2Fwp%2Fv2%2Fproduct_cat&post=116019"},{"taxonomy":"product_tag","embeddable":true,"href":"https:\/\/www.hediyepazar.com\/index.php?rest_route=%2Fwp%2Fv2%2Fproduct_tag&post=116019"}],"curies":[{"name":"wp","href":"https:\/\/api.w.org\/{rel}","templated":true}]}}