{"id":116021,"date":"2026-05-05T16:14:13","date_gmt":"2026-05-05T19:14:13","guid":{"rendered":"https:\/\/www.hediyepazar.com\/?product=3-usb-cikisli-hizli-sarjli-anahtarli-uclu-priz"},"modified":"2026-05-05T16:14:13","modified_gmt":"2026-05-05T19:14:13","slug":"3-usb-cikisli-hizli-sarjli-anahtarli-uclu-priz","status":"publish","type":"product","link":"https:\/\/www.hediyepazar.com\/?product=3-usb-cikisli-hizli-sarjli-anahtarli-uclu-priz","title":{"rendered":"3 USB \u00c7\u0131k\u0131\u015fl\u0131 H\u0131zl\u0131 \u015earjl\u0131 Anahtarl\u0131 \u00dc\u00e7l\u00fc Priz"},"content":{"rendered":"<p>Bu \u00fc\u00e7l\u00fc priz, 3 adet USB portu ile ekstra adapt\u00f6r ihtiyac\u0131n\u0131 ortadan kald\u0131rarak cihazlar\u0131n\u0131z\u0131 h\u0131zl\u0131 ve g\u00fcvenli bir \u015fekilde \u015farj etmenizi sa\u011flar. Ayn\u0131 anda hem prizleri hem de USB portlar\u0131n\u0131 kullanarak yedi farkl\u0131 cihaz\u0131n\u0131z\u0131 \u00e7al\u0131\u015ft\u0131rabilir ya da \u015farj edebilirsiniz. A\u015f\u0131r\u0131 ak\u0131m ve y\u00fcksek voltaj korumas\u0131 ile elektronik cihazlar\u0131n\u0131z\u0131 ani elektrik dalgalanmalar\u0131ndan korur. G\u00fc\u00e7 d\u00fc\u011fmesi sayesinde tek tu\u015fla elektrik ak\u0131m\u0131n\u0131 kesebilir, g\u00fcvenli\u011fi art\u0131rabilirsiniz. 2 metre kablosu ile geni\u015f bir kullan\u0131m alan\u0131 sunar. Kaliteli malzemesi sayesinde uzun \u00f6m\u00fcrl\u00fc ve g\u00fcvenilir bir kullan\u0131m sa\u011flar. Kompakt yap\u0131s\u0131yla kolay ta\u015f\u0131nabilir ve ev, ofis veya seyahatlerde pratik bir \u00e7\u00f6z\u00fcm sunar.<\/p>\n","protected":false},"excerpt":{"rendered":"<p>Bu \u00fc\u00e7l\u00fc priz, 3 adet USB portu ile ekstra adapt\u00f6r ihtiyac\u0131n\u0131 ortadan kald\u0131rarak cihazlar\u0131n\u0131z\u0131 h\u0131zl\u0131 ve g\u00fcvenli bir \u015fekilde \u015farj etmenizi sa\u011flar. Ayn\u0131 anda hem prizleri hem de USB portlar\u0131n\u0131 kullanarak yedi farkl\u0131 cihaz\u0131n\u0131z\u0131 \u00e7al\u0131\u015ft\u0131rabilir ya da \u015farj edebilirsiniz. A\u015f\u0131r\u0131 ak\u0131m ve y\u00fcksek voltaj korumas\u0131 ile elektronik cihazlar\u0131n\u0131z\u0131 ani elektrik dalgalanmalar\u0131ndan korur. G\u00fc\u00e7 d\u00fc\u011fmesi sayesinde&#8230;<\/p>\n","protected":false},"featured_media":116020,"comment_status":"open","ping_status":"closed","template":"","meta":{"_kad_post_transparent":"","_kad_post_title":"","_kad_post_layout":"","_kad_post_sidebar_id":"","_kad_post_content_style":"","_kad_post_vertical_padding":"","_kad_post_feature":"","_kad_post_feature_position":"","_kad_post_header":false,"_kad_post_footer":false,"_kad_post_classname":""},"product_brand":[],"product_cat":[14975],"product_tag":[],"class_list":{"0":"post-116021","1":"product","2":"type-product","3":"status-publish","4":"has-post-thumbnail","6":"product_cat-sarj-aletleri-sarj-aletleri","8":"first","9":"instock","10":"purchasable","11":"product-type-simple","12":"entry","13":"content-bg","14":"loop-entry"},"_links":{"self":[{"href":"https:\/\/www.hediyepazar.com\/index.php?rest_route=\/wp\/v2\/product\/116021","targetHints":{"allow":["GET"]}}],"collection":[{"href":"https:\/\/www.hediyepazar.com\/index.php?rest_route=\/wp\/v2\/product"}],"about":[{"href":"https:\/\/www.hediyepazar.com\/index.php?rest_route=\/wp\/v2\/types\/product"}],"replies":[{"embeddable":true,"href":"https:\/\/www.hediyepazar.com\/index.php?rest_route=%2Fwp%2Fv2%2Fcomments&post=116021"}],"wp:featuredmedia":[{"embeddable":true,"href":"https:\/\/www.hediyepazar.com\/index.php?rest_route=\/wp\/v2\/media\/116020"}],"wp:attachment":[{"href":"https:\/\/www.hediyepazar.com\/index.php?rest_route=%2Fwp%2Fv2%2Fmedia&parent=116021"}],"wp:term":[{"taxonomy":"product_brand","embeddable":true,"href":"https:\/\/www.hediyepazar.com\/index.php?rest_route=%2Fwp%2Fv2%2Fproduct_brand&post=116021"},{"taxonomy":"product_cat","embeddable":true,"href":"https:\/\/www.hediyepazar.com\/index.php?rest_route=%2Fwp%2Fv2%2Fproduct_cat&post=116021"},{"taxonomy":"product_tag","embeddable":true,"href":"https:\/\/www.hediyepazar.com\/index.php?rest_route=%2Fwp%2Fv2%2Fproduct_tag&post=116021"}],"curies":[{"name":"wp","href":"https:\/\/api.w.org\/{rel}","templated":true}]}}