{"id":116023,"date":"2026-05-05T16:14:21","date_gmt":"2026-05-05T19:14:21","guid":{"rendered":"https:\/\/www.hediyepazar.com\/?product=usb-yuvali-anahtarli-uclu-priz-2-metre-kablolu"},"modified":"2026-05-05T16:14:21","modified_gmt":"2026-05-05T19:14:21","slug":"usb-yuvali-anahtarli-uclu-priz-2-metre-kablolu","status":"publish","type":"product","link":"https:\/\/www.hediyepazar.com\/?product=usb-yuvali-anahtarli-uclu-priz-2-metre-kablolu","title":{"rendered":"USB Yuval\u0131 Anahtarl\u0131 \u00dc\u00e7l\u00fc Priz 2 Metre Kablolu"},"content":{"rendered":"<p>USB yuval\u0131 anahtarl\u0131 \u00fc\u00e7l\u00fc priz, ev ve ofislerde birden fazla cihaz\u0131 ayn\u0131 anda g\u00fcvenli bir \u015fekilde kullanman\u0131za olanak tan\u0131r. \u00dc\u00e7 adet priz \u00e7\u0131k\u0131\u015f\u0131 ve \u00fc\u00e7 adet USB portu sayesinde telefon, tablet, bilgisayar, televizyon ve di\u011fer elektronik cihazlar\u0131n\u0131z\u0131 ayn\u0131 anda \u00e7al\u0131\u015ft\u0131rabilir ve \u015farj edebilirsiniz. USB portlar\u0131, cihazlar\u0131n\u0131z\u0131 otomatik olarak tan\u0131yarak 2.0A de\u011ferinde h\u0131zl\u0131 \u015farj deste\u011fi sa\u011flar. Anahtar \u00f6zelli\u011fi sayesinde prizi kapat\u0131p a\u00e7abilir, gereksiz elektrik kullan\u0131m\u0131n\u0131 \u00f6nleyebilirsiniz. Ak\u0131m koruma \u00f6zelli\u011fi, ani voltaj de\u011fi\u015fimlerine kar\u015f\u0131 cihazlar\u0131n\u0131z\u0131 g\u00fcvenle korur. Dayan\u0131kl\u0131 malzemeden \u00fcretilmi\u015f olup uzun \u00f6m\u00fcrl\u00fc kullan\u0131m sa\u011flar. 2 metre kablo uzunlu\u011fu sayesinde geni\u015f kullan\u0131m alan\u0131 sunar ve cihazlar\u0131n\u0131za rahat eri\u015fim imk\u00e2n\u0131 tan\u0131r. Kompakt ve \u015f\u0131k tasar\u0131m\u0131yla dekorasyonunuza uyum sa\u011flar.<\/p>\n","protected":false},"excerpt":{"rendered":"<p>USB yuval\u0131 anahtarl\u0131 \u00fc\u00e7l\u00fc priz, ev ve ofislerde birden fazla cihaz\u0131 ayn\u0131 anda g\u00fcvenli bir \u015fekilde kullanman\u0131za olanak tan\u0131r. \u00dc\u00e7 adet priz \u00e7\u0131k\u0131\u015f\u0131 ve \u00fc\u00e7 adet USB portu sayesinde telefon, tablet, bilgisayar, televizyon ve di\u011fer elektronik cihazlar\u0131n\u0131z\u0131 ayn\u0131 anda \u00e7al\u0131\u015ft\u0131rabilir ve \u015farj edebilirsiniz. USB portlar\u0131, cihazlar\u0131n\u0131z\u0131 otomatik olarak tan\u0131yarak 2.0A de\u011ferinde h\u0131zl\u0131 \u015farj deste\u011fi sa\u011flar&#8230;.<\/p>\n","protected":false},"featured_media":116022,"comment_status":"open","ping_status":"closed","template":"","meta":{"_kad_post_transparent":"","_kad_post_title":"","_kad_post_layout":"","_kad_post_sidebar_id":"","_kad_post_content_style":"","_kad_post_vertical_padding":"","_kad_post_feature":"","_kad_post_feature_position":"","_kad_post_header":false,"_kad_post_footer":false,"_kad_post_classname":""},"product_brand":[],"product_cat":[14975],"product_tag":[],"class_list":{"0":"post-116023","1":"product","2":"type-product","3":"status-publish","4":"has-post-thumbnail","6":"product_cat-sarj-aletleri-sarj-aletleri","8":"first","9":"instock","10":"purchasable","11":"product-type-simple","12":"entry","13":"content-bg","14":"loop-entry"},"_links":{"self":[{"href":"https:\/\/www.hediyepazar.com\/index.php?rest_route=\/wp\/v2\/product\/116023","targetHints":{"allow":["GET"]}}],"collection":[{"href":"https:\/\/www.hediyepazar.com\/index.php?rest_route=\/wp\/v2\/product"}],"about":[{"href":"https:\/\/www.hediyepazar.com\/index.php?rest_route=\/wp\/v2\/types\/product"}],"replies":[{"embeddable":true,"href":"https:\/\/www.hediyepazar.com\/index.php?rest_route=%2Fwp%2Fv2%2Fcomments&post=116023"}],"wp:featuredmedia":[{"embeddable":true,"href":"https:\/\/www.hediyepazar.com\/index.php?rest_route=\/wp\/v2\/media\/116022"}],"wp:attachment":[{"href":"https:\/\/www.hediyepazar.com\/index.php?rest_route=%2Fwp%2Fv2%2Fmedia&parent=116023"}],"wp:term":[{"taxonomy":"product_brand","embeddable":true,"href":"https:\/\/www.hediyepazar.com\/index.php?rest_route=%2Fwp%2Fv2%2Fproduct_brand&post=116023"},{"taxonomy":"product_cat","embeddable":true,"href":"https:\/\/www.hediyepazar.com\/index.php?rest_route=%2Fwp%2Fv2%2Fproduct_cat&post=116023"},{"taxonomy":"product_tag","embeddable":true,"href":"https:\/\/www.hediyepazar.com\/index.php?rest_route=%2Fwp%2Fv2%2Fproduct_tag&post=116023"}],"curies":[{"name":"wp","href":"https:\/\/api.w.org\/{rel}","templated":true}]}}