{"id":116027,"date":"2026-05-05T16:15:18","date_gmt":"2026-05-05T19:15:18","guid":{"rendered":"https:\/\/www.hediyepazar.com\/?product=7-cihazi-ayni-anda-destekleyen-3-usb-portlu-4lu-priz"},"modified":"2026-05-05T16:15:18","modified_gmt":"2026-05-05T19:15:18","slug":"7-cihazi-ayni-anda-destekleyen-3-usb-portlu-4lu-priz","status":"publish","type":"product","link":"https:\/\/www.hediyepazar.com\/?product=7-cihazi-ayni-anda-destekleyen-3-usb-portlu-4lu-priz","title":{"rendered":"7 Cihaz\u0131 Ayn\u0131 Anda Destekleyen 3 USB Portlu 4\u2019l\u00fc Priz"},"content":{"rendered":"<p>Elektrikli cihazlar\u0131n\u0131z\u0131 g\u00fcvenle kullanman\u0131n yan\u0131 s\u0131ra h\u0131zl\u0131 \u015farj avantaj\u0131 sa\u011flayan bu 4\u2019l\u00fc priz, 3 USB portu ile birlikte toplamda 7 cihaz\u0131 ayn\u0131 anda destekler. 4.1A h\u0131zl\u0131 \u015farj \u00f6zelli\u011fi, telefonlar\u0131n\u0131z\u0131 adapt\u00f6rs\u00fcz \u015fekilde, yaln\u0131zca kablo ile pratik bir \u015fekilde \u015farj etmenizi m\u00fcmk\u00fcn k\u0131lar. Ak\u0131m koruma \u00f6zelli\u011fi sayesinde cihazlar\u0131n\u0131z ani voltaj de\u011fi\u015fimlerinden, elektrik dalgalanmalar\u0131ndan ve a\u015f\u0131r\u0131 y\u00fcklenmelerden korunur. 2 metrelik kablo uzunlu\u011fu kullan\u0131m kolayl\u0131\u011f\u0131 sunarken, a\u00e7ma-kapama anahtar\u0131 ile enerji tasarrufu ve g\u00fcvenlik sa\u011flar. 2500W g\u00fcce kadar destek sunan bu ak\u0131ll\u0131 priz, hem ev hem de ofis ortamlar\u0131nda kullan\u0131m i\u00e7in uygundur. Modern ve kompakt tasar\u0131m\u0131yla masan\u0131zda fazla yer kaplamaz, ta\u015f\u0131nabilir yap\u0131s\u0131yla seyahatlerde yan\u0131n\u0131zda ta\u015f\u0131yabilirsiniz. Pratik, g\u00fcvenli ve g\u00fc\u00e7l\u00fc bir \u00e7\u00f6z\u00fcm sunan bu priz, teknolojik cihazlar\u0131n\u0131z\u0131 korurken ayn\u0131 zamanda h\u0131zl\u0131 \u015farj imk\u00e2n\u0131 sa\u011flar.<\/p>\n","protected":false},"excerpt":{"rendered":"<p>Elektrikli cihazlar\u0131n\u0131z\u0131 g\u00fcvenle kullanman\u0131n yan\u0131 s\u0131ra h\u0131zl\u0131 \u015farj avantaj\u0131 sa\u011flayan bu 4\u2019l\u00fc priz, 3 USB portu ile birlikte toplamda 7 cihaz\u0131 ayn\u0131 anda destekler. 4.1A h\u0131zl\u0131 \u015farj \u00f6zelli\u011fi, telefonlar\u0131n\u0131z\u0131 adapt\u00f6rs\u00fcz \u015fekilde, yaln\u0131zca kablo ile pratik bir \u015fekilde \u015farj etmenizi m\u00fcmk\u00fcn k\u0131lar. Ak\u0131m koruma \u00f6zelli\u011fi sayesinde cihazlar\u0131n\u0131z ani voltaj de\u011fi\u015fimlerinden, elektrik dalgalanmalar\u0131ndan ve a\u015f\u0131r\u0131 y\u00fcklenmelerden korunur&#8230;.<\/p>\n","protected":false},"featured_media":116026,"comment_status":"open","ping_status":"closed","template":"","meta":{"_kad_post_transparent":"","_kad_post_title":"","_kad_post_layout":"","_kad_post_sidebar_id":"","_kad_post_content_style":"","_kad_post_vertical_padding":"","_kad_post_feature":"","_kad_post_feature_position":"","_kad_post_header":false,"_kad_post_footer":false,"_kad_post_classname":""},"product_brand":[],"product_cat":[14975],"product_tag":[],"class_list":{"0":"post-116027","1":"product","2":"type-product","3":"status-publish","4":"has-post-thumbnail","6":"product_cat-sarj-aletleri-sarj-aletleri","8":"first","9":"instock","10":"purchasable","11":"product-type-simple","12":"entry","13":"content-bg","14":"loop-entry"},"_links":{"self":[{"href":"https:\/\/www.hediyepazar.com\/index.php?rest_route=\/wp\/v2\/product\/116027","targetHints":{"allow":["GET"]}}],"collection":[{"href":"https:\/\/www.hediyepazar.com\/index.php?rest_route=\/wp\/v2\/product"}],"about":[{"href":"https:\/\/www.hediyepazar.com\/index.php?rest_route=\/wp\/v2\/types\/product"}],"replies":[{"embeddable":true,"href":"https:\/\/www.hediyepazar.com\/index.php?rest_route=%2Fwp%2Fv2%2Fcomments&post=116027"}],"wp:featuredmedia":[{"embeddable":true,"href":"https:\/\/www.hediyepazar.com\/index.php?rest_route=\/wp\/v2\/media\/116026"}],"wp:attachment":[{"href":"https:\/\/www.hediyepazar.com\/index.php?rest_route=%2Fwp%2Fv2%2Fmedia&parent=116027"}],"wp:term":[{"taxonomy":"product_brand","embeddable":true,"href":"https:\/\/www.hediyepazar.com\/index.php?rest_route=%2Fwp%2Fv2%2Fproduct_brand&post=116027"},{"taxonomy":"product_cat","embeddable":true,"href":"https:\/\/www.hediyepazar.com\/index.php?rest_route=%2Fwp%2Fv2%2Fproduct_cat&post=116027"},{"taxonomy":"product_tag","embeddable":true,"href":"https:\/\/www.hediyepazar.com\/index.php?rest_route=%2Fwp%2Fv2%2Fproduct_tag&post=116027"}],"curies":[{"name":"wp","href":"https:\/\/api.w.org\/{rel}","templated":true}]}}