{"id":116029,"date":"2026-05-05T16:15:26","date_gmt":"2026-05-05T19:15:26","guid":{"rendered":"https:\/\/www.hediyepazar.com\/?product=4-prizli-3-usb-portlu-anahtarli-akim-korumali-priz"},"modified":"2026-05-05T16:15:26","modified_gmt":"2026-05-05T19:15:26","slug":"4-prizli-3-usb-portlu-anahtarli-akim-korumali-priz","status":"publish","type":"product","link":"https:\/\/www.hediyepazar.com\/?product=4-prizli-3-usb-portlu-anahtarli-akim-korumali-priz","title":{"rendered":"4 Prizli 3 USB Portlu Anahtarl\u0131 Ak\u0131m Korumal\u0131 Priz"},"content":{"rendered":"<p>Ev ve ofis kullan\u0131m\u0131nda ihtiya\u00e7 duydu\u011funuz t\u00fcm g\u00fcvenlik ve pratikli\u011fi bir arada sunan bu ak\u0131ll\u0131 priz, 4 adet priz \u00e7\u0131k\u0131\u015f\u0131 ve 3 adet USB portu ile toplamda 7 cihaz\u0131 ayn\u0131 anda kullanma imk\u00e2n\u0131 tan\u0131r. 4.1A h\u0131zl\u0131 \u015farj \u00f6zelli\u011fi ile telefon, tablet ve di\u011fer mobil cihazlar\u0131n\u0131z\u0131 adapt\u00f6rs\u00fcz h\u0131zl\u0131ca \u015farj edebilirsiniz. Ak\u0131m koruma teknolojisi sayesinde cihazlar\u0131n\u0131z, y\u00fcksek voltaj, dalgalanma ve elektriksel bozulmalardan korunur. 2 metre uzunlu\u011fundaki kablosu, priz yerle\u015fiminde esnek kullan\u0131m sa\u011flar. 2500W \u00e7\u0131k\u0131\u015f g\u00fcc\u00fc ve 250V\/10A kapasitesi ile y\u00fcksek performans sunar. \u00dczerindeki a\u00e7ma-kapama anahtar\u0131 ile enerji kullan\u0131m\u0131n\u0131 kontrol alt\u0131nda tutabilir, g\u00fcvenli\u011fi art\u0131rabilirsiniz. Kompakt ve ta\u015f\u0131nabilir yap\u0131s\u0131yla evinizde, i\u015f yerinizde veya seyahatlerde kolayca kullan\u0131labilir. Modern tasar\u0131m\u0131 sayesinde \u00e7al\u0131\u015fma masan\u0131zda veya oturma odan\u0131zda \u015f\u0131k bir g\u00f6r\u00fcn\u00fcme sahiptir. Hem g\u00fcvenli\u011fi hem de pratikli\u011fi \u00f6n planda tutan bu priz, g\u00fcnl\u00fck kullan\u0131mda size b\u00fcy\u00fck kolayl\u0131k sa\u011flar.<\/p>\n","protected":false},"excerpt":{"rendered":"<p>Ev ve ofis kullan\u0131m\u0131nda ihtiya\u00e7 duydu\u011funuz t\u00fcm g\u00fcvenlik ve pratikli\u011fi bir arada sunan bu ak\u0131ll\u0131 priz, 4 adet priz \u00e7\u0131k\u0131\u015f\u0131 ve 3 adet USB portu ile toplamda 7 cihaz\u0131 ayn\u0131 anda kullanma imk\u00e2n\u0131 tan\u0131r. 4.1A h\u0131zl\u0131 \u015farj \u00f6zelli\u011fi ile telefon, tablet ve di\u011fer mobil cihazlar\u0131n\u0131z\u0131 adapt\u00f6rs\u00fcz h\u0131zl\u0131ca \u015farj edebilirsiniz. Ak\u0131m koruma teknolojisi sayesinde cihazlar\u0131n\u0131z, y\u00fcksek&#8230;<\/p>\n","protected":false},"featured_media":116028,"comment_status":"open","ping_status":"closed","template":"","meta":{"_kad_post_transparent":"","_kad_post_title":"","_kad_post_layout":"","_kad_post_sidebar_id":"","_kad_post_content_style":"","_kad_post_vertical_padding":"","_kad_post_feature":"","_kad_post_feature_position":"","_kad_post_header":false,"_kad_post_footer":false,"_kad_post_classname":""},"product_brand":[],"product_cat":[14975],"product_tag":[],"class_list":{"0":"post-116029","1":"product","2":"type-product","3":"status-publish","4":"has-post-thumbnail","6":"product_cat-sarj-aletleri-sarj-aletleri","8":"first","9":"instock","10":"purchasable","11":"product-type-simple","12":"entry","13":"content-bg","14":"loop-entry"},"_links":{"self":[{"href":"https:\/\/www.hediyepazar.com\/index.php?rest_route=\/wp\/v2\/product\/116029","targetHints":{"allow":["GET"]}}],"collection":[{"href":"https:\/\/www.hediyepazar.com\/index.php?rest_route=\/wp\/v2\/product"}],"about":[{"href":"https:\/\/www.hediyepazar.com\/index.php?rest_route=\/wp\/v2\/types\/product"}],"replies":[{"embeddable":true,"href":"https:\/\/www.hediyepazar.com\/index.php?rest_route=%2Fwp%2Fv2%2Fcomments&post=116029"}],"wp:featuredmedia":[{"embeddable":true,"href":"https:\/\/www.hediyepazar.com\/index.php?rest_route=\/wp\/v2\/media\/116028"}],"wp:attachment":[{"href":"https:\/\/www.hediyepazar.com\/index.php?rest_route=%2Fwp%2Fv2%2Fmedia&parent=116029"}],"wp:term":[{"taxonomy":"product_brand","embeddable":true,"href":"https:\/\/www.hediyepazar.com\/index.php?rest_route=%2Fwp%2Fv2%2Fproduct_brand&post=116029"},{"taxonomy":"product_cat","embeddable":true,"href":"https:\/\/www.hediyepazar.com\/index.php?rest_route=%2Fwp%2Fv2%2Fproduct_cat&post=116029"},{"taxonomy":"product_tag","embeddable":true,"href":"https:\/\/www.hediyepazar.com\/index.php?rest_route=%2Fwp%2Fv2%2Fproduct_tag&post=116029"}],"curies":[{"name":"wp","href":"https:\/\/api.w.org\/{rel}","templated":true}]}}