{"id":116031,"date":"2026-05-05T16:16:07","date_gmt":"2026-05-05T19:16:07","guid":{"rendered":"https:\/\/www.hediyepazar.com\/?product=3-usb-cikisli-4lu-akilli-priz-2500w-2-metre-kablo"},"modified":"2026-05-05T16:16:07","modified_gmt":"2026-05-05T19:16:07","slug":"3-usb-cikisli-4lu-akilli-priz-2500w-2-metre-kablo","status":"publish","type":"product","link":"https:\/\/www.hediyepazar.com\/?product=3-usb-cikisli-4lu-akilli-priz-2500w-2-metre-kablo","title":{"rendered":"3 USB \u00c7\u0131k\u0131\u015fl\u0131 4\u2019l\u00fc Ak\u0131ll\u0131 Priz 2500W 2 Metre Kablo"},"content":{"rendered":"<p>Elektrikli cihazlar\u0131n\u0131z\u0131 g\u00fcvenle kullanman\u0131z i\u00e7in tasarlanan bu 4\u2019l\u00fc priz, ak\u0131m koruma \u00f6zelli\u011fi ile cihazlar\u0131n\u0131z\u0131 y\u00fcksek voltaj, dalgalanma ve elektrik g\u00fcr\u00fclt\u00fclerinden korur. 3 adet USB portu, 4.1A h\u0131zl\u0131 \u015farj \u00f6zelli\u011fi sayesinde ak\u0131ll\u0131 telefon, tablet ve ta\u015f\u0131nabilir cihazlar\u0131n\u0131z\u0131 adapt\u00f6rs\u00fcz h\u0131zl\u0131 \u015farj etmenize imk\u00e2n tan\u0131r. 4 adet priz \u00e7\u0131k\u0131\u015f\u0131 sayesinde bilgisayar, televizyon, ses sistemi ve ev aletlerinizi ayn\u0131 anda g\u00fcvenle ba\u011flayabilirsiniz. Toplamda 7 cihaz\u0131 ayn\u0131 anda kullanabilme avantaj\u0131 sunar. 250V \u2013 10A \u2013 2500W g\u00fcce kadar destek sa\u011flayan bu priz, hem ev hem de ofis kullan\u0131m\u0131na uygundur. 2 metre kablo uzunlu\u011fu ile yerle\u015fim \u00f6zg\u00fcrl\u00fc\u011f\u00fc tan\u0131r. \u00dczerindeki a\u00e7ma-kapama anahtar\u0131 sayesinde kullan\u0131lmad\u0131\u011f\u0131nda enerjiyi keserek g\u00fcvenli\u011fi art\u0131r\u0131r ve enerji tasarrufu sa\u011flar. Kompakt ve \u015f\u0131k tasar\u0131m\u0131yla bulundu\u011fu ortama uyum sa\u011flar. Y\u00fcksek performans\u0131, g\u00fcvenli yap\u0131s\u0131 ve h\u0131zl\u0131 \u015farj \u00f6zelli\u011fiyle, g\u00fcnl\u00fck kullan\u0131mda vazge\u00e7ilmez elektrik yard\u0131mc\u0131n\u0131z olacakt\u0131r.<\/p>\n","protected":false},"excerpt":{"rendered":"<p>Elektrikli cihazlar\u0131n\u0131z\u0131 g\u00fcvenle kullanman\u0131z i\u00e7in tasarlanan bu 4\u2019l\u00fc priz, ak\u0131m koruma \u00f6zelli\u011fi ile cihazlar\u0131n\u0131z\u0131 y\u00fcksek voltaj, dalgalanma ve elektrik g\u00fcr\u00fclt\u00fclerinden korur. 3 adet USB portu, 4.1A h\u0131zl\u0131 \u015farj \u00f6zelli\u011fi sayesinde ak\u0131ll\u0131 telefon, tablet ve ta\u015f\u0131nabilir cihazlar\u0131n\u0131z\u0131 adapt\u00f6rs\u00fcz h\u0131zl\u0131 \u015farj etmenize imk\u00e2n tan\u0131r. 4 adet priz \u00e7\u0131k\u0131\u015f\u0131 sayesinde bilgisayar, televizyon, ses sistemi ve ev aletlerinizi ayn\u0131&#8230;<\/p>\n","protected":false},"featured_media":116030,"comment_status":"open","ping_status":"closed","template":"","meta":{"_kad_post_transparent":"","_kad_post_title":"","_kad_post_layout":"","_kad_post_sidebar_id":"","_kad_post_content_style":"","_kad_post_vertical_padding":"","_kad_post_feature":"","_kad_post_feature_position":"","_kad_post_header":false,"_kad_post_footer":false,"_kad_post_classname":""},"product_brand":[],"product_cat":[14975],"product_tag":[],"class_list":{"0":"post-116031","1":"product","2":"type-product","3":"status-publish","4":"has-post-thumbnail","6":"product_cat-sarj-aletleri-sarj-aletleri","8":"first","9":"instock","10":"purchasable","11":"product-type-simple","12":"entry","13":"content-bg","14":"loop-entry"},"_links":{"self":[{"href":"https:\/\/www.hediyepazar.com\/index.php?rest_route=\/wp\/v2\/product\/116031","targetHints":{"allow":["GET"]}}],"collection":[{"href":"https:\/\/www.hediyepazar.com\/index.php?rest_route=\/wp\/v2\/product"}],"about":[{"href":"https:\/\/www.hediyepazar.com\/index.php?rest_route=\/wp\/v2\/types\/product"}],"replies":[{"embeddable":true,"href":"https:\/\/www.hediyepazar.com\/index.php?rest_route=%2Fwp%2Fv2%2Fcomments&post=116031"}],"wp:featuredmedia":[{"embeddable":true,"href":"https:\/\/www.hediyepazar.com\/index.php?rest_route=\/wp\/v2\/media\/116030"}],"wp:attachment":[{"href":"https:\/\/www.hediyepazar.com\/index.php?rest_route=%2Fwp%2Fv2%2Fmedia&parent=116031"}],"wp:term":[{"taxonomy":"product_brand","embeddable":true,"href":"https:\/\/www.hediyepazar.com\/index.php?rest_route=%2Fwp%2Fv2%2Fproduct_brand&post=116031"},{"taxonomy":"product_cat","embeddable":true,"href":"https:\/\/www.hediyepazar.com\/index.php?rest_route=%2Fwp%2Fv2%2Fproduct_cat&post=116031"},{"taxonomy":"product_tag","embeddable":true,"href":"https:\/\/www.hediyepazar.com\/index.php?rest_route=%2Fwp%2Fv2%2Fproduct_tag&post=116031"}],"curies":[{"name":"wp","href":"https:\/\/api.w.org\/{rel}","templated":true}]}}