{"id":116039,"date":"2026-05-05T16:17:13","date_gmt":"2026-05-05T19:17:13","guid":{"rendered":"https:\/\/www.hediyepazar.com\/?product=frappe-ve-cappuccino-maker-tasinabilir-pilli-kopurtucu-mikser"},"modified":"2026-05-05T16:17:13","modified_gmt":"2026-05-05T19:17:13","slug":"frappe-ve-cappuccino-maker-tasinabilir-pilli-kopurtucu-mikser","status":"publish","type":"product","link":"https:\/\/www.hediyepazar.com\/?product=frappe-ve-cappuccino-maker-tasinabilir-pilli-kopurtucu-mikser","title":{"rendered":"Frappe ve Cappuccino Maker \u2013 Ta\u015f\u0131nabilir Pilli K\u00f6p\u00fcrt\u00fcc\u00fc Mikser"},"content":{"rendered":"<p>Mini boyutu, y\u00fcksek performans\u0131! Pilli Portatif Kar\u0131\u015ft\u0131r\u0131c\u0131, her mutfa\u011f\u0131n en pratik yard\u0131mc\u0131s\u0131 olmaya aday. \u00d6zellikle kahve severler i\u00e7in cappuccino, latte ve frappe haz\u0131rlamay\u0131 \u00e7ocuk oyunca\u011f\u0131 haline getirir. S\u00fct\u00fc saniyeler i\u00e7inde m\u00fckemmel \u015fekilde k\u00f6p\u00fcrt\u00fcr, kahve keyfinize barista dokunu\u015fu katar.Yaln\u0131zca kahve de\u011fil, sos, salata soslar\u0131, milkshake, s\u0131cak \u00e7ikolata ve hatta omlet haz\u0131rl\u0131klar\u0131nda da kullanabilece\u011finiz \u00e7ok y\u00f6nl\u00fc bir \u00fcr\u00fcnd\u00fcr. G\u00fc\u00e7l\u00fc motoru ve dayan\u0131kl\u0131 \u00e7\u0131rp\u0131c\u0131 ucu sayesinde uzun y\u0131llar g\u00fcvenle kullan\u0131labilir.Ta\u015f\u0131nabilir yap\u0131s\u0131 ile tatillerde, i\u015f yerinde ya da piknikte kolayca yan\u0131n\u0131zda ta\u015f\u0131yabilirsiniz. 2 adet pil ile \u00e7al\u0131\u015fmas\u0131 sayesinde elektrik prizi arama derdini ortadan kald\u0131r\u0131r. Kompakt ve \u015f\u0131k tasar\u0131m\u0131yla her mutfakta bulunmas\u0131 gereken bir \u00fcr\u00fcnd\u00fcr.<\/p>\n","protected":false},"excerpt":{"rendered":"<p>Mini boyutu, y\u00fcksek performans\u0131! Pilli Portatif Kar\u0131\u015ft\u0131r\u0131c\u0131, her mutfa\u011f\u0131n en pratik yard\u0131mc\u0131s\u0131 olmaya aday. \u00d6zellikle kahve severler i\u00e7in cappuccino, latte ve frappe haz\u0131rlamay\u0131 \u00e7ocuk oyunca\u011f\u0131 haline getirir. S\u00fct\u00fc saniyeler i\u00e7inde m\u00fckemmel \u015fekilde k\u00f6p\u00fcrt\u00fcr, kahve keyfinize barista dokunu\u015fu katar.Yaln\u0131zca kahve de\u011fil, sos, salata soslar\u0131, milkshake, s\u0131cak \u00e7ikolata ve hatta omlet haz\u0131rl\u0131klar\u0131nda da kullanabilece\u011finiz \u00e7ok y\u00f6nl\u00fc bir&#8230;<\/p>\n","protected":false},"featured_media":116038,"comment_status":"open","ping_status":"closed","template":"","meta":{"_kad_post_transparent":"","_kad_post_title":"","_kad_post_layout":"","_kad_post_sidebar_id":"","_kad_post_content_style":"","_kad_post_vertical_padding":"","_kad_post_feature":"","_kad_post_feature_position":"","_kad_post_header":false,"_kad_post_footer":false,"_kad_post_classname":""},"product_brand":[],"product_cat":[15080],"product_tag":[],"class_list":{"0":"post-116039","1":"product","2":"type-product","3":"status-publish","4":"has-post-thumbnail","6":"product_cat-mikser-mikser","8":"first","9":"instock","10":"purchasable","11":"product-type-simple","12":"entry","13":"content-bg","14":"loop-entry"},"_links":{"self":[{"href":"https:\/\/www.hediyepazar.com\/index.php?rest_route=\/wp\/v2\/product\/116039","targetHints":{"allow":["GET"]}}],"collection":[{"href":"https:\/\/www.hediyepazar.com\/index.php?rest_route=\/wp\/v2\/product"}],"about":[{"href":"https:\/\/www.hediyepazar.com\/index.php?rest_route=\/wp\/v2\/types\/product"}],"replies":[{"embeddable":true,"href":"https:\/\/www.hediyepazar.com\/index.php?rest_route=%2Fwp%2Fv2%2Fcomments&post=116039"}],"wp:featuredmedia":[{"embeddable":true,"href":"https:\/\/www.hediyepazar.com\/index.php?rest_route=\/wp\/v2\/media\/116038"}],"wp:attachment":[{"href":"https:\/\/www.hediyepazar.com\/index.php?rest_route=%2Fwp%2Fv2%2Fmedia&parent=116039"}],"wp:term":[{"taxonomy":"product_brand","embeddable":true,"href":"https:\/\/www.hediyepazar.com\/index.php?rest_route=%2Fwp%2Fv2%2Fproduct_brand&post=116039"},{"taxonomy":"product_cat","embeddable":true,"href":"https:\/\/www.hediyepazar.com\/index.php?rest_route=%2Fwp%2Fv2%2Fproduct_cat&post=116039"},{"taxonomy":"product_tag","embeddable":true,"href":"https:\/\/www.hediyepazar.com\/index.php?rest_route=%2Fwp%2Fv2%2Fproduct_tag&post=116039"}],"curies":[{"name":"wp","href":"https:\/\/api.w.org\/{rel}","templated":true}]}}