{"id":116041,"date":"2026-05-05T16:17:18","date_gmt":"2026-05-05T19:17:18","guid":{"rendered":"https:\/\/www.hediyepazar.com\/?product=mini-pilli-portatif-karistirici-cappuccino-latte-frappe-ve-kahve-kopurtucu"},"modified":"2026-05-05T16:17:18","modified_gmt":"2026-05-05T19:17:18","slug":"mini-pilli-portatif-karistirici-cappuccino-latte-frappe-ve-kahve-kopurtucu","status":"publish","type":"product","link":"https:\/\/www.hediyepazar.com\/?product=mini-pilli-portatif-karistirici-cappuccino-latte-frappe-ve-kahve-kopurtucu","title":{"rendered":"Mini Pilli Portatif Kar\u0131\u015ft\u0131r\u0131c\u0131 \u2013 Cappuccino Latte Frappe ve Kahve K\u00f6p\u00fcrt\u00fcc\u00fc"},"content":{"rendered":"<p>So\u011fuk yaz g\u00fcnlerinin vazge\u00e7ilmez i\u00e7ece\u011fi frappelerden, s\u0131cac\u0131k cappuccino keyfine kadar her \u015feyi dakikalar i\u00e7inde haz\u0131rlay\u0131n! Mini Pilli Portatif Kar\u0131\u015ft\u0131r\u0131c\u0131, pratik kullan\u0131m\u0131 ve g\u00fc\u00e7l\u00fc motoru sayesinde mutfaktaki en b\u00fcy\u00fck yard\u0131mc\u0131n\u0131z olacak. Kahve, s\u00fct, bebek mamas\u0131, krema ve yumurta \u00e7\u0131rpma gibi pek \u00e7ok i\u015flemde kolayca kullan\u0131labilen bu \u00fcr\u00fcn, mutfak i\u015flerinizi h\u0131zland\u0131r\u0131r.Ergonomik ve kompakt tasar\u0131m\u0131 sayesinde her yere rahatl\u0131kla ta\u015f\u0131nabilir. Seyahatte, piknikte ya da tatilde bile yan\u0131n\u0131zdan ay\u0131rmak istemeyeceksiniz. Sadece 2 adet \u201cAA\u201d pil ile \u00e7al\u0131\u015fan bu el mikseri, kablo derdini ortadan kald\u0131r\u0131r. \u00dcstelik paslanmaz \u00e7elik kar\u0131\u015ft\u0131r\u0131c\u0131 ba\u015fl\u0131\u011f\u0131 sayesinde uzun \u00f6m\u00fcrl\u00fc ve hijyenik bir kullan\u0131m sunar.Kahve severler i\u00e7in cappuccino yap\u0131m\u0131 art\u0131k \u00e7ok basit! Sadece 30 saniyede s\u00fct ve kahvenizi ayr\u0131 ayr\u0131 k\u00f6p\u00fcrterek barista kalitesinde lezzetler yakalayabilirsiniz. Latte, milkshake, s\u0131cak \u00e7ikolata, sos ve krem\u015fanti haz\u0131rlarken de mutfakta b\u00fcy\u00fck kolayl\u0131k sa\u011flar.Her evin ve i\u015fyerinin mutfa\u011f\u0131nda bulunmas\u0131 gereken bu mini mikser, ayn\u0131 zamanda hediyelik olarak da harika bir se\u00e7enektir.<\/p>\n","protected":false},"excerpt":{"rendered":"<p>So\u011fuk yaz g\u00fcnlerinin vazge\u00e7ilmez i\u00e7ece\u011fi frappelerden, s\u0131cac\u0131k cappuccino keyfine kadar her \u015feyi dakikalar i\u00e7inde haz\u0131rlay\u0131n! Mini Pilli Portatif Kar\u0131\u015ft\u0131r\u0131c\u0131, pratik kullan\u0131m\u0131 ve g\u00fc\u00e7l\u00fc motoru sayesinde mutfaktaki en b\u00fcy\u00fck yard\u0131mc\u0131n\u0131z olacak. Kahve, s\u00fct, bebek mamas\u0131, krema ve yumurta \u00e7\u0131rpma gibi pek \u00e7ok i\u015flemde kolayca kullan\u0131labilen bu \u00fcr\u00fcn, mutfak i\u015flerinizi h\u0131zland\u0131r\u0131r.Ergonomik ve kompakt tasar\u0131m\u0131 sayesinde her yere&#8230;<\/p>\n","protected":false},"featured_media":116040,"comment_status":"open","ping_status":"closed","template":"","meta":{"_kad_post_transparent":"","_kad_post_title":"","_kad_post_layout":"","_kad_post_sidebar_id":"","_kad_post_content_style":"","_kad_post_vertical_padding":"","_kad_post_feature":"","_kad_post_feature_position":"","_kad_post_header":false,"_kad_post_footer":false,"_kad_post_classname":""},"product_brand":[],"product_cat":[15080],"product_tag":[],"class_list":{"0":"post-116041","1":"product","2":"type-product","3":"status-publish","4":"has-post-thumbnail","6":"product_cat-mikser-mikser","8":"first","9":"instock","10":"purchasable","11":"product-type-simple","12":"entry","13":"content-bg","14":"loop-entry"},"_links":{"self":[{"href":"https:\/\/www.hediyepazar.com\/index.php?rest_route=\/wp\/v2\/product\/116041","targetHints":{"allow":["GET"]}}],"collection":[{"href":"https:\/\/www.hediyepazar.com\/index.php?rest_route=\/wp\/v2\/product"}],"about":[{"href":"https:\/\/www.hediyepazar.com\/index.php?rest_route=\/wp\/v2\/types\/product"}],"replies":[{"embeddable":true,"href":"https:\/\/www.hediyepazar.com\/index.php?rest_route=%2Fwp%2Fv2%2Fcomments&post=116041"}],"wp:featuredmedia":[{"embeddable":true,"href":"https:\/\/www.hediyepazar.com\/index.php?rest_route=\/wp\/v2\/media\/116040"}],"wp:attachment":[{"href":"https:\/\/www.hediyepazar.com\/index.php?rest_route=%2Fwp%2Fv2%2Fmedia&parent=116041"}],"wp:term":[{"taxonomy":"product_brand","embeddable":true,"href":"https:\/\/www.hediyepazar.com\/index.php?rest_route=%2Fwp%2Fv2%2Fproduct_brand&post=116041"},{"taxonomy":"product_cat","embeddable":true,"href":"https:\/\/www.hediyepazar.com\/index.php?rest_route=%2Fwp%2Fv2%2Fproduct_cat&post=116041"},{"taxonomy":"product_tag","embeddable":true,"href":"https:\/\/www.hediyepazar.com\/index.php?rest_route=%2Fwp%2Fv2%2Fproduct_tag&post=116041"}],"curies":[{"name":"wp","href":"https:\/\/api.w.org\/{rel}","templated":true}]}}