{"id":116056,"date":"2026-05-05T16:20:21","date_gmt":"2026-05-05T19:20:21","guid":{"rendered":"https:\/\/www.hediyepazar.com\/?product=500-metre-interkom-mesafeli-kask-kulakligi-gurultu-engelleyici"},"modified":"2026-05-05T16:20:21","modified_gmt":"2026-05-05T19:20:21","slug":"500-metre-interkom-mesafeli-kask-kulakligi-gurultu-engelleyici","status":"publish","type":"product","link":"https:\/\/www.hediyepazar.com\/?product=500-metre-interkom-mesafeli-kask-kulakligi-gurultu-engelleyici","title":{"rendered":"500 Metre \u0130nterkom Mesafeli Kask Kulakl\u0131\u011f\u0131 G\u00fcr\u00fclt\u00fc Engelleyici"},"content":{"rendered":"<p>500 metreye kadar interkom mesafesi sunan kask kulakl\u0131\u011f\u0131, motosiklet s\u00fcr\u00fc\u015flerinde ileti\u015fim kolayl\u0131\u011f\u0131 sa\u011flar. Bluetooth 5.3 teknolojisi sayesinde kesintisiz ve h\u0131zl\u0131 ba\u011flant\u0131 sunar.Cihaz, 2 ki\u015filik interkom ba\u011flant\u0131s\u0131 destekler. Yol arkada\u015f\u0131n\u0131zla s\u00fcrekli ba\u011flant\u0131da kalarak g\u00fcvenli s\u00fcr\u00fc\u015fler yapabilirsiniz. Qualcomm \u00e7ipset ile g\u00fc\u00e7lendirilmi\u015f kulakl\u0131k, y\u00fcksek h\u0131zlarda bile net ses performans\u0131 sunar.\u00d6zel g\u00fcr\u00fclt\u00fc azaltma teknolojisi, r\u00fczg\u00e2r ve motor sesini minimuma indirir. Bu \u00f6zellik, g\u00f6r\u00fc\u015fme kalitesini art\u0131r\u0131rken ayn\u0131 zamanda m\u00fczik keyfini de \u00fcst seviyeye ta\u015f\u0131r.Dahili 1000mAh batarya, uzun s\u00fcreli kullan\u0131m sa\u011flar. FM radyo \u00f6zelli\u011fi, m\u00fczik payla\u015f\u0131m\u0131 ve SD kart deste\u011fi (4-32 GB) ile farkl\u0131 e\u011flence se\u00e7enekleri sunar.IP65 suya dayan\u0131kl\u0131 yap\u0131s\u0131 sayesinde ya\u011fmurda bile g\u00fcvenle kullan\u0131labilir. LED ayd\u0131nlatma \u00f6zelli\u011fi ise gece s\u00fcr\u00fc\u015flerinde g\u00f6r\u00fcn\u00fcrl\u00fc\u011f\u00fcn\u00fcz\u00fc art\u0131r\u0131r.Flip-up kasklarla uyumlu tasar\u0131m\u0131 sayesinde montaj\u0131 kolayd\u0131r. LCD ekran, pil seviyesi, ba\u011flant\u0131 ve m\u00fczik kontrollerini kolayca takip etmenize imk\u00e2n tan\u0131r.Bu kulakl\u0131k, g\u00fcvenlik ve e\u011flenceyi ayn\u0131 anda sunarak motosiklet kullan\u0131c\u0131lar\u0131 i\u00e7in vazge\u00e7ilmez bir aksesuard\u0131r.<\/p>\n","protected":false},"excerpt":{"rendered":"<p>500 metreye kadar interkom mesafesi sunan kask kulakl\u0131\u011f\u0131, motosiklet s\u00fcr\u00fc\u015flerinde ileti\u015fim kolayl\u0131\u011f\u0131 sa\u011flar. Bluetooth 5.3 teknolojisi sayesinde kesintisiz ve h\u0131zl\u0131 ba\u011flant\u0131 sunar.Cihaz, 2 ki\u015filik interkom ba\u011flant\u0131s\u0131 destekler. Yol arkada\u015f\u0131n\u0131zla s\u00fcrekli ba\u011flant\u0131da kalarak g\u00fcvenli s\u00fcr\u00fc\u015fler yapabilirsiniz. Qualcomm \u00e7ipset ile g\u00fc\u00e7lendirilmi\u015f kulakl\u0131k, y\u00fcksek h\u0131zlarda bile net ses performans\u0131 sunar.\u00d6zel g\u00fcr\u00fclt\u00fc azaltma teknolojisi, r\u00fczg\u00e2r ve motor sesini minimuma&#8230;<\/p>\n","protected":false},"featured_media":116055,"comment_status":"open","ping_status":"closed","template":"","meta":{"_kad_post_transparent":"","_kad_post_title":"","_kad_post_layout":"","_kad_post_sidebar_id":"","_kad_post_content_style":"","_kad_post_vertical_padding":"","_kad_post_feature":"","_kad_post_feature_position":"","_kad_post_header":false,"_kad_post_footer":false,"_kad_post_classname":""},"product_brand":[],"product_cat":[15010],"product_tag":[],"class_list":{"0":"post-116056","1":"product","2":"type-product","3":"status-publish","4":"has-post-thumbnail","6":"product_cat-intercom-intercom","8":"first","9":"instock","10":"purchasable","11":"product-type-simple","12":"entry","13":"content-bg","14":"loop-entry"},"_links":{"self":[{"href":"https:\/\/www.hediyepazar.com\/index.php?rest_route=\/wp\/v2\/product\/116056","targetHints":{"allow":["GET"]}}],"collection":[{"href":"https:\/\/www.hediyepazar.com\/index.php?rest_route=\/wp\/v2\/product"}],"about":[{"href":"https:\/\/www.hediyepazar.com\/index.php?rest_route=\/wp\/v2\/types\/product"}],"replies":[{"embeddable":true,"href":"https:\/\/www.hediyepazar.com\/index.php?rest_route=%2Fwp%2Fv2%2Fcomments&post=116056"}],"wp:featuredmedia":[{"embeddable":true,"href":"https:\/\/www.hediyepazar.com\/index.php?rest_route=\/wp\/v2\/media\/116055"}],"wp:attachment":[{"href":"https:\/\/www.hediyepazar.com\/index.php?rest_route=%2Fwp%2Fv2%2Fmedia&parent=116056"}],"wp:term":[{"taxonomy":"product_brand","embeddable":true,"href":"https:\/\/www.hediyepazar.com\/index.php?rest_route=%2Fwp%2Fv2%2Fproduct_brand&post=116056"},{"taxonomy":"product_cat","embeddable":true,"href":"https:\/\/www.hediyepazar.com\/index.php?rest_route=%2Fwp%2Fv2%2Fproduct_cat&post=116056"},{"taxonomy":"product_tag","embeddable":true,"href":"https:\/\/www.hediyepazar.com\/index.php?rest_route=%2Fwp%2Fv2%2Fproduct_tag&post=116056"}],"curies":[{"name":"wp","href":"https:\/\/api.w.org\/{rel}","templated":true}]}}