{"id":116060,"date":"2026-05-05T16:22:06","date_gmt":"2026-05-05T19:22:06","guid":{"rendered":"https:\/\/www.hediyepazar.com\/?product=2-1-usb-baglantili-oyun-hoparloru-renkli-led-isikli"},"modified":"2026-05-05T16:22:06","modified_gmt":"2026-05-05T19:22:06","slug":"2-1-usb-baglantili-oyun-hoparloru-renkli-led-isikli","status":"publish","type":"product","link":"https:\/\/www.hediyepazar.com\/?product=2-1-usb-baglantili-oyun-hoparloru-renkli-led-isikli","title":{"rendered":"2.1 USB Ba\u011flant\u0131l\u0131 Oyun Hoparl\u00f6r\u00fc Renkli LED I\u015f\u0131kl\u0131"},"content":{"rendered":"<p>2.1 USB ba\u011flant\u0131l\u0131 oyun hoparl\u00f6r\u00fc, RGB LED \u0131\u015f\u0131k efektleri ve g\u00fc\u00e7l\u00fc ses \u00e7\u0131k\u0131\u015f\u0131yla dikkat \u00e7ekiyor. 1 subwoofer ve 2 uydu hoparl\u00f6rden olu\u015fan \u00fc\u00e7 par\u00e7al\u0131 set, toplam 9W \u00e7\u0131k\u0131\u015f g\u00fcc\u00fc ile tatmin edici bir ses deneyimi sunar.B\u00fcy\u00fck \u00e7apl\u0131 s\u00fcr\u00fcc\u00fcler, derin bas ve net tiz sesleri ba\u015far\u0131l\u0131 \u015fekilde yans\u0131t\u0131r. Arka bas trompet sistemi sayesinde bas kalitesi daha tok hale gelir. Y\u00fcksek manyetik hoparl\u00f6r teknolojisi, oyunlarda ve m\u00fcziklerde daha g\u00fc\u00e7l\u00fc ses sa\u011flar.RGB LED \u0131\u015f\u0131klar\u0131, 7 farkl\u0131 renk efektiyle m\u00fczi\u011fe uyum sa\u011flar. G\u00f6rsel olarak da e\u011flenceli bir kullan\u0131m deneyimi sunar.Hoparl\u00f6r USB \u00fczerinden kolayca g\u00fc\u00e7 al\u0131r. Bilgisayar, laptop, cep telefonu ve MP3\/MP4 cihazlarla uyumlu \u00e7al\u0131\u015f\u0131r.Kompakt \u00f6l\u00e7\u00fcleri ve plastik kabin yap\u0131s\u0131 sayesinde masa\u00fcst\u00fcnde fazla yer kaplamaz. Ses kontrol d\u00fc\u011fmeleriyle diledi\u011finiz ses ayar\u0131n\u0131 yapabilirsiniz.M\u00fczik dinlemek, film izlemek veya oyun oynamak i\u00e7in hem g\u00f6rsel hem de i\u015fitsel anlamda keyifli bir deneyim sunar.<\/p>\n","protected":false},"excerpt":{"rendered":"<p>2.1 USB ba\u011flant\u0131l\u0131 oyun hoparl\u00f6r\u00fc, RGB LED \u0131\u015f\u0131k efektleri ve g\u00fc\u00e7l\u00fc ses \u00e7\u0131k\u0131\u015f\u0131yla dikkat \u00e7ekiyor. 1 subwoofer ve 2 uydu hoparl\u00f6rden olu\u015fan \u00fc\u00e7 par\u00e7al\u0131 set, toplam 9W \u00e7\u0131k\u0131\u015f g\u00fcc\u00fc ile tatmin edici bir ses deneyimi sunar.B\u00fcy\u00fck \u00e7apl\u0131 s\u00fcr\u00fcc\u00fcler, derin bas ve net tiz sesleri ba\u015far\u0131l\u0131 \u015fekilde yans\u0131t\u0131r. Arka bas trompet sistemi sayesinde bas kalitesi daha&#8230;<\/p>\n","protected":false},"featured_media":116059,"comment_status":"open","ping_status":"closed","template":"","meta":{"_kad_post_transparent":"","_kad_post_title":"","_kad_post_layout":"","_kad_post_sidebar_id":"","_kad_post_content_style":"","_kad_post_vertical_padding":"","_kad_post_feature":"","_kad_post_feature_position":"","_kad_post_header":false,"_kad_post_footer":false,"_kad_post_classname":""},"product_brand":[],"product_cat":[14911],"product_tag":[],"class_list":{"0":"post-116060","1":"product","2":"type-product","3":"status-publish","4":"has-post-thumbnail","6":"product_cat-kablosuz-hoparlor-kablosuz-hoparlor","8":"first","9":"instock","10":"purchasable","11":"product-type-simple","12":"entry","13":"content-bg","14":"loop-entry"},"_links":{"self":[{"href":"https:\/\/www.hediyepazar.com\/index.php?rest_route=\/wp\/v2\/product\/116060","targetHints":{"allow":["GET"]}}],"collection":[{"href":"https:\/\/www.hediyepazar.com\/index.php?rest_route=\/wp\/v2\/product"}],"about":[{"href":"https:\/\/www.hediyepazar.com\/index.php?rest_route=\/wp\/v2\/types\/product"}],"replies":[{"embeddable":true,"href":"https:\/\/www.hediyepazar.com\/index.php?rest_route=%2Fwp%2Fv2%2Fcomments&post=116060"}],"wp:featuredmedia":[{"embeddable":true,"href":"https:\/\/www.hediyepazar.com\/index.php?rest_route=\/wp\/v2\/media\/116059"}],"wp:attachment":[{"href":"https:\/\/www.hediyepazar.com\/index.php?rest_route=%2Fwp%2Fv2%2Fmedia&parent=116060"}],"wp:term":[{"taxonomy":"product_brand","embeddable":true,"href":"https:\/\/www.hediyepazar.com\/index.php?rest_route=%2Fwp%2Fv2%2Fproduct_brand&post=116060"},{"taxonomy":"product_cat","embeddable":true,"href":"https:\/\/www.hediyepazar.com\/index.php?rest_route=%2Fwp%2Fv2%2Fproduct_cat&post=116060"},{"taxonomy":"product_tag","embeddable":true,"href":"https:\/\/www.hediyepazar.com\/index.php?rest_route=%2Fwp%2Fv2%2Fproduct_tag&post=116060"}],"curies":[{"name":"wp","href":"https:\/\/api.w.org\/{rel}","templated":true}]}}