{"id":116064,"date":"2026-05-05T16:22:18","date_gmt":"2026-05-05T19:22:18","guid":{"rendered":"https:\/\/www.hediyepazar.com\/?product=2-1-kanal-rgb-led-oyun-hoparloru-subwoofer-destekli"},"modified":"2026-05-05T16:22:18","modified_gmt":"2026-05-05T19:22:18","slug":"2-1-kanal-rgb-led-oyun-hoparloru-subwoofer-destekli","status":"publish","type":"product","link":"https:\/\/www.hediyepazar.com\/?product=2-1-kanal-rgb-led-oyun-hoparloru-subwoofer-destekli","title":{"rendered":"2.1 Kanal RGB LED Oyun Hoparl\u00f6r\u00fc Subwoofer Destekli"},"content":{"rendered":"<p>2.1 kanal RGB LED oyun hoparl\u00f6r\u00fc, hem g\u00fc\u00e7l\u00fc ses performans\u0131 hem de modern tasar\u0131m\u0131yla dikkat \u00e7eker. \u00dc\u00e7 par\u00e7al\u0131 hoparl\u00f6r seti; 1 subwoofer ve 2 uydu hoparl\u00f6rden olu\u015fur. Toplam \u00e7\u0131k\u0131\u015f g\u00fcc\u00fc 9W olup, baslar\u0131 g\u00fc\u00e7l\u00fc, tizleri net \u015fekilde yans\u0131t\u0131r.B\u00fcy\u00fck \u00e7apl\u0131 titre\u015fimli hoparl\u00f6rleri sayesinde derin bas sesler elde edilir. Arka bas trompet sistemi bas kalitesini art\u0131r\u0131r. Y\u00fcksek manyetik hoparl\u00f6r teknolojisi sayesinde m\u00fczik, oyun ve filmlerinizde y\u00fcksek netlikte ses deneyimi ya\u015fars\u0131n\u0131z.RGB LED \u0131\u015f\u0131klar, m\u00fczi\u011fin ritmine uyumlu \u015fekilde yanar ve oyun atmosferini daha e\u011flenceli hale getirir. 7 farkl\u0131 renk se\u00e7ene\u011fi g\u00f6rselli\u011fi art\u0131r\u0131r.Hoparl\u00f6r USB g\u00fc\u00e7 kayna\u011f\u0131 ile \u00e7al\u0131\u015f\u0131r. Bilgisayar, laptop, cep telefonu, MP3\/MP4 \u00e7alar, DVD gibi cihazlarla kolayca uyumludur. Ekstra g\u00fc\u00e7 adapt\u00f6r\u00fc gerektirmeden pratik kullan\u0131m sa\u011flar.\u00dcr\u00fcn \u00f6l\u00e7\u00fcleri: Subwoofer 104x71x155 mm, Uydu hoparl\u00f6rler 65x71x95 mm. Kompakt boyutu sayesinde masa\u00fcst\u00fcnde az yer kaplar. Plastik kabin yap\u0131s\u0131 dayan\u0131kl\u0131 ve \u015f\u0131k g\u00f6r\u00fcn\u00fcr.Oyun efektleri i\u00e7in \u00f6zel olarak optimize edilen bu hoparl\u00f6r, oyuncular i\u00e7in vazge\u00e7ilmez bir ses sistemidir. Ayn\u0131 zamanda g\u00fcnl\u00fck m\u00fczik dinleme ve film izleme deneyimini de \u00fcst seviyeye ta\u015f\u0131r.<\/p>\n","protected":false},"excerpt":{"rendered":"<p>2.1 kanal RGB LED oyun hoparl\u00f6r\u00fc, hem g\u00fc\u00e7l\u00fc ses performans\u0131 hem de modern tasar\u0131m\u0131yla dikkat \u00e7eker. \u00dc\u00e7 par\u00e7al\u0131 hoparl\u00f6r seti; 1 subwoofer ve 2 uydu hoparl\u00f6rden olu\u015fur. Toplam \u00e7\u0131k\u0131\u015f g\u00fcc\u00fc 9W olup, baslar\u0131 g\u00fc\u00e7l\u00fc, tizleri net \u015fekilde yans\u0131t\u0131r.B\u00fcy\u00fck \u00e7apl\u0131 titre\u015fimli hoparl\u00f6rleri sayesinde derin bas sesler elde edilir. Arka bas trompet sistemi bas kalitesini art\u0131r\u0131r. Y\u00fcksek&#8230;<\/p>\n","protected":false},"featured_media":116063,"comment_status":"open","ping_status":"closed","template":"","meta":{"_kad_post_transparent":"","_kad_post_title":"","_kad_post_layout":"","_kad_post_sidebar_id":"","_kad_post_content_style":"","_kad_post_vertical_padding":"","_kad_post_feature":"","_kad_post_feature_position":"","_kad_post_header":false,"_kad_post_footer":false,"_kad_post_classname":""},"product_brand":[],"product_cat":[14911],"product_tag":[],"class_list":{"0":"post-116064","1":"product","2":"type-product","3":"status-publish","4":"has-post-thumbnail","6":"product_cat-kablosuz-hoparlor-kablosuz-hoparlor","8":"first","9":"instock","10":"purchasable","11":"product-type-simple","12":"entry","13":"content-bg","14":"loop-entry"},"_links":{"self":[{"href":"https:\/\/www.hediyepazar.com\/index.php?rest_route=\/wp\/v2\/product\/116064","targetHints":{"allow":["GET"]}}],"collection":[{"href":"https:\/\/www.hediyepazar.com\/index.php?rest_route=\/wp\/v2\/product"}],"about":[{"href":"https:\/\/www.hediyepazar.com\/index.php?rest_route=\/wp\/v2\/types\/product"}],"replies":[{"embeddable":true,"href":"https:\/\/www.hediyepazar.com\/index.php?rest_route=%2Fwp%2Fv2%2Fcomments&post=116064"}],"wp:featuredmedia":[{"embeddable":true,"href":"https:\/\/www.hediyepazar.com\/index.php?rest_route=\/wp\/v2\/media\/116063"}],"wp:attachment":[{"href":"https:\/\/www.hediyepazar.com\/index.php?rest_route=%2Fwp%2Fv2%2Fmedia&parent=116064"}],"wp:term":[{"taxonomy":"product_brand","embeddable":true,"href":"https:\/\/www.hediyepazar.com\/index.php?rest_route=%2Fwp%2Fv2%2Fproduct_brand&post=116064"},{"taxonomy":"product_cat","embeddable":true,"href":"https:\/\/www.hediyepazar.com\/index.php?rest_route=%2Fwp%2Fv2%2Fproduct_cat&post=116064"},{"taxonomy":"product_tag","embeddable":true,"href":"https:\/\/www.hediyepazar.com\/index.php?rest_route=%2Fwp%2Fv2%2Fproduct_tag&post=116064"}],"curies":[{"name":"wp","href":"https:\/\/api.w.org\/{rel}","templated":true}]}}