{"id":116068,"date":"2026-05-05T16:23:09","date_gmt":"2026-05-05T19:23:09","guid":{"rendered":"https:\/\/www.hediyepazar.com\/?product=otomatik-kapanma-ozellikli-yumurta-pisirme-makinesi-7-kapasiteli"},"modified":"2026-05-05T16:23:09","modified_gmt":"2026-05-05T19:23:09","slug":"otomatik-kapanma-ozellikli-yumurta-pisirme-makinesi-7-kapasiteli","status":"publish","type":"product","link":"https:\/\/www.hediyepazar.com\/?product=otomatik-kapanma-ozellikli-yumurta-pisirme-makinesi-7-kapasiteli","title":{"rendered":"Otomatik Kapanma \u00d6zellikli Yumurta Pi\u015firme Makinesi 7 Kapasiteli"},"content":{"rendered":"<p>Otomatik kapanma \u00f6zelli\u011fi ile g\u00fcvenli kullan\u0131m sa\u011flayan yumurta pi\u015firme makinesi, tek seferde 7 adet yumurtay\u0131 pi\u015firerek kahvalt\u0131 sofralar\u0131na pratiklik kazand\u0131r\u0131r.Rafadan, orta ve tam pi\u015fmi\u015f se\u00e7enekleri sayesinde damak tad\u0131n\u0131za g\u00f6re farkl\u0131 pi\u015firme alternatifleri sunar. Paslanmaz \u00e7elik \u0131s\u0131tma plakas\u0131 uzun \u00f6m\u00fcrl\u00fcd\u00fcr. \u00d6l\u00e7\u00fcm kab\u0131 \u00fczerindeki i\u011fne yumurtalar\u0131n kontroll\u00fc \u015fekilde delinmesini sa\u011flar.Pi\u015firme i\u015flemi tamamland\u0131\u011f\u0131nda sesli uyar\u0131 vererek sizi bilgilendirir. \u015eeffaf kapak sayesinde pi\u015firme s\u00fcreci g\u00f6zlemlenebilir.Kolay temizlenebilir yap\u0131s\u0131 hijyen a\u00e7\u0131s\u0131ndan avantaj sunar. Kompakt tasar\u0131m\u0131 ile mutfakta fazla yer kaplamaz.Enerji tasarruflu sistemi sayesinde zamandan ve elektrikten tasarruf etmenizi sa\u011flar. Sporcular, aileler ve yo\u011fun tempolu ki\u015filer i\u00e7in ideal bir mutfak yard\u0131mc\u0131s\u0131d\u0131r.<\/p>\n","protected":false},"excerpt":{"rendered":"<p>Otomatik kapanma \u00f6zelli\u011fi ile g\u00fcvenli kullan\u0131m sa\u011flayan yumurta pi\u015firme makinesi, tek seferde 7 adet yumurtay\u0131 pi\u015firerek kahvalt\u0131 sofralar\u0131na pratiklik kazand\u0131r\u0131r.Rafadan, orta ve tam pi\u015fmi\u015f se\u00e7enekleri sayesinde damak tad\u0131n\u0131za g\u00f6re farkl\u0131 pi\u015firme alternatifleri sunar. Paslanmaz \u00e7elik \u0131s\u0131tma plakas\u0131 uzun \u00f6m\u00fcrl\u00fcd\u00fcr. \u00d6l\u00e7\u00fcm kab\u0131 \u00fczerindeki i\u011fne yumurtalar\u0131n kontroll\u00fc \u015fekilde delinmesini sa\u011flar.Pi\u015firme i\u015flemi tamamland\u0131\u011f\u0131nda sesli uyar\u0131 vererek sizi bilgilendirir&#8230;.<\/p>\n","protected":false},"featured_media":116067,"comment_status":"open","ping_status":"closed","template":"","meta":{"_kad_post_transparent":"","_kad_post_title":"","_kad_post_layout":"","_kad_post_sidebar_id":"","_kad_post_content_style":"","_kad_post_vertical_padding":"","_kad_post_feature":"","_kad_post_feature_position":"","_kad_post_header":false,"_kad_post_footer":false,"_kad_post_classname":""},"product_brand":[],"product_cat":[15082],"product_tag":[],"class_list":{"0":"post-116068","1":"product","2":"type-product","3":"status-publish","4":"has-post-thumbnail","6":"product_cat-buharda-pisirme-aparati-buharda-pisirme-aparati","8":"first","9":"instock","10":"purchasable","11":"product-type-simple","12":"entry","13":"content-bg","14":"loop-entry"},"_links":{"self":[{"href":"https:\/\/www.hediyepazar.com\/index.php?rest_route=\/wp\/v2\/product\/116068","targetHints":{"allow":["GET"]}}],"collection":[{"href":"https:\/\/www.hediyepazar.com\/index.php?rest_route=\/wp\/v2\/product"}],"about":[{"href":"https:\/\/www.hediyepazar.com\/index.php?rest_route=\/wp\/v2\/types\/product"}],"replies":[{"embeddable":true,"href":"https:\/\/www.hediyepazar.com\/index.php?rest_route=%2Fwp%2Fv2%2Fcomments&post=116068"}],"wp:featuredmedia":[{"embeddable":true,"href":"https:\/\/www.hediyepazar.com\/index.php?rest_route=\/wp\/v2\/media\/116067"}],"wp:attachment":[{"href":"https:\/\/www.hediyepazar.com\/index.php?rest_route=%2Fwp%2Fv2%2Fmedia&parent=116068"}],"wp:term":[{"taxonomy":"product_brand","embeddable":true,"href":"https:\/\/www.hediyepazar.com\/index.php?rest_route=%2Fwp%2Fv2%2Fproduct_brand&post=116068"},{"taxonomy":"product_cat","embeddable":true,"href":"https:\/\/www.hediyepazar.com\/index.php?rest_route=%2Fwp%2Fv2%2Fproduct_cat&post=116068"},{"taxonomy":"product_tag","embeddable":true,"href":"https:\/\/www.hediyepazar.com\/index.php?rest_route=%2Fwp%2Fv2%2Fproduct_tag&post=116068"}],"curies":[{"name":"wp","href":"https:\/\/api.w.org\/{rel}","templated":true}]}}