{"id":116070,"date":"2026-05-05T16:23:14","date_gmt":"2026-05-05T19:23:14","guid":{"rendered":"https:\/\/www.hediyepazar.com\/?product=7-yumurta-kapasiteli-buharli-yumurta-pisirme-cihazi-sesli-uyarili"},"modified":"2026-05-05T16:23:14","modified_gmt":"2026-05-05T19:23:14","slug":"7-yumurta-kapasiteli-buharli-yumurta-pisirme-cihazi-sesli-uyarili","status":"publish","type":"product","link":"https:\/\/www.hediyepazar.com\/?product=7-yumurta-kapasiteli-buharli-yumurta-pisirme-cihazi-sesli-uyarili","title":{"rendered":"7 Yumurta Kapasiteli Buharl\u0131 Yumurta Pi\u015firme Cihaz\u0131 Sesli Uyar\u0131l\u0131"},"content":{"rendered":"<p>Buharl\u0131 yumurta pi\u015firme cihaz\u0131, kullan\u0131c\u0131 dostu tasar\u0131m\u0131 ile kahvalt\u0131lar\u0131 zahmetsiz hale getirir. Tek seferde 7 yumurtay\u0131 ayn\u0131 anda pi\u015firir. Rafadan, orta ve tam pi\u015fmi\u015f ayarlar\u0131 ile farkl\u0131 damak zevklerine hitap eder.Paslanmaz \u00e7elik \u0131s\u0131tma plakas\u0131 uzun \u00f6m\u00fcrl\u00fc kullan\u0131m sa\u011flar. \u00d6l\u00e7\u00fcm kab\u0131 ve i\u011fnesi yumurtalar\u0131n kontroll\u00fc \u015fekilde delinmesine imk\u00e2n verir. B\u00f6ylece pi\u015firme esnas\u0131nda patlamalar \u00f6nlenir.\u015eeffaf kapa\u011f\u0131 sayesinde pi\u015firme s\u00fcrecini takip etmek m\u00fcmk\u00fcnd\u00fcr. Yumurtalar\u0131n\u0131z haz\u0131r oldu\u011funda cihaz sesli uyar\u0131 verir ve otomatik kapanma \u00f6zelli\u011fi sayesinde g\u00fcvenlik sa\u011flar.Kolay temizlenebilir yap\u0131s\u0131 hijyenik kullan\u0131m sunar. Enerji tasarrufu sa\u011flayan sistemi ile hem zamandan hem de elektrikten tasarruf edebilirsiniz.Yo\u011fun tempolu ya\u015famda kahvalt\u0131s\u0131n\u0131 h\u0131zl\u0131 haz\u0131rlamak isteyenler, sporseverler ve kalabal\u0131k aileler i\u00e7in vazge\u00e7ilmez bir mutfak aletidir.<\/p>\n","protected":false},"excerpt":{"rendered":"<p>Buharl\u0131 yumurta pi\u015firme cihaz\u0131, kullan\u0131c\u0131 dostu tasar\u0131m\u0131 ile kahvalt\u0131lar\u0131 zahmetsiz hale getirir. Tek seferde 7 yumurtay\u0131 ayn\u0131 anda pi\u015firir. Rafadan, orta ve tam pi\u015fmi\u015f ayarlar\u0131 ile farkl\u0131 damak zevklerine hitap eder.Paslanmaz \u00e7elik \u0131s\u0131tma plakas\u0131 uzun \u00f6m\u00fcrl\u00fc kullan\u0131m sa\u011flar. \u00d6l\u00e7\u00fcm kab\u0131 ve i\u011fnesi yumurtalar\u0131n kontroll\u00fc \u015fekilde delinmesine imk\u00e2n verir. B\u00f6ylece pi\u015firme esnas\u0131nda patlamalar \u00f6nlenir.\u015eeffaf kapa\u011f\u0131 sayesinde&#8230;<\/p>\n","protected":false},"featured_media":116069,"comment_status":"open","ping_status":"closed","template":"","meta":{"_kad_post_transparent":"","_kad_post_title":"","_kad_post_layout":"","_kad_post_sidebar_id":"","_kad_post_content_style":"","_kad_post_vertical_padding":"","_kad_post_feature":"","_kad_post_feature_position":"","_kad_post_header":false,"_kad_post_footer":false,"_kad_post_classname":""},"product_brand":[],"product_cat":[15082],"product_tag":[],"class_list":{"0":"post-116070","1":"product","2":"type-product","3":"status-publish","4":"has-post-thumbnail","6":"product_cat-buharda-pisirme-aparati-buharda-pisirme-aparati","8":"first","9":"instock","10":"purchasable","11":"product-type-simple","12":"entry","13":"content-bg","14":"loop-entry"},"_links":{"self":[{"href":"https:\/\/www.hediyepazar.com\/index.php?rest_route=\/wp\/v2\/product\/116070","targetHints":{"allow":["GET"]}}],"collection":[{"href":"https:\/\/www.hediyepazar.com\/index.php?rest_route=\/wp\/v2\/product"}],"about":[{"href":"https:\/\/www.hediyepazar.com\/index.php?rest_route=\/wp\/v2\/types\/product"}],"replies":[{"embeddable":true,"href":"https:\/\/www.hediyepazar.com\/index.php?rest_route=%2Fwp%2Fv2%2Fcomments&post=116070"}],"wp:featuredmedia":[{"embeddable":true,"href":"https:\/\/www.hediyepazar.com\/index.php?rest_route=\/wp\/v2\/media\/116069"}],"wp:attachment":[{"href":"https:\/\/www.hediyepazar.com\/index.php?rest_route=%2Fwp%2Fv2%2Fmedia&parent=116070"}],"wp:term":[{"taxonomy":"product_brand","embeddable":true,"href":"https:\/\/www.hediyepazar.com\/index.php?rest_route=%2Fwp%2Fv2%2Fproduct_brand&post=116070"},{"taxonomy":"product_cat","embeddable":true,"href":"https:\/\/www.hediyepazar.com\/index.php?rest_route=%2Fwp%2Fv2%2Fproduct_cat&post=116070"},{"taxonomy":"product_tag","embeddable":true,"href":"https:\/\/www.hediyepazar.com\/index.php?rest_route=%2Fwp%2Fv2%2Fproduct_tag&post=116070"}],"curies":[{"name":"wp","href":"https:\/\/api.w.org\/{rel}","templated":true}]}}