{"id":116074,"date":"2026-05-05T16:24:04","date_gmt":"2026-05-05T19:24:04","guid":{"rendered":"https:\/\/www.hediyepazar.com\/?product=7-yumurtalik-buharli-yumurta-pisirme-cihazi-otomatik-kapanma-ozellikli"},"modified":"2026-05-05T16:24:04","modified_gmt":"2026-05-05T19:24:04","slug":"7-yumurtalik-buharli-yumurta-pisirme-cihazi-otomatik-kapanma-ozellikli","status":"publish","type":"product","link":"https:\/\/www.hediyepazar.com\/?product=7-yumurtalik-buharli-yumurta-pisirme-cihazi-otomatik-kapanma-ozellikli","title":{"rendered":"7 Yumurtal\u0131k Buharl\u0131 Yumurta Pi\u015firme Cihaz\u0131 Otomatik Kapanma \u00d6zellikli"},"content":{"rendered":"<p>Pratik mutfak gere\u00e7leri aras\u0131nda yer alan yumurta pi\u015firme cihaz\u0131, tek seferde 7 yumurtay\u0131 ayn\u0131 anda pi\u015firerek size zaman kazand\u0131r\u0131r. Buharl\u0131 pi\u015firme teknolojisi ile \u00e7al\u0131\u015fan bu \u00fcr\u00fcn, yumurtalar\u0131 \u00e7atlatmadan ve lezzetini kaybetmeden haz\u0131rlaman\u0131za yard\u0131mc\u0131 olur.Cihaz, farkl\u0131 damak zevklerine hitap edecek \u015fekilde ayarlanm\u0131\u015ft\u0131r. Rafadan, orta veya tam pi\u015fmi\u015f yumurta haz\u0131rlayabilirsiniz. \u015eeffaf kapa\u011f\u0131 sayesinde pi\u015firme s\u00fcrecini g\u00f6zlemleyebilir, istedi\u011finiz k\u0131vam\u0131 elde etti\u011finizde pi\u015firmeyi durdurabilirsiniz.Paslanmaz \u00e7elik \u0131s\u0131tma plakas\u0131 dayan\u0131kl\u0131 bir kullan\u0131m sunarken, \u00f6l\u00e7\u00fcm kab\u0131 \u00fczerindeki i\u011fne yumurtalar\u0131n delinmesini kolayla\u015ft\u0131r\u0131r ve pi\u015firme s\u0131ras\u0131nda patlamalar\u0131n \u00f6n\u00fcne ge\u00e7er.Sesli uyar\u0131 sistemi, yumurtalar\u0131n\u0131z haz\u0131r oldu\u011funda sizi bilgilendirir. Otomatik kapanma \u00f6zelli\u011fi sayesinde g\u00fcvenle kullan\u0131labilir. Enerji tasarruflu \u00e7al\u0131\u015fma sistemi ile hem zaman hem de elektrik a\u00e7\u0131s\u0131ndan avantaj sa\u011flar.Kolay temizlenebilen yap\u0131s\u0131 hijyenik kullan\u0131m i\u00e7in idealdir. Ayr\u0131ca kompakt tasar\u0131m\u0131 sayesinde mutfakta fazla yer kaplamaz. Sporcular, yo\u011fun i\u015f temposuna sahip ki\u015filer ve kahvalt\u0131lar\u0131n\u0131 h\u0131zl\u0131ca haz\u0131rlamak isteyen aileler i\u00e7in b\u00fcy\u00fck kolayl\u0131k sunar.<\/p>\n","protected":false},"excerpt":{"rendered":"<p>Pratik mutfak gere\u00e7leri aras\u0131nda yer alan yumurta pi\u015firme cihaz\u0131, tek seferde 7 yumurtay\u0131 ayn\u0131 anda pi\u015firerek size zaman kazand\u0131r\u0131r. Buharl\u0131 pi\u015firme teknolojisi ile \u00e7al\u0131\u015fan bu \u00fcr\u00fcn, yumurtalar\u0131 \u00e7atlatmadan ve lezzetini kaybetmeden haz\u0131rlaman\u0131za yard\u0131mc\u0131 olur.Cihaz, farkl\u0131 damak zevklerine hitap edecek \u015fekilde ayarlanm\u0131\u015ft\u0131r. Rafadan, orta veya tam pi\u015fmi\u015f yumurta haz\u0131rlayabilirsiniz. \u015eeffaf kapa\u011f\u0131 sayesinde pi\u015firme s\u00fcrecini g\u00f6zlemleyebilir, istedi\u011finiz&#8230;<\/p>\n","protected":false},"featured_media":116073,"comment_status":"open","ping_status":"closed","template":"","meta":{"_kad_post_transparent":"","_kad_post_title":"","_kad_post_layout":"","_kad_post_sidebar_id":"","_kad_post_content_style":"","_kad_post_vertical_padding":"","_kad_post_feature":"","_kad_post_feature_position":"","_kad_post_header":false,"_kad_post_footer":false,"_kad_post_classname":""},"product_brand":[],"product_cat":[15082],"product_tag":[],"class_list":{"0":"post-116074","1":"product","2":"type-product","3":"status-publish","4":"has-post-thumbnail","6":"product_cat-buharda-pisirme-aparati-buharda-pisirme-aparati","8":"first","9":"instock","10":"purchasable","11":"product-type-simple","12":"entry","13":"content-bg","14":"loop-entry"},"_links":{"self":[{"href":"https:\/\/www.hediyepazar.com\/index.php?rest_route=\/wp\/v2\/product\/116074","targetHints":{"allow":["GET"]}}],"collection":[{"href":"https:\/\/www.hediyepazar.com\/index.php?rest_route=\/wp\/v2\/product"}],"about":[{"href":"https:\/\/www.hediyepazar.com\/index.php?rest_route=\/wp\/v2\/types\/product"}],"replies":[{"embeddable":true,"href":"https:\/\/www.hediyepazar.com\/index.php?rest_route=%2Fwp%2Fv2%2Fcomments&post=116074"}],"wp:featuredmedia":[{"embeddable":true,"href":"https:\/\/www.hediyepazar.com\/index.php?rest_route=\/wp\/v2\/media\/116073"}],"wp:attachment":[{"href":"https:\/\/www.hediyepazar.com\/index.php?rest_route=%2Fwp%2Fv2%2Fmedia&parent=116074"}],"wp:term":[{"taxonomy":"product_brand","embeddable":true,"href":"https:\/\/www.hediyepazar.com\/index.php?rest_route=%2Fwp%2Fv2%2Fproduct_brand&post=116074"},{"taxonomy":"product_cat","embeddable":true,"href":"https:\/\/www.hediyepazar.com\/index.php?rest_route=%2Fwp%2Fv2%2Fproduct_cat&post=116074"},{"taxonomy":"product_tag","embeddable":true,"href":"https:\/\/www.hediyepazar.com\/index.php?rest_route=%2Fwp%2Fv2%2Fproduct_tag&post=116074"}],"curies":[{"name":"wp","href":"https:\/\/api.w.org\/{rel}","templated":true}]}}