{"id":116076,"date":"2026-05-05T16:24:10","date_gmt":"2026-05-05T19:24:10","guid":{"rendered":"https:\/\/www.hediyepazar.com\/?product=7-yumurta-kapasiteli-yumurta-pisirme-makinesi-rafadan-orta-ve-kati"},"modified":"2026-05-05T16:24:10","modified_gmt":"2026-05-05T19:24:10","slug":"7-yumurta-kapasiteli-yumurta-pisirme-makinesi-rafadan-orta-ve-kati","status":"publish","type":"product","link":"https:\/\/www.hediyepazar.com\/?product=7-yumurta-kapasiteli-yumurta-pisirme-makinesi-rafadan-orta-ve-kati","title":{"rendered":"7 Yumurta Kapasiteli Yumurta Pi\u015firme Makinesi Rafadan Orta ve Kat\u0131"},"content":{"rendered":"<p>Yumurta pi\u015firme makineleri, kahvalt\u0131larda pratiklik arayan kullan\u0131c\u0131lar\u0131n en \u00e7ok tercih etti\u011fi mutfak yard\u0131mc\u0131lar\u0131 aras\u0131nda yer al\u0131r. Tek seferde 7 adet yumurtay\u0131 ayn\u0131 anda pi\u015firebilme kapasitesi sayesinde kalabal\u0131k aileler i\u00e7in idealdir. \u0130ster rafadan, ister kay\u0131s\u0131 k\u0131vam\u0131nda, ister tam pi\u015fmi\u015f yumurta tercih edin; cihaz\u0131n ayarlar\u0131 sayesinde damak zevkinize uygun k\u0131vam\u0131 kolayca elde edebilirsiniz.Paslanmaz \u00e7elik \u0131s\u0131tma plakas\u0131 sayesinde uzun \u00f6m\u00fcrl\u00fc kullan\u0131m sunar. Ayr\u0131ca cihaz\u0131n yan\u0131nda \u00f6l\u00e7\u00fcm kab\u0131 bulunur ve bu kab\u0131n \u00fczerinde paslanmaz \u00e7elik i\u011fne yer al\u0131r. Bu sayede yumurtalar\u0131 pi\u015firme \u00f6ncesinde delerek \u00e7atlama riskini azaltabilirsiniz.Pi\u015firme s\u00fcreci tamamland\u0131\u011f\u0131nda cihaz sesli uyar\u0131 verir ve otomatik kapanma \u00f6zelli\u011fi devreye girer. B\u00f6ylece yumurtalar\u0131n\u0131z fazla pi\u015fmez ve g\u00fcvenli kullan\u0131m sa\u011flan\u0131r. \u015eeffaf kapa\u011f\u0131 sayesinde pi\u015firme s\u00fcrecini g\u00f6zlemleyebilir, diledi\u011finiz anda k\u0131vam\u0131 kontrol edebilirsiniz.G\u00f6sterge \u0131\u015f\u0131kl\u0131 a\u00e7ma\/kapama d\u00fc\u011fmesi kullan\u0131m kolayl\u0131\u011f\u0131 sa\u011flar. Kompakt tasar\u0131m\u0131 ile mutfakta fazla yer kaplamaz. Ayr\u0131ca kolay temizlenebilir yap\u0131s\u0131 sayesinde hijyenik kullan\u0131m imk\u00e2n\u0131 sunar.Sabah kahvalt\u0131lar\u0131nda proteinden zengin ve sa\u011fl\u0131kl\u0131 bir alternatif olan yumurtay\u0131, zahmetsiz bir \u015fekilde haz\u0131rlamak isteyenler i\u00e7in bu yumurta pi\u015firme makinesi ideal bir se\u00e7imdir. Sporcular, \u00f6\u011frenciler ve yo\u011fun ya\u015fam temposuna sahip ki\u015filer i\u00e7in zamandan tasarruf sa\u011flayan kullan\u0131\u015fl\u0131 bir mutfak aletidir.<\/p>\n","protected":false},"excerpt":{"rendered":"<p>Yumurta pi\u015firme makineleri, kahvalt\u0131larda pratiklik arayan kullan\u0131c\u0131lar\u0131n en \u00e7ok tercih etti\u011fi mutfak yard\u0131mc\u0131lar\u0131 aras\u0131nda yer al\u0131r. Tek seferde 7 adet yumurtay\u0131 ayn\u0131 anda pi\u015firebilme kapasitesi sayesinde kalabal\u0131k aileler i\u00e7in idealdir. \u0130ster rafadan, ister kay\u0131s\u0131 k\u0131vam\u0131nda, ister tam pi\u015fmi\u015f yumurta tercih edin; cihaz\u0131n ayarlar\u0131 sayesinde damak zevkinize uygun k\u0131vam\u0131 kolayca elde edebilirsiniz.Paslanmaz \u00e7elik \u0131s\u0131tma plakas\u0131 sayesinde&#8230;<\/p>\n","protected":false},"featured_media":116075,"comment_status":"open","ping_status":"closed","template":"","meta":{"_kad_post_transparent":"","_kad_post_title":"","_kad_post_layout":"","_kad_post_sidebar_id":"","_kad_post_content_style":"","_kad_post_vertical_padding":"","_kad_post_feature":"","_kad_post_feature_position":"","_kad_post_header":false,"_kad_post_footer":false,"_kad_post_classname":""},"product_brand":[],"product_cat":[15082],"product_tag":[],"class_list":{"0":"post-116076","1":"product","2":"type-product","3":"status-publish","4":"has-post-thumbnail","6":"product_cat-buharda-pisirme-aparati-buharda-pisirme-aparati","8":"first","9":"instock","10":"purchasable","11":"product-type-simple","12":"entry","13":"content-bg","14":"loop-entry"},"_links":{"self":[{"href":"https:\/\/www.hediyepazar.com\/index.php?rest_route=\/wp\/v2\/product\/116076","targetHints":{"allow":["GET"]}}],"collection":[{"href":"https:\/\/www.hediyepazar.com\/index.php?rest_route=\/wp\/v2\/product"}],"about":[{"href":"https:\/\/www.hediyepazar.com\/index.php?rest_route=\/wp\/v2\/types\/product"}],"replies":[{"embeddable":true,"href":"https:\/\/www.hediyepazar.com\/index.php?rest_route=%2Fwp%2Fv2%2Fcomments&post=116076"}],"wp:featuredmedia":[{"embeddable":true,"href":"https:\/\/www.hediyepazar.com\/index.php?rest_route=\/wp\/v2\/media\/116075"}],"wp:attachment":[{"href":"https:\/\/www.hediyepazar.com\/index.php?rest_route=%2Fwp%2Fv2%2Fmedia&parent=116076"}],"wp:term":[{"taxonomy":"product_brand","embeddable":true,"href":"https:\/\/www.hediyepazar.com\/index.php?rest_route=%2Fwp%2Fv2%2Fproduct_brand&post=116076"},{"taxonomy":"product_cat","embeddable":true,"href":"https:\/\/www.hediyepazar.com\/index.php?rest_route=%2Fwp%2Fv2%2Fproduct_cat&post=116076"},{"taxonomy":"product_tag","embeddable":true,"href":"https:\/\/www.hediyepazar.com\/index.php?rest_route=%2Fwp%2Fv2%2Fproduct_tag&post=116076"}],"curies":[{"name":"wp","href":"https:\/\/api.w.org\/{rel}","templated":true}]}}