{"id":116078,"date":"2026-05-05T16:24:16","date_gmt":"2026-05-05T19:24:16","guid":{"rendered":"https:\/\/www.hediyepazar.com\/?product=mini-bluetooth-termal-yazici-1200mah-sarjli-tasinabilir"},"modified":"2026-05-05T16:24:16","modified_gmt":"2026-05-05T19:24:16","slug":"mini-bluetooth-termal-yazici-1200mah-sarjli-tasinabilir","status":"publish","type":"product","link":"https:\/\/www.hediyepazar.com\/?product=mini-bluetooth-termal-yazici-1200mah-sarjli-tasinabilir","title":{"rendered":"Mini Bluetooth Termal Yaz\u0131c\u0131 1200mAh \u015earjl\u0131 Ta\u015f\u0131nabilir"},"content":{"rendered":"<p>Mini Bluetooth termal yaz\u0131c\u0131, \u015farjl\u0131 yap\u0131s\u0131 ve ta\u015f\u0131nabilir tasar\u0131m\u0131yla g\u00fcnl\u00fck kullan\u0131m i\u00e7in idealdir. Bluetooth \u00fczerinden telefonunuza ba\u011flanarak istedi\u011finiz an bask\u0131 yapabilirsiniz.200 DPI \u00e7\u00f6z\u00fcn\u00fcrl\u00fc\u011f\u00fc sayesinde hem belgelerde hem de foto\u011fraflarda net bask\u0131lar elde edilir. Sadece siyah beyaz bask\u0131 yapar ve m\u00fcrekkep kullanmaz. Bu sayede bak\u0131m gerektirmeden uzun s\u00fcre kullan\u0131labilir.Dahili 1200mAh batarya, cihaz\u0131n uzun s\u00fcreli \u00e7al\u0131\u015fmas\u0131n\u0131 sa\u011flar. Tek \u015farjla g\u00fcn boyu bask\u0131 yapabilir, s\u0131k s\u0131k \u015farj etme ihtiyac\u0131 duymazs\u0131n\u0131z.Yaz\u0131c\u0131, 57x25mm, 57x28mm ve 57x30mm ka\u011f\u0131t boyutlar\u0131 ile uyumludur. B\u00f6ylece farkl\u0131 boyutlarda not, liste, etiket ya da foto\u011fraf bask\u0131s\u0131 yapabilirsiniz.ABS malzeme g\u00f6vdesi dayan\u0131kl\u0131d\u0131r ve kompakt yap\u0131s\u0131 sayesinde kolayca ta\u015f\u0131nabilir. \u00d6\u011frenciler, ev kullan\u0131c\u0131lar\u0131 ve i\u015f hayat\u0131nda pratik \u00e7\u00f6z\u00fcmler arayanlar i\u00e7in en uygun ta\u015f\u0131nabilir yaz\u0131c\u0131d\u0131r.<\/p>\n","protected":false},"excerpt":{"rendered":"<p>Mini Bluetooth termal yaz\u0131c\u0131, \u015farjl\u0131 yap\u0131s\u0131 ve ta\u015f\u0131nabilir tasar\u0131m\u0131yla g\u00fcnl\u00fck kullan\u0131m i\u00e7in idealdir. Bluetooth \u00fczerinden telefonunuza ba\u011flanarak istedi\u011finiz an bask\u0131 yapabilirsiniz.200 DPI \u00e7\u00f6z\u00fcn\u00fcrl\u00fc\u011f\u00fc sayesinde hem belgelerde hem de foto\u011fraflarda net bask\u0131lar elde edilir. Sadece siyah beyaz bask\u0131 yapar ve m\u00fcrekkep kullanmaz. Bu sayede bak\u0131m gerektirmeden uzun s\u00fcre kullan\u0131labilir.Dahili 1200mAh batarya, cihaz\u0131n uzun s\u00fcreli \u00e7al\u0131\u015fmas\u0131n\u0131 sa\u011flar&#8230;.<\/p>\n","protected":false},"featured_media":116077,"comment_status":"open","ping_status":"closed","template":"","meta":{"_kad_post_transparent":"","_kad_post_title":"","_kad_post_layout":"","_kad_post_sidebar_id":"","_kad_post_content_style":"","_kad_post_vertical_padding":"","_kad_post_feature":"","_kad_post_feature_position":"","_kad_post_header":false,"_kad_post_footer":false,"_kad_post_classname":""},"product_brand":[],"product_cat":[14987],"product_tag":[],"class_list":{"0":"post-116078","1":"product","2":"type-product","3":"status-publish","4":"has-post-thumbnail","6":"product_cat-cocuk-kamera-cocuk-kamera","8":"first","9":"instock","10":"purchasable","11":"product-type-simple","12":"entry","13":"content-bg","14":"loop-entry"},"_links":{"self":[{"href":"https:\/\/www.hediyepazar.com\/index.php?rest_route=\/wp\/v2\/product\/116078","targetHints":{"allow":["GET"]}}],"collection":[{"href":"https:\/\/www.hediyepazar.com\/index.php?rest_route=\/wp\/v2\/product"}],"about":[{"href":"https:\/\/www.hediyepazar.com\/index.php?rest_route=\/wp\/v2\/types\/product"}],"replies":[{"embeddable":true,"href":"https:\/\/www.hediyepazar.com\/index.php?rest_route=%2Fwp%2Fv2%2Fcomments&post=116078"}],"wp:featuredmedia":[{"embeddable":true,"href":"https:\/\/www.hediyepazar.com\/index.php?rest_route=\/wp\/v2\/media\/116077"}],"wp:attachment":[{"href":"https:\/\/www.hediyepazar.com\/index.php?rest_route=%2Fwp%2Fv2%2Fmedia&parent=116078"}],"wp:term":[{"taxonomy":"product_brand","embeddable":true,"href":"https:\/\/www.hediyepazar.com\/index.php?rest_route=%2Fwp%2Fv2%2Fproduct_brand&post=116078"},{"taxonomy":"product_cat","embeddable":true,"href":"https:\/\/www.hediyepazar.com\/index.php?rest_route=%2Fwp%2Fv2%2Fproduct_cat&post=116078"},{"taxonomy":"product_tag","embeddable":true,"href":"https:\/\/www.hediyepazar.com\/index.php?rest_route=%2Fwp%2Fv2%2Fproduct_tag&post=116078"}],"curies":[{"name":"wp","href":"https:\/\/api.w.org\/{rel}","templated":true}]}}