{"id":116082,"date":"2026-05-05T16:25:03","date_gmt":"2026-05-05T19:25:03","guid":{"rendered":"https:\/\/www.hediyepazar.com\/?product=tasinabilir-mini-termal-yazici-200-dpi-bluetooth-baglantili"},"modified":"2026-05-05T16:25:03","modified_gmt":"2026-05-05T19:25:03","slug":"tasinabilir-mini-termal-yazici-200-dpi-bluetooth-baglantili","status":"publish","type":"product","link":"https:\/\/www.hediyepazar.com\/?product=tasinabilir-mini-termal-yazici-200-dpi-bluetooth-baglantili","title":{"rendered":"Ta\u015f\u0131nabilir Mini Termal Yaz\u0131c\u0131 200 DPI Bluetooth Ba\u011flant\u0131l\u0131"},"content":{"rendered":"<p>Ta\u015f\u0131nabilir mini termal yaz\u0131c\u0131, k\u00fc\u00e7\u00fck boyutu ve hafif tasar\u0131m\u0131yla g\u00fcnl\u00fck hayat\u0131n\u0131zda her an yan\u0131n\u0131zda ta\u015f\u0131yabilece\u011finiz pratik bir cihazd\u0131r. Bluetooth ba\u011flant\u0131s\u0131 sayesinde ak\u0131ll\u0131 telefonunuza ba\u011flanarak kablosuz bask\u0131 yapman\u0131za olanak tan\u0131r.200 DPI bask\u0131 \u00e7\u00f6z\u00fcn\u00fcrl\u00fc\u011f\u00fc, hem belgeler hem de foto\u011fraflar i\u00e7in net bask\u0131 kalitesi sunar. \u00d6zellikle \u00f6\u011frenciler, ders notlar\u0131n\u0131 ya da yanl\u0131\u015f \u00e7\u00f6z\u00fclen sorular\u0131 \u00e7\u0131kt\u0131 alarak tekrar g\u00f6zden ge\u00e7irmek i\u00e7in bu yaz\u0131c\u0131y\u0131 rahatl\u0131kla kullanabilir.ABS malzeme g\u00f6vdesi, dayan\u0131kl\u0131 ve uzun \u00f6m\u00fcrl\u00fc bir kullan\u0131m sa\u011flar. 1200mAh bataryas\u0131 sayesinde tek \u015farjla uzun s\u00fcre \u00e7al\u0131\u015f\u0131r, s\u0131k \u015farj etme ihtiyac\u0131n\u0131 ortadan kald\u0131r\u0131r.Cihaz, farkl\u0131 bask\u0131 ihtiya\u00e7lar\u0131n\u0131 kar\u015f\u0131lamak \u00fczere 57x25mm, 57x28mm ve 57x30mm boyutlar\u0131ndaki ka\u011f\u0131tlarla uyumludur. Siyah beyaz bask\u0131 yapan cihaz, g\u00fcnl\u00fck kullan\u0131m i\u00e7in olduk\u00e7a ekonomik bir \u00e7\u00f6z\u00fcmd\u00fcr. M\u00fcrekkep ya da toner gerektirmedi\u011fi i\u00e7in bak\u0131m masraf\u0131 yoktur.Ofiste, okulda veya seyahatlerde kullan\u0131ma uygun olan bu yaz\u0131c\u0131, kompakt boyutuyla her yere rahatl\u0131kla s\u0131\u011far.<\/p>\n","protected":false},"excerpt":{"rendered":"<p>Ta\u015f\u0131nabilir mini termal yaz\u0131c\u0131, k\u00fc\u00e7\u00fck boyutu ve hafif tasar\u0131m\u0131yla g\u00fcnl\u00fck hayat\u0131n\u0131zda her an yan\u0131n\u0131zda ta\u015f\u0131yabilece\u011finiz pratik bir cihazd\u0131r. Bluetooth ba\u011flant\u0131s\u0131 sayesinde ak\u0131ll\u0131 telefonunuza ba\u011flanarak kablosuz bask\u0131 yapman\u0131za olanak tan\u0131r.200 DPI bask\u0131 \u00e7\u00f6z\u00fcn\u00fcrl\u00fc\u011f\u00fc, hem belgeler hem de foto\u011fraflar i\u00e7in net bask\u0131 kalitesi sunar. \u00d6zellikle \u00f6\u011frenciler, ders notlar\u0131n\u0131 ya da yanl\u0131\u015f \u00e7\u00f6z\u00fclen sorular\u0131 \u00e7\u0131kt\u0131 alarak tekrar g\u00f6zden&#8230;<\/p>\n","protected":false},"featured_media":116081,"comment_status":"open","ping_status":"closed","template":"","meta":{"_kad_post_transparent":"","_kad_post_title":"","_kad_post_layout":"","_kad_post_sidebar_id":"","_kad_post_content_style":"","_kad_post_vertical_padding":"","_kad_post_feature":"","_kad_post_feature_position":"","_kad_post_header":false,"_kad_post_footer":false,"_kad_post_classname":""},"product_brand":[],"product_cat":[14987],"product_tag":[],"class_list":{"0":"post-116082","1":"product","2":"type-product","3":"status-publish","4":"has-post-thumbnail","6":"product_cat-cocuk-kamera-cocuk-kamera","8":"first","9":"instock","10":"purchasable","11":"product-type-simple","12":"entry","13":"content-bg","14":"loop-entry"},"_links":{"self":[{"href":"https:\/\/www.hediyepazar.com\/index.php?rest_route=\/wp\/v2\/product\/116082","targetHints":{"allow":["GET"]}}],"collection":[{"href":"https:\/\/www.hediyepazar.com\/index.php?rest_route=\/wp\/v2\/product"}],"about":[{"href":"https:\/\/www.hediyepazar.com\/index.php?rest_route=\/wp\/v2\/types\/product"}],"replies":[{"embeddable":true,"href":"https:\/\/www.hediyepazar.com\/index.php?rest_route=%2Fwp%2Fv2%2Fcomments&post=116082"}],"wp:featuredmedia":[{"embeddable":true,"href":"https:\/\/www.hediyepazar.com\/index.php?rest_route=\/wp\/v2\/media\/116081"}],"wp:attachment":[{"href":"https:\/\/www.hediyepazar.com\/index.php?rest_route=%2Fwp%2Fv2%2Fmedia&parent=116082"}],"wp:term":[{"taxonomy":"product_brand","embeddable":true,"href":"https:\/\/www.hediyepazar.com\/index.php?rest_route=%2Fwp%2Fv2%2Fproduct_brand&post=116082"},{"taxonomy":"product_cat","embeddable":true,"href":"https:\/\/www.hediyepazar.com\/index.php?rest_route=%2Fwp%2Fv2%2Fproduct_cat&post=116082"},{"taxonomy":"product_tag","embeddable":true,"href":"https:\/\/www.hediyepazar.com\/index.php?rest_route=%2Fwp%2Fv2%2Fproduct_tag&post=116082"}],"curies":[{"name":"wp","href":"https:\/\/api.w.org\/{rel}","templated":true}]}}