{"id":116084,"date":"2026-05-05T16:25:12","date_gmt":"2026-05-05T19:25:12","guid":{"rendered":"https:\/\/www.hediyepazar.com\/?product=kablosuz-mini-cep-yazicisi-bluetooth-destekli-1200mah-bataryali"},"modified":"2026-05-05T16:25:12","modified_gmt":"2026-05-05T19:25:12","slug":"kablosuz-mini-cep-yazicisi-bluetooth-destekli-1200mah-bataryali","status":"publish","type":"product","link":"https:\/\/www.hediyepazar.com\/?product=kablosuz-mini-cep-yazicisi-bluetooth-destekli-1200mah-bataryali","title":{"rendered":"Kablosuz Mini Cep Yaz\u0131c\u0131s\u0131 Bluetooth Destekli 1200mAh Bataryal\u0131"},"content":{"rendered":"<p>Kablosuz mini cep yaz\u0131c\u0131s\u0131, Bluetooth \u00fczerinden telefonunuza ba\u011flanarak foto\u011fraf ve belgeleri an\u0131nda yazd\u0131rman\u0131za olanak tan\u0131r. Kompakt boyutu sayesinde cebinizde, \u00e7antan\u0131zda kolayca ta\u015f\u0131nabilir. \u00d6zellikle \u00f6\u011frenciler ve i\u015f hayat\u0131nda pratik \u00e7\u00f6z\u00fcmler arayanlar i\u00e7in idealdir.Y\u00fcksek kaliteli ABS malzeme ile \u00fcretilmi\u015f g\u00f6vdesi, darbelere dayan\u0131kl\u0131d\u0131r ve uzun s\u00fcre kullan\u0131m sa\u011flar. 200 DPI \u00e7\u00f6z\u00fcn\u00fcrl\u00fc\u011f\u00fc sayesinde net ve temiz bask\u0131lar elde edilir. Sadece siyah-beyaz bask\u0131 yapar, bu sayede ders notlar\u0131, alarmlar, yap\u0131lacak listeleri veya foto\u011fraf \u00e7\u0131kt\u0131lar\u0131 i\u00e7in uygundur.Yaz\u0131c\u0131, 1200mAh bataryas\u0131 ile uzun s\u00fcre kesintisiz kullan\u0131m sunar. Tek \u015farjla bir\u00e7ok bask\u0131y\u0131 kolayl\u0131kla yapabilirsiniz. Ayr\u0131ca d\u00fc\u015f\u00fck enerji t\u00fcketimi sayesinde batarya \u00f6mr\u00fc daha da uzundur.57x25mm, 57x28mm ve 57x30mm ka\u011f\u0131t boyutlar\u0131yla uyumlu olan cihaz, farkl\u0131 ihtiya\u00e7lar i\u00e7in esneklik sa\u011flar. M\u00fcrekkepsiz termal bask\u0131 teknolojisi sayesinde kartu\u015f masraf\u0131 yoktur ve her zaman temiz bask\u0131 al\u0131n\u0131r.Ta\u015f\u0131nabilirli\u011fi, g\u00fc\u00e7l\u00fc bataryas\u0131 ve \u00e7ok y\u00f6nl\u00fc kullan\u0131m avantajlar\u0131yla bu mini yaz\u0131c\u0131, g\u00fcnl\u00fck hayat\u0131n\u0131zda size b\u00fcy\u00fck kolayl\u0131k sa\u011flar.<\/p>\n","protected":false},"excerpt":{"rendered":"<p>Kablosuz mini cep yaz\u0131c\u0131s\u0131, Bluetooth \u00fczerinden telefonunuza ba\u011flanarak foto\u011fraf ve belgeleri an\u0131nda yazd\u0131rman\u0131za olanak tan\u0131r. Kompakt boyutu sayesinde cebinizde, \u00e7antan\u0131zda kolayca ta\u015f\u0131nabilir. \u00d6zellikle \u00f6\u011frenciler ve i\u015f hayat\u0131nda pratik \u00e7\u00f6z\u00fcmler arayanlar i\u00e7in idealdir.Y\u00fcksek kaliteli ABS malzeme ile \u00fcretilmi\u015f g\u00f6vdesi, darbelere dayan\u0131kl\u0131d\u0131r ve uzun s\u00fcre kullan\u0131m sa\u011flar. 200 DPI \u00e7\u00f6z\u00fcn\u00fcrl\u00fc\u011f\u00fc sayesinde net ve temiz bask\u0131lar elde edilir&#8230;.<\/p>\n","protected":false},"featured_media":116083,"comment_status":"open","ping_status":"closed","template":"","meta":{"_kad_post_transparent":"","_kad_post_title":"","_kad_post_layout":"","_kad_post_sidebar_id":"","_kad_post_content_style":"","_kad_post_vertical_padding":"","_kad_post_feature":"","_kad_post_feature_position":"","_kad_post_header":false,"_kad_post_footer":false,"_kad_post_classname":""},"product_brand":[],"product_cat":[14987],"product_tag":[],"class_list":{"0":"post-116084","1":"product","2":"type-product","3":"status-publish","4":"has-post-thumbnail","6":"product_cat-cocuk-kamera-cocuk-kamera","8":"first","9":"instock","10":"purchasable","11":"product-type-simple","12":"entry","13":"content-bg","14":"loop-entry"},"_links":{"self":[{"href":"https:\/\/www.hediyepazar.com\/index.php?rest_route=\/wp\/v2\/product\/116084","targetHints":{"allow":["GET"]}}],"collection":[{"href":"https:\/\/www.hediyepazar.com\/index.php?rest_route=\/wp\/v2\/product"}],"about":[{"href":"https:\/\/www.hediyepazar.com\/index.php?rest_route=\/wp\/v2\/types\/product"}],"replies":[{"embeddable":true,"href":"https:\/\/www.hediyepazar.com\/index.php?rest_route=%2Fwp%2Fv2%2Fcomments&post=116084"}],"wp:featuredmedia":[{"embeddable":true,"href":"https:\/\/www.hediyepazar.com\/index.php?rest_route=\/wp\/v2\/media\/116083"}],"wp:attachment":[{"href":"https:\/\/www.hediyepazar.com\/index.php?rest_route=%2Fwp%2Fv2%2Fmedia&parent=116084"}],"wp:term":[{"taxonomy":"product_brand","embeddable":true,"href":"https:\/\/www.hediyepazar.com\/index.php?rest_route=%2Fwp%2Fv2%2Fproduct_brand&post=116084"},{"taxonomy":"product_cat","embeddable":true,"href":"https:\/\/www.hediyepazar.com\/index.php?rest_route=%2Fwp%2Fv2%2Fproduct_cat&post=116084"},{"taxonomy":"product_tag","embeddable":true,"href":"https:\/\/www.hediyepazar.com\/index.php?rest_route=%2Fwp%2Fv2%2Fproduct_tag&post=116084"}],"curies":[{"name":"wp","href":"https:\/\/api.w.org\/{rel}","templated":true}]}}