{"id":116086,"date":"2026-05-05T16:25:24","date_gmt":"2026-05-05T19:25:24","guid":{"rendered":"https:\/\/www.hediyepazar.com\/?product=mini-termal-yazici-kablosuz-tasinabilir-bluetooth-baglantili-200-dpi"},"modified":"2026-05-05T16:25:24","modified_gmt":"2026-05-05T19:25:24","slug":"mini-termal-yazici-kablosuz-tasinabilir-bluetooth-baglantili-200-dpi","status":"publish","type":"product","link":"https:\/\/www.hediyepazar.com\/?product=mini-termal-yazici-kablosuz-tasinabilir-bluetooth-baglantili-200-dpi","title":{"rendered":"Mini Termal Yaz\u0131c\u0131 Kablosuz Ta\u015f\u0131nabilir Bluetooth Ba\u011flant\u0131l\u0131 200 DPI"},"content":{"rendered":"<p>Mini termal yaz\u0131c\u0131, kablosuz ba\u011flant\u0131 \u00f6zelli\u011fi sayesinde ak\u0131ll\u0131 telefonunuza kolayca ba\u011flanarak istedi\u011finiz zaman ve istedi\u011finiz yerde bask\u0131 yapma imk\u00e2n\u0131 sunar. Bluetooth ba\u011flant\u0131s\u0131 ile saniyeler i\u00e7inde cihaz\u0131n\u0131za e\u015fle\u015fir ve foto\u011fraf, not, belge ya da etiket basabilirsiniz. Hafif ve kompakt yap\u0131s\u0131 sayesinde yan\u0131n\u0131zda ta\u015f\u0131mas\u0131 olduk\u00e7a kolayd\u0131r.Birinci s\u0131n\u0131f ABS malzemeden \u00fcretilen yaz\u0131c\u0131, dayan\u0131kl\u0131 ve uzun \u00f6m\u00fcrl\u00fcd\u00fcr. Sadece 200 DPI \u00e7\u00f6z\u00fcn\u00fcrl\u00fckle net bask\u0131lar yapar, bu da hem belgeler hem de foto\u011fraflar i\u00e7in ideal sonu\u00e7 verir. \u00d6\u011frenciler, yanl\u0131\u015f sorular\u0131n \u00e7\u0131kt\u0131s\u0131n\u0131 almak ya da notlar\u0131n\u0131 d\u00fczenlemek i\u00e7in rahatl\u0131kla kullanabilir.Dahili 1200mAh lityum batarya sayesinde uzun pil \u00f6mr\u00fc sunar. Tek \u015farjla g\u00fcn boyu bask\u0131 yapabilir, s\u0131k s\u0131k \u015farj etme ihtiyac\u0131 ya\u015famazs\u0131n\u0131z.Yaz\u0131c\u0131, 57x25mm, 57x28mm ve 57x30mm \u00f6l\u00e7\u00fclerindeki termal ka\u011f\u0131tlarla uyumludur. B\u00f6ylece farkl\u0131 bask\u0131 ihtiya\u00e7lar\u0131n\u0131z\u0131 kolayca kar\u015f\u0131lar. M\u00fcrekkep veya toner kullanmad\u0131\u011f\u0131 i\u00e7in bak\u0131m masrafs\u0131zd\u0131r.Hem \u00f6\u011frencilere hem ofis \u00e7al\u0131\u015fanlar\u0131na hem de g\u00fcnl\u00fck kullan\u0131m i\u00e7in pratik \u00e7\u00f6z\u00fcmler sunan bu mini termal yaz\u0131c\u0131, evinizde ya da seyahatlerinizde vazge\u00e7ilmez bir yard\u0131mc\u0131n\u0131z olacakt\u0131r.<\/p>\n","protected":false},"excerpt":{"rendered":"<p>Mini termal yaz\u0131c\u0131, kablosuz ba\u011flant\u0131 \u00f6zelli\u011fi sayesinde ak\u0131ll\u0131 telefonunuza kolayca ba\u011flanarak istedi\u011finiz zaman ve istedi\u011finiz yerde bask\u0131 yapma imk\u00e2n\u0131 sunar. Bluetooth ba\u011flant\u0131s\u0131 ile saniyeler i\u00e7inde cihaz\u0131n\u0131za e\u015fle\u015fir ve foto\u011fraf, not, belge ya da etiket basabilirsiniz. Hafif ve kompakt yap\u0131s\u0131 sayesinde yan\u0131n\u0131zda ta\u015f\u0131mas\u0131 olduk\u00e7a kolayd\u0131r.Birinci s\u0131n\u0131f ABS malzemeden \u00fcretilen yaz\u0131c\u0131, dayan\u0131kl\u0131 ve uzun \u00f6m\u00fcrl\u00fcd\u00fcr. Sadece 200&#8230;<\/p>\n","protected":false},"featured_media":116085,"comment_status":"open","ping_status":"closed","template":"","meta":{"_kad_post_transparent":"","_kad_post_title":"","_kad_post_layout":"","_kad_post_sidebar_id":"","_kad_post_content_style":"","_kad_post_vertical_padding":"","_kad_post_feature":"","_kad_post_feature_position":"","_kad_post_header":false,"_kad_post_footer":false,"_kad_post_classname":""},"product_brand":[],"product_cat":[14987],"product_tag":[],"class_list":{"0":"post-116086","1":"product","2":"type-product","3":"status-publish","4":"has-post-thumbnail","6":"product_cat-cocuk-kamera-cocuk-kamera","8":"first","9":"instock","10":"purchasable","11":"product-type-simple","12":"entry","13":"content-bg","14":"loop-entry"},"_links":{"self":[{"href":"https:\/\/www.hediyepazar.com\/index.php?rest_route=\/wp\/v2\/product\/116086","targetHints":{"allow":["GET"]}}],"collection":[{"href":"https:\/\/www.hediyepazar.com\/index.php?rest_route=\/wp\/v2\/product"}],"about":[{"href":"https:\/\/www.hediyepazar.com\/index.php?rest_route=\/wp\/v2\/types\/product"}],"replies":[{"embeddable":true,"href":"https:\/\/www.hediyepazar.com\/index.php?rest_route=%2Fwp%2Fv2%2Fcomments&post=116086"}],"wp:featuredmedia":[{"embeddable":true,"href":"https:\/\/www.hediyepazar.com\/index.php?rest_route=\/wp\/v2\/media\/116085"}],"wp:attachment":[{"href":"https:\/\/www.hediyepazar.com\/index.php?rest_route=%2Fwp%2Fv2%2Fmedia&parent=116086"}],"wp:term":[{"taxonomy":"product_brand","embeddable":true,"href":"https:\/\/www.hediyepazar.com\/index.php?rest_route=%2Fwp%2Fv2%2Fproduct_brand&post=116086"},{"taxonomy":"product_cat","embeddable":true,"href":"https:\/\/www.hediyepazar.com\/index.php?rest_route=%2Fwp%2Fv2%2Fproduct_cat&post=116086"},{"taxonomy":"product_tag","embeddable":true,"href":"https:\/\/www.hediyepazar.com\/index.php?rest_route=%2Fwp%2Fv2%2Fproduct_tag&post=116086"}],"curies":[{"name":"wp","href":"https:\/\/api.w.org\/{rel}","templated":true}]}}