{"id":116092,"date":"2026-05-05T16:27:09","date_gmt":"2026-05-05T19:27:09","guid":{"rendered":"https:\/\/www.hediyepazar.com\/?product=hasuba-hs-262-ipl-epilasyon-cihazi-lcd-ekranli-1m-flas"},"modified":"2026-05-05T16:27:09","modified_gmt":"2026-05-05T19:27:09","slug":"hasuba-hs-262-ipl-epilasyon-cihazi-lcd-ekranli-1m-flas","status":"publish","type":"product","link":"https:\/\/www.hediyepazar.com\/?product=hasuba-hs-262-ipl-epilasyon-cihazi-lcd-ekranli-1m-flas","title":{"rendered":"Hasuba HS-262 IPL Epilasyon Cihaz\u0131 LCD Ekranl\u0131 1M Fla\u015f"},"content":{"rendered":"<p>Hasuba IPL HS-262, 5 farkl\u0131 enerji seviyesi ile cilt hassasiyetine uygun kullan\u0131m sunar. IPL teknolojisi sayesinde \u0131\u015f\u0131k at\u0131mlar\u0131 do\u011frudan k\u0131l k\u00f6klerine etki ederek b\u00fcy\u00fcme d\u00f6ng\u00fcs\u00fcn\u00fc yava\u015flat\u0131r. D\u00fczenli kullan\u0131m sonucunda daha p\u00fcr\u00fczs\u00fcz ve uzun s\u00fcreli sonu\u00e7lar elde edebilirsiniz.Cihaz, 999999 at\u0131m kapasitesi ile uzun \u00f6m\u00fcrl\u00fcd\u00fcr. Hem kad\u0131nlar hem de erkekler taraf\u0131ndan kullan\u0131labilir. Koltuk alt\u0131, bacak, kol, y\u00fcz ve bikini b\u00f6lgesi gibi farkl\u0131 b\u00f6lgelerde g\u00fcvenle tercih edilebilir. Ergonomik tabanca formu rahat tutu\u015f sa\u011flarken LCD ekran sayesinde kalan at\u0131m say\u0131s\u0131 ve g\u00fc\u00e7 seviyesi kolayca takip edilir.IPL epilasyon cihaz\u0131, cilt tonunu alg\u0131layarak uygun temas sa\u011fland\u0131\u011f\u0131nda \u00e7al\u0131\u015f\u0131r, bu da g\u00fcvenli\u011fi art\u0131r\u0131r. Ayr\u0131ca manuel ve otomatik fla\u015f modlar\u0131 sayesinde hem k\u00fc\u00e7\u00fck hem de geni\u015f alanlarda kullan\u0131m kolayl\u0131\u011f\u0131 sunar.Klinik ara\u015ft\u0131rmalara g\u00f6re IPL teknolojisi, yaln\u0131zca 3-4 seans sonunda etkili sonu\u00e7lar g\u00f6stermeye ba\u015flar. \u0130lk seanslar iki haftada bir yap\u0131lmal\u0131, daha sonra ayl\u0131k r\u00f6tu\u015flarla p\u00fcr\u00fczs\u00fczl\u00fck korunmal\u0131d\u0131r.Hasuba HS-262, evde profesyonel epilasyon deneyimi ya\u015famak isteyenler i\u00e7in g\u00fcvenli, hassas ve etkili bir cihazd\u0131r.<\/p>\n","protected":false},"excerpt":{"rendered":"<p>Hasuba IPL HS-262, 5 farkl\u0131 enerji seviyesi ile cilt hassasiyetine uygun kullan\u0131m sunar. IPL teknolojisi sayesinde \u0131\u015f\u0131k at\u0131mlar\u0131 do\u011frudan k\u0131l k\u00f6klerine etki ederek b\u00fcy\u00fcme d\u00f6ng\u00fcs\u00fcn\u00fc yava\u015flat\u0131r. D\u00fczenli kullan\u0131m sonucunda daha p\u00fcr\u00fczs\u00fcz ve uzun s\u00fcreli sonu\u00e7lar elde edebilirsiniz.Cihaz, 999999 at\u0131m kapasitesi ile uzun \u00f6m\u00fcrl\u00fcd\u00fcr. Hem kad\u0131nlar hem de erkekler taraf\u0131ndan kullan\u0131labilir. Koltuk alt\u0131, bacak, kol, y\u00fcz&#8230;<\/p>\n","protected":false},"featured_media":116091,"comment_status":"open","ping_status":"closed","template":"","meta":{"_kad_post_transparent":"","_kad_post_title":"","_kad_post_layout":"","_kad_post_sidebar_id":"","_kad_post_content_style":"","_kad_post_vertical_padding":"","_kad_post_feature":"","_kad_post_feature_position":"","_kad_post_header":false,"_kad_post_footer":false,"_kad_post_classname":""},"product_brand":[],"product_cat":[14919],"product_tag":[],"class_list":{"0":"post-116092","1":"product","2":"type-product","3":"status-publish","4":"has-post-thumbnail","6":"product_cat-epilator-epilator","8":"first","9":"instock","10":"purchasable","11":"product-type-simple","12":"entry","13":"content-bg","14":"loop-entry"},"_links":{"self":[{"href":"https:\/\/www.hediyepazar.com\/index.php?rest_route=\/wp\/v2\/product\/116092","targetHints":{"allow":["GET"]}}],"collection":[{"href":"https:\/\/www.hediyepazar.com\/index.php?rest_route=\/wp\/v2\/product"}],"about":[{"href":"https:\/\/www.hediyepazar.com\/index.php?rest_route=\/wp\/v2\/types\/product"}],"replies":[{"embeddable":true,"href":"https:\/\/www.hediyepazar.com\/index.php?rest_route=%2Fwp%2Fv2%2Fcomments&post=116092"}],"wp:featuredmedia":[{"embeddable":true,"href":"https:\/\/www.hediyepazar.com\/index.php?rest_route=\/wp\/v2\/media\/116091"}],"wp:attachment":[{"href":"https:\/\/www.hediyepazar.com\/index.php?rest_route=%2Fwp%2Fv2%2Fmedia&parent=116092"}],"wp:term":[{"taxonomy":"product_brand","embeddable":true,"href":"https:\/\/www.hediyepazar.com\/index.php?rest_route=%2Fwp%2Fv2%2Fproduct_brand&post=116092"},{"taxonomy":"product_cat","embeddable":true,"href":"https:\/\/www.hediyepazar.com\/index.php?rest_route=%2Fwp%2Fv2%2Fproduct_cat&post=116092"},{"taxonomy":"product_tag","embeddable":true,"href":"https:\/\/www.hediyepazar.com\/index.php?rest_route=%2Fwp%2Fv2%2Fproduct_tag&post=116092"}],"curies":[{"name":"wp","href":"https:\/\/api.w.org\/{rel}","templated":true}]}}