{"id":116114,"date":"2026-05-05T16:30:08","date_gmt":"2026-05-05T19:30:08","guid":{"rendered":"https:\/\/www.hediyepazar.com\/?product=cok-fonksiyonlu-dijital-gosterge-elektrikli-lastik-pompasi"},"modified":"2026-05-05T16:30:08","modified_gmt":"2026-05-05T19:30:08","slug":"cok-fonksiyonlu-dijital-gosterge-elektrikli-lastik-pompasi","status":"publish","type":"product","link":"https:\/\/www.hediyepazar.com\/?product=cok-fonksiyonlu-dijital-gosterge-elektrikli-lastik-pompasi","title":{"rendered":"\u00c7ok Fonksiyonlu Dijital G\u00f6sterge Elektrikli Lastik Pompas\u0131"},"content":{"rendered":"<p>Ta\u015f\u0131nabilir Elektrikli Hava Kompres\u00f6r\u00fc, g\u00fc\u00e7l\u00fc performans\u0131 ve kolay ta\u015f\u0131nabilir yap\u0131s\u0131 ile kullan\u0131c\u0131lar\u0131n favorisi haline gelmi\u015ftir. Bas\u0131n\u00e7 g\u00f6stergesi sayesinde \u015fi\u015firme i\u015flemini daha g\u00fcvenilir hale getirir. Type-C USB \u015farj \u00f6zelli\u011fi ile her yerde \u015farj edilebilir, 3000 mAh bataryas\u0131 ise uzun s\u00fcreli kullan\u0131m sa\u011flar. 20 cm hortum uzunlu\u011fu, valflere rahat eri\u015fim sunarak pratiklik kazand\u0131r\u0131r. Ara\u00e7, motosiklet, bisiklet lastikleri d\u0131\u015f\u0131nda top, \u015fi\u015fme yatak ve benzeri \u00fcr\u00fcnlerde de kullan\u0131labilmesiyle \u00e7ok y\u00f6nl\u00fcd\u00fcr. ABS malzeme yap\u0131s\u0131 dayan\u0131kl\u0131l\u0131k sa\u011flarken, sadece 442 gram a\u011f\u0131rl\u0131\u011f\u0131 ile kolayca ta\u015f\u0131n\u0131r. 80W motor g\u00fcc\u00fc ile lastikleri dakikalar i\u00e7inde \u015fi\u015firebilir. Kompakt boyutu sayesinde bagajda veya \u00e7antan\u0131zda rahatl\u0131kla ta\u015f\u0131yabilirsiniz. Acil durumlarda g\u00fcvenli\u011finizi art\u0131racak bu cihaz, her evde ve ara\u00e7ta bulunmas\u0131 gereken bir yard\u0131mc\u0131d\u0131r.<\/p>\n","protected":false},"excerpt":{"rendered":"<p>Ta\u015f\u0131nabilir Elektrikli Hava Kompres\u00f6r\u00fc, g\u00fc\u00e7l\u00fc performans\u0131 ve kolay ta\u015f\u0131nabilir yap\u0131s\u0131 ile kullan\u0131c\u0131lar\u0131n favorisi haline gelmi\u015ftir. Bas\u0131n\u00e7 g\u00f6stergesi sayesinde \u015fi\u015firme i\u015flemini daha g\u00fcvenilir hale getirir. Type-C USB \u015farj \u00f6zelli\u011fi ile her yerde \u015farj edilebilir, 3000 mAh bataryas\u0131 ise uzun s\u00fcreli kullan\u0131m sa\u011flar. 20 cm hortum uzunlu\u011fu, valflere rahat eri\u015fim sunarak pratiklik kazand\u0131r\u0131r. Ara\u00e7, motosiklet, bisiklet lastikleri&#8230;<\/p>\n","protected":false},"featured_media":116113,"comment_status":"open","ping_status":"closed","template":"","meta":{"_kad_post_transparent":"","_kad_post_title":"","_kad_post_layout":"","_kad_post_sidebar_id":"","_kad_post_content_style":"","_kad_post_vertical_padding":"","_kad_post_feature":"","_kad_post_feature_position":"","_kad_post_header":false,"_kad_post_footer":false,"_kad_post_classname":""},"product_brand":[],"product_cat":[15053],"product_tag":[],"class_list":{"0":"post-116114","1":"product","2":"type-product","3":"status-publish","4":"has-post-thumbnail","6":"product_cat-oto-bakim-seti-oto-bakim-seti-2","8":"first","9":"instock","10":"purchasable","11":"product-type-simple","12":"entry","13":"content-bg","14":"loop-entry"},"_links":{"self":[{"href":"https:\/\/www.hediyepazar.com\/index.php?rest_route=\/wp\/v2\/product\/116114","targetHints":{"allow":["GET"]}}],"collection":[{"href":"https:\/\/www.hediyepazar.com\/index.php?rest_route=\/wp\/v2\/product"}],"about":[{"href":"https:\/\/www.hediyepazar.com\/index.php?rest_route=\/wp\/v2\/types\/product"}],"replies":[{"embeddable":true,"href":"https:\/\/www.hediyepazar.com\/index.php?rest_route=%2Fwp%2Fv2%2Fcomments&post=116114"}],"wp:featuredmedia":[{"embeddable":true,"href":"https:\/\/www.hediyepazar.com\/index.php?rest_route=\/wp\/v2\/media\/116113"}],"wp:attachment":[{"href":"https:\/\/www.hediyepazar.com\/index.php?rest_route=%2Fwp%2Fv2%2Fmedia&parent=116114"}],"wp:term":[{"taxonomy":"product_brand","embeddable":true,"href":"https:\/\/www.hediyepazar.com\/index.php?rest_route=%2Fwp%2Fv2%2Fproduct_brand&post=116114"},{"taxonomy":"product_cat","embeddable":true,"href":"https:\/\/www.hediyepazar.com\/index.php?rest_route=%2Fwp%2Fv2%2Fproduct_cat&post=116114"},{"taxonomy":"product_tag","embeddable":true,"href":"https:\/\/www.hediyepazar.com\/index.php?rest_route=%2Fwp%2Fv2%2Fproduct_tag&post=116114"}],"curies":[{"name":"wp","href":"https:\/\/api.w.org\/{rel}","templated":true}]}}