{"id":116118,"date":"2026-05-05T16:30:20","date_gmt":"2026-05-05T19:30:20","guid":{"rendered":"https:\/\/www.hediyepazar.com\/?product=usb-sarjli-kompakt-elektrikli-hava-kompresoru-3000-mah"},"modified":"2026-05-05T16:30:20","modified_gmt":"2026-05-05T19:30:20","slug":"usb-sarjli-kompakt-elektrikli-hava-kompresoru-3000-mah","status":"publish","type":"product","link":"https:\/\/www.hediyepazar.com\/?product=usb-sarjli-kompakt-elektrikli-hava-kompresoru-3000-mah","title":{"rendered":"USB \u015earjl\u0131 Kompakt Elektrikli Hava Kompres\u00f6r\u00fc 3000 mAh"},"content":{"rendered":"<p>Elektrikli lastik pompas\u0131, seyahatlerinizde g\u00fcvenli\u011finizi art\u0131rmak i\u00e7in tasarlanm\u0131\u015ft\u0131r. Bas\u0131n\u00e7 g\u00f6stergesi ile donat\u0131lm\u0131\u015f olan cihaz, lastik bas\u0131nc\u0131n\u0131 an\u0131nda ve do\u011fru \u015fekilde \u00f6l\u00e7erek size g\u00fcvenli s\u00fcr\u00fc\u015f imk\u00e2n\u0131 sunar. 20 cm esnek hortumu, valflere kolay eri\u015fim sa\u011flar. Bu sayede \u015fi\u015firme i\u015flemleri daha h\u0131zl\u0131 ve pratik hale gelir. 3000 mAh kapasiteye sahip pili, uzun s\u00fcreli kullan\u0131m imk\u00e2n\u0131 verirken Type-C USB \u015farj \u00f6zelli\u011fi her yerde kolayca \u015farj edebilmenize olanak tan\u0131r. Sadece lastikler i\u00e7in de\u011fil, farkl\u0131 spor ve \u015fi\u015fme \u00fcr\u00fcnlerinde de kullan\u0131labilmesi, \u00e7ok y\u00f6nl\u00fc olmas\u0131n\u0131 sa\u011flar. Dayan\u0131kl\u0131 ABS malzemeden \u00fcretilen bu kompakt cihaz, 442 graml\u0131k hafif yap\u0131s\u0131 ile her zaman ta\u015f\u0131nabilir. 80W g\u00fc\u00e7l\u00fc motoru sayesinde arac\u0131n\u0131z\u0131n lastiklerini dakikalar i\u00e7inde \u015fi\u015firebilir. \u0130ster uzun yolculuklarda ister g\u00fcnl\u00fck kullan\u0131mda bu pratik kompres\u00f6r size zaman kazand\u0131r\u0131r.<\/p>\n","protected":false},"excerpt":{"rendered":"<p>Elektrikli lastik pompas\u0131, seyahatlerinizde g\u00fcvenli\u011finizi art\u0131rmak i\u00e7in tasarlanm\u0131\u015ft\u0131r. Bas\u0131n\u00e7 g\u00f6stergesi ile donat\u0131lm\u0131\u015f olan cihaz, lastik bas\u0131nc\u0131n\u0131 an\u0131nda ve do\u011fru \u015fekilde \u00f6l\u00e7erek size g\u00fcvenli s\u00fcr\u00fc\u015f imk\u00e2n\u0131 sunar. 20 cm esnek hortumu, valflere kolay eri\u015fim sa\u011flar. Bu sayede \u015fi\u015firme i\u015flemleri daha h\u0131zl\u0131 ve pratik hale gelir. 3000 mAh kapasiteye sahip pili, uzun s\u00fcreli kullan\u0131m imk\u00e2n\u0131 verirken Type-C&#8230;<\/p>\n","protected":false},"featured_media":116117,"comment_status":"open","ping_status":"closed","template":"","meta":{"_kad_post_transparent":"","_kad_post_title":"","_kad_post_layout":"","_kad_post_sidebar_id":"","_kad_post_content_style":"","_kad_post_vertical_padding":"","_kad_post_feature":"","_kad_post_feature_position":"","_kad_post_header":false,"_kad_post_footer":false,"_kad_post_classname":""},"product_brand":[],"product_cat":[15053],"product_tag":[],"class_list":{"0":"post-116118","1":"product","2":"type-product","3":"status-publish","4":"has-post-thumbnail","6":"product_cat-oto-bakim-seti-oto-bakim-seti-2","8":"first","9":"instock","10":"purchasable","11":"product-type-simple","12":"entry","13":"content-bg","14":"loop-entry"},"_links":{"self":[{"href":"https:\/\/www.hediyepazar.com\/index.php?rest_route=\/wp\/v2\/product\/116118","targetHints":{"allow":["GET"]}}],"collection":[{"href":"https:\/\/www.hediyepazar.com\/index.php?rest_route=\/wp\/v2\/product"}],"about":[{"href":"https:\/\/www.hediyepazar.com\/index.php?rest_route=\/wp\/v2\/types\/product"}],"replies":[{"embeddable":true,"href":"https:\/\/www.hediyepazar.com\/index.php?rest_route=%2Fwp%2Fv2%2Fcomments&post=116118"}],"wp:featuredmedia":[{"embeddable":true,"href":"https:\/\/www.hediyepazar.com\/index.php?rest_route=\/wp\/v2\/media\/116117"}],"wp:attachment":[{"href":"https:\/\/www.hediyepazar.com\/index.php?rest_route=%2Fwp%2Fv2%2Fmedia&parent=116118"}],"wp:term":[{"taxonomy":"product_brand","embeddable":true,"href":"https:\/\/www.hediyepazar.com\/index.php?rest_route=%2Fwp%2Fv2%2Fproduct_brand&post=116118"},{"taxonomy":"product_cat","embeddable":true,"href":"https:\/\/www.hediyepazar.com\/index.php?rest_route=%2Fwp%2Fv2%2Fproduct_cat&post=116118"},{"taxonomy":"product_tag","embeddable":true,"href":"https:\/\/www.hediyepazar.com\/index.php?rest_route=%2Fwp%2Fv2%2Fproduct_tag&post=116118"}],"curies":[{"name":"wp","href":"https:\/\/api.w.org\/{rel}","templated":true}]}}