{"id":116120,"date":"2026-05-05T16:30:29","date_gmt":"2026-05-05T19:30:29","guid":{"rendered":"https:\/\/www.hediyepazar.com\/?product=tasinabilir-elektrikli-oto-motosiklet-bisiklet-lastik-sisirme-pompasi"},"modified":"2026-05-05T16:30:29","modified_gmt":"2026-05-05T19:30:29","slug":"tasinabilir-elektrikli-oto-motosiklet-bisiklet-lastik-sisirme-pompasi","status":"publish","type":"product","link":"https:\/\/www.hediyepazar.com\/?product=tasinabilir-elektrikli-oto-motosiklet-bisiklet-lastik-sisirme-pompasi","title":{"rendered":"Ta\u015f\u0131nabilir Elektrikli Oto Motosiklet Bisiklet Lastik \u015ei\u015firme Pompas\u0131"},"content":{"rendered":"<p>Bu ta\u015f\u0131nabilir elektrikli hava pompas\u0131, yolculuklar\u0131n\u0131zda ve g\u00fcnl\u00fck kullan\u0131mda b\u00fcy\u00fck kolayl\u0131k sa\u011flar. Geli\u015fmi\u015f Type-C USB \u015farj \u00f6zelli\u011fi sayesinde telefon \u015farj cihaz\u0131 veya bilgisayarlardan kolayca \u015farj edilebilir. 3000 mAh g\u00fc\u00e7l\u00fc bataryas\u0131 uzun s\u00fcre kesintisiz kullan\u0131m imk\u00e2n\u0131 sunar. Kompakt boyutu sayesinde arac\u0131n\u0131zda, motosikletinizde veya bisikletinizde yer kaplamadan saklayabilirsiniz. Dahili hassas bas\u0131n\u00e7 g\u00f6stergesi sayesinde lastiklerinizi en do\u011fru \u015fekilde \u015fi\u015firebilir, g\u00fcvenli s\u00fcr\u00fc\u015f\u00fcn keyfini \u00e7\u0131karabilirsiniz. \u00c7ok y\u00f6nl\u00fc tasar\u0131m\u0131 ile yaln\u0131zca ara\u00e7 ve motosiklet de\u011fil, top, bisiklet ve \u015fi\u015fme \u00fcr\u00fcnler i\u00e7in de kullan\u0131labilir. ABS malzemeden \u00fcretilen g\u00f6vdesi dayan\u0131kl\u0131l\u0131k sa\u011flarken, 80W g\u00fc\u00e7l\u00fc motoru k\u0131sa s\u00fcrede etkili \u015fi\u015firme performans\u0131 sunar. Acil durumlarda h\u0131zl\u0131 \u00e7\u00f6z\u00fcm \u00fcreten bu cihaz, her ara\u00e7 sahibinin yan\u0131nda bulundurmas\u0131 gereken pratik bir \u00fcr\u00fcnd\u00fcr.<\/p>\n","protected":false},"excerpt":{"rendered":"<p>Bu ta\u015f\u0131nabilir elektrikli hava pompas\u0131, yolculuklar\u0131n\u0131zda ve g\u00fcnl\u00fck kullan\u0131mda b\u00fcy\u00fck kolayl\u0131k sa\u011flar. Geli\u015fmi\u015f Type-C USB \u015farj \u00f6zelli\u011fi sayesinde telefon \u015farj cihaz\u0131 veya bilgisayarlardan kolayca \u015farj edilebilir. 3000 mAh g\u00fc\u00e7l\u00fc bataryas\u0131 uzun s\u00fcre kesintisiz kullan\u0131m imk\u00e2n\u0131 sunar. Kompakt boyutu sayesinde arac\u0131n\u0131zda, motosikletinizde veya bisikletinizde yer kaplamadan saklayabilirsiniz. Dahili hassas bas\u0131n\u00e7 g\u00f6stergesi sayesinde lastiklerinizi en do\u011fru \u015fekilde&#8230;<\/p>\n","protected":false},"featured_media":116119,"comment_status":"open","ping_status":"closed","template":"","meta":{"_kad_post_transparent":"","_kad_post_title":"","_kad_post_layout":"","_kad_post_sidebar_id":"","_kad_post_content_style":"","_kad_post_vertical_padding":"","_kad_post_feature":"","_kad_post_feature_position":"","_kad_post_header":false,"_kad_post_footer":false,"_kad_post_classname":""},"product_brand":[],"product_cat":[15053],"product_tag":[],"class_list":{"0":"post-116120","1":"product","2":"type-product","3":"status-publish","4":"has-post-thumbnail","6":"product_cat-oto-bakim-seti-oto-bakim-seti-2","8":"first","9":"instock","10":"purchasable","11":"product-type-simple","12":"entry","13":"content-bg","14":"loop-entry"},"_links":{"self":[{"href":"https:\/\/www.hediyepazar.com\/index.php?rest_route=\/wp\/v2\/product\/116120","targetHints":{"allow":["GET"]}}],"collection":[{"href":"https:\/\/www.hediyepazar.com\/index.php?rest_route=\/wp\/v2\/product"}],"about":[{"href":"https:\/\/www.hediyepazar.com\/index.php?rest_route=\/wp\/v2\/types\/product"}],"replies":[{"embeddable":true,"href":"https:\/\/www.hediyepazar.com\/index.php?rest_route=%2Fwp%2Fv2%2Fcomments&post=116120"}],"wp:featuredmedia":[{"embeddable":true,"href":"https:\/\/www.hediyepazar.com\/index.php?rest_route=\/wp\/v2\/media\/116119"}],"wp:attachment":[{"href":"https:\/\/www.hediyepazar.com\/index.php?rest_route=%2Fwp%2Fv2%2Fmedia&parent=116120"}],"wp:term":[{"taxonomy":"product_brand","embeddable":true,"href":"https:\/\/www.hediyepazar.com\/index.php?rest_route=%2Fwp%2Fv2%2Fproduct_brand&post=116120"},{"taxonomy":"product_cat","embeddable":true,"href":"https:\/\/www.hediyepazar.com\/index.php?rest_route=%2Fwp%2Fv2%2Fproduct_cat&post=116120"},{"taxonomy":"product_tag","embeddable":true,"href":"https:\/\/www.hediyepazar.com\/index.php?rest_route=%2Fwp%2Fv2%2Fproduct_tag&post=116120"}],"curies":[{"name":"wp","href":"https:\/\/api.w.org\/{rel}","templated":true}]}}