{"id":116126,"date":"2026-05-05T16:30:46","date_gmt":"2026-05-05T19:30:46","guid":{"rendered":"https:\/\/www.hediyepazar.com\/?product=kol-tipi-lcd-ekranli-elektronik-tansiyon-monitoru"},"modified":"2026-05-05T16:30:46","modified_gmt":"2026-05-05T19:30:46","slug":"kol-tipi-lcd-ekranli-elektronik-tansiyon-monitoru","status":"publish","type":"product","link":"https:\/\/www.hediyepazar.com\/?product=kol-tipi-lcd-ekranli-elektronik-tansiyon-monitoru","title":{"rendered":"Kol Tipi LCD Ekranl\u0131 Elektronik Tansiyon Monit\u00f6r\u00fc"},"content":{"rendered":"<p>LCD ekranl\u0131 aritmi tespitli tansiyon \u00f6l\u00e7er, kullan\u0131c\u0131 dostu tasar\u0131m\u0131 ve y\u00fcksek do\u011fruluk oran\u0131 ile sa\u011fl\u0131\u011f\u0131n\u0131z\u0131 kolayca takip etmenizi sa\u011flar. B\u00fcy\u00fck ekran tasar\u0131m\u0131, \u00f6zellikle ya\u015fl\u0131 kullan\u0131c\u0131lar\u0131n \u00f6l\u00e7\u00fcm sonu\u00e7lar\u0131n\u0131 rahat\u00e7a okumas\u0131na yard\u0131mc\u0131 olur. Aritmi (d\u00fczensiz kalp at\u0131\u015f\u0131) tespiti ile kalp sa\u011fl\u0131\u011f\u0131n\u0131z i\u00e7in ek g\u00fcvenlik sunar.Cihaz, WHO kan bas\u0131nc\u0131 s\u0131n\u0131fland\u0131rma sistemine sahiptir. Bu \u00f6zellik sayesinde \u00f6l\u00e7\u00fcm sonu\u00e7lar\u0131n\u0131z\u0131n d\u00fc\u015f\u00fck, normal veya y\u00fcksek aral\u0131kta olup olmad\u0131\u011f\u0131n\u0131 renkli g\u00f6stergeler arac\u0131l\u0131\u011f\u0131yla kolayca g\u00f6rebilirsiniz. 2 kullan\u0131c\u0131 i\u00e7in ayr\u0131 99 \u00f6l\u00e7\u00fcm haf\u0131zas\u0131 sayesinde hem bireysel hem de aile i\u00e7i sa\u011fl\u0131k takibi yap\u0131labilir.20mmHg &#8211; 280mmHg \u00f6l\u00e7\u00fcm aral\u0131\u011f\u0131na sahip olan cihaz \u00b13mmHg hata pay\u0131 ile do\u011fru sonu\u00e7lar sa\u011flar. Ayr\u0131ca nab\u0131z h\u0131z\u0131n\u0131z\u0131 dakikada 40-200 aral\u0131\u011f\u0131nda \u00f6l\u00e7ebilir. G\u00fc\u00e7 kayna\u011f\u0131 olarak 4 adet AAA pil veya Android cihazlara uygun USB kablosu kullan\u0131labilir. Kompakt boyutu (18x12x12 cm) ve hafif yap\u0131s\u0131 ile evde, ofiste veya seyahatte rahatl\u0131kla ta\u015f\u0131nabilir. Kullan\u0131m\u0131 kolay, pratik ve g\u00fcvenilir bu tansiyon \u00f6l\u00e7er ile sa\u011fl\u0131\u011f\u0131n\u0131z\u0131 her an kontrol alt\u0131nda tutabilirsiniz.<\/p>\n","protected":false},"excerpt":{"rendered":"<p>LCD ekranl\u0131 aritmi tespitli tansiyon \u00f6l\u00e7er, kullan\u0131c\u0131 dostu tasar\u0131m\u0131 ve y\u00fcksek do\u011fruluk oran\u0131 ile sa\u011fl\u0131\u011f\u0131n\u0131z\u0131 kolayca takip etmenizi sa\u011flar. B\u00fcy\u00fck ekran tasar\u0131m\u0131, \u00f6zellikle ya\u015fl\u0131 kullan\u0131c\u0131lar\u0131n \u00f6l\u00e7\u00fcm sonu\u00e7lar\u0131n\u0131 rahat\u00e7a okumas\u0131na yard\u0131mc\u0131 olur. Aritmi (d\u00fczensiz kalp at\u0131\u015f\u0131) tespiti ile kalp sa\u011fl\u0131\u011f\u0131n\u0131z i\u00e7in ek g\u00fcvenlik sunar.Cihaz, WHO kan bas\u0131nc\u0131 s\u0131n\u0131fland\u0131rma sistemine sahiptir. Bu \u00f6zellik sayesinde \u00f6l\u00e7\u00fcm sonu\u00e7lar\u0131n\u0131z\u0131n d\u00fc\u015f\u00fck,&#8230;<\/p>\n","protected":false},"featured_media":116125,"comment_status":"open","ping_status":"closed","template":"","meta":{"_kad_post_transparent":"","_kad_post_title":"","_kad_post_layout":"","_kad_post_sidebar_id":"","_kad_post_content_style":"","_kad_post_vertical_padding":"","_kad_post_feature":"","_kad_post_feature_position":"","_kad_post_header":false,"_kad_post_footer":false,"_kad_post_classname":""},"product_brand":[],"product_cat":[15084],"product_tag":[],"class_list":{"0":"post-116126","1":"product","2":"type-product","3":"status-publish","4":"has-post-thumbnail","6":"product_cat-tansiyon-aleti-tansiyon-aleti","8":"first","9":"instock","10":"purchasable","11":"product-type-simple","12":"entry","13":"content-bg","14":"loop-entry"},"_links":{"self":[{"href":"https:\/\/www.hediyepazar.com\/index.php?rest_route=\/wp\/v2\/product\/116126","targetHints":{"allow":["GET"]}}],"collection":[{"href":"https:\/\/www.hediyepazar.com\/index.php?rest_route=\/wp\/v2\/product"}],"about":[{"href":"https:\/\/www.hediyepazar.com\/index.php?rest_route=\/wp\/v2\/types\/product"}],"replies":[{"embeddable":true,"href":"https:\/\/www.hediyepazar.com\/index.php?rest_route=%2Fwp%2Fv2%2Fcomments&post=116126"}],"wp:featuredmedia":[{"embeddable":true,"href":"https:\/\/www.hediyepazar.com\/index.php?rest_route=\/wp\/v2\/media\/116125"}],"wp:attachment":[{"href":"https:\/\/www.hediyepazar.com\/index.php?rest_route=%2Fwp%2Fv2%2Fmedia&parent=116126"}],"wp:term":[{"taxonomy":"product_brand","embeddable":true,"href":"https:\/\/www.hediyepazar.com\/index.php?rest_route=%2Fwp%2Fv2%2Fproduct_brand&post=116126"},{"taxonomy":"product_cat","embeddable":true,"href":"https:\/\/www.hediyepazar.com\/index.php?rest_route=%2Fwp%2Fv2%2Fproduct_cat&post=116126"},{"taxonomy":"product_tag","embeddable":true,"href":"https:\/\/www.hediyepazar.com\/index.php?rest_route=%2Fwp%2Fv2%2Fproduct_tag&post=116126"}],"curies":[{"name":"wp","href":"https:\/\/api.w.org\/{rel}","templated":true}]}}