{"id":116128,"date":"2026-05-05T16:30:51","date_gmt":"2026-05-05T19:30:51","guid":{"rendered":"https:\/\/www.hediyepazar.com\/?product=2-kullanici-hafizali-usb-uyumlu-tansiyon-olcer"},"modified":"2026-05-05T16:30:51","modified_gmt":"2026-05-05T19:30:51","slug":"2-kullanici-hafizali-usb-uyumlu-tansiyon-olcer","status":"publish","type":"product","link":"https:\/\/www.hediyepazar.com\/?product=2-kullanici-hafizali-usb-uyumlu-tansiyon-olcer","title":{"rendered":"2 Kullan\u0131c\u0131 Haf\u0131zal\u0131 USB Uyumlu Tansiyon \u00d6l\u00e7er"},"content":{"rendered":"<p>Ta\u015f\u0131nabilir elektronik tansiyon \u00f6l\u00e7er, ergonomik tasar\u0131m\u0131 ve \u00e7ift g\u00fc\u00e7 kayna\u011f\u0131 deste\u011fi ile her yerde kullan\u0131ma uygun pratik bir cihazd\u0131r. 4 adet AAA pil ile \u00e7al\u0131\u015fabilece\u011fi gibi Android uyumlu USB kablosu ile de enerji sa\u011flayabilirsiniz. Bu sayede cihaz\u0131n\u0131z\u0131 istedi\u011finiz ortamda rahatl\u0131kla kullanabilirsiniz.LCD dijital ekran\u0131 sayesinde \u00f6l\u00e7\u00fcm sonu\u00e7lar\u0131n\u0131 b\u00fcy\u00fck ve net \u015fekilde g\u00f6r\u00fcnt\u00fcleyebilirsiniz. IHB aritmi tespit \u00f6zelli\u011fi ile yaln\u0131zca tansiyonunuzu \u00f6l\u00e7mekle kalmaz, kalp ritminizdeki olas\u0131 d\u00fczensizlikleri de alg\u0131layarak daha g\u00fcvenli bir kullan\u0131m sunar. 2 kullan\u0131c\u0131 i\u00e7in ayr\u0131 ayr\u0131 99 \u00f6l\u00e7\u00fcm haf\u0131zas\u0131 sayesinde aile bireyleri sonu\u00e7lar\u0131n\u0131 kolayca takip edebilir.20mmHg &#8211; 280mmHg aras\u0131nda \u00f6l\u00e7\u00fcm aral\u0131\u011f\u0131 sunan cihaz \u00b13mmHg hata pay\u0131 ile son derece hassas sonu\u00e7lar verir. Nab\u0131z h\u0131z\u0131 \u00f6l\u00e7\u00fcm kapasitesi 40-200 at\u0131m\/dakika aral\u0131\u011f\u0131ndad\u0131r. 300 graml\u0131k hafif yap\u0131s\u0131 sayesinde yan\u0131n\u0131zda rahat\u00e7a ta\u015f\u0131yabilirsiniz. Paket i\u00e7erisinde tansiyon \u00f6l\u00e7\u00fcm bandaj\u0131, kullan\u0131m k\u0131lavuzu ve monit\u00f6r yer almaktad\u0131r. Evde sa\u011fl\u0131k takibini kolayla\u015ft\u0131ran bu cihaz, pratikli\u011fi ve g\u00fcvenilirli\u011fi ile g\u00fcnl\u00fck kullan\u0131m i\u00e7in idealdir.<\/p>\n","protected":false},"excerpt":{"rendered":"<p>Ta\u015f\u0131nabilir elektronik tansiyon \u00f6l\u00e7er, ergonomik tasar\u0131m\u0131 ve \u00e7ift g\u00fc\u00e7 kayna\u011f\u0131 deste\u011fi ile her yerde kullan\u0131ma uygun pratik bir cihazd\u0131r. 4 adet AAA pil ile \u00e7al\u0131\u015fabilece\u011fi gibi Android uyumlu USB kablosu ile de enerji sa\u011flayabilirsiniz. Bu sayede cihaz\u0131n\u0131z\u0131 istedi\u011finiz ortamda rahatl\u0131kla kullanabilirsiniz.LCD dijital ekran\u0131 sayesinde \u00f6l\u00e7\u00fcm sonu\u00e7lar\u0131n\u0131 b\u00fcy\u00fck ve net \u015fekilde g\u00f6r\u00fcnt\u00fcleyebilirsiniz. IHB aritmi tespit \u00f6zelli\u011fi&#8230;<\/p>\n","protected":false},"featured_media":116127,"comment_status":"open","ping_status":"closed","template":"","meta":{"_kad_post_transparent":"","_kad_post_title":"","_kad_post_layout":"","_kad_post_sidebar_id":"","_kad_post_content_style":"","_kad_post_vertical_padding":"","_kad_post_feature":"","_kad_post_feature_position":"","_kad_post_header":false,"_kad_post_footer":false,"_kad_post_classname":""},"product_brand":[],"product_cat":[15084],"product_tag":[],"class_list":{"0":"post-116128","1":"product","2":"type-product","3":"status-publish","4":"has-post-thumbnail","6":"product_cat-tansiyon-aleti-tansiyon-aleti","8":"first","9":"instock","10":"purchasable","11":"product-type-simple","12":"entry","13":"content-bg","14":"loop-entry"},"_links":{"self":[{"href":"https:\/\/www.hediyepazar.com\/index.php?rest_route=\/wp\/v2\/product\/116128","targetHints":{"allow":["GET"]}}],"collection":[{"href":"https:\/\/www.hediyepazar.com\/index.php?rest_route=\/wp\/v2\/product"}],"about":[{"href":"https:\/\/www.hediyepazar.com\/index.php?rest_route=\/wp\/v2\/types\/product"}],"replies":[{"embeddable":true,"href":"https:\/\/www.hediyepazar.com\/index.php?rest_route=%2Fwp%2Fv2%2Fcomments&post=116128"}],"wp:featuredmedia":[{"embeddable":true,"href":"https:\/\/www.hediyepazar.com\/index.php?rest_route=\/wp\/v2\/media\/116127"}],"wp:attachment":[{"href":"https:\/\/www.hediyepazar.com\/index.php?rest_route=%2Fwp%2Fv2%2Fmedia&parent=116128"}],"wp:term":[{"taxonomy":"product_brand","embeddable":true,"href":"https:\/\/www.hediyepazar.com\/index.php?rest_route=%2Fwp%2Fv2%2Fproduct_brand&post=116128"},{"taxonomy":"product_cat","embeddable":true,"href":"https:\/\/www.hediyepazar.com\/index.php?rest_route=%2Fwp%2Fv2%2Fproduct_cat&post=116128"},{"taxonomy":"product_tag","embeddable":true,"href":"https:\/\/www.hediyepazar.com\/index.php?rest_route=%2Fwp%2Fv2%2Fproduct_tag&post=116128"}],"curies":[{"name":"wp","href":"https:\/\/api.w.org\/{rel}","templated":true}]}}