{"id":116130,"date":"2026-05-05T16:30:57","date_gmt":"2026-05-05T19:30:57","guid":{"rendered":"https:\/\/www.hediyepazar.com\/?product=ritmi-tespit-ozellikli-dijital-tansiyon-aleti"},"modified":"2026-05-05T16:30:57","modified_gmt":"2026-05-05T19:30:57","slug":"ritmi-tespit-ozellikli-dijital-tansiyon-aleti","status":"publish","type":"product","link":"https:\/\/www.hediyepazar.com\/?product=ritmi-tespit-ozellikli-dijital-tansiyon-aleti","title":{"rendered":"Ritmi Tespit \u00d6zellikli Dijital Tansiyon Aleti"},"content":{"rendered":"<p>Dijital tansiyon \u00f6l\u00e7er cihaz\u0131, y\u00fcksek do\u011fruluk oran\u0131 ve kullan\u0131c\u0131 dostu tasar\u0131m\u0131 ile \u00f6ne \u00e7\u0131k\u0131yor. 2 kullan\u0131c\u0131 i\u00e7in ayr\u0131 ayr\u0131 99 \u00f6l\u00e7\u00fcm haf\u0131zas\u0131 bulunan bu cihaz, aile \u00fcyelerinizle birlikte kolayca kullan\u0131labilir. Kan bas\u0131nc\u0131 dalgalanmalar\u0131n\u0131 d\u00fczenli \u015fekilde takip ederek sa\u011fl\u0131\u011f\u0131n\u0131z\u0131 kontrol alt\u0131nda tutabilirsiniz. LCD dijital ekran\u0131 sayesinde \u00f6l\u00e7\u00fcm sonu\u00e7lar\u0131n\u0131 net ve okunabilir bir \u015fekilde g\u00f6rmeniz m\u00fcmk\u00fcnd\u00fcr.Cihaz, IHB aritmi tespiti ile kalp ritminizdeki d\u00fczensizlikleri fark ederek olas\u0131 riskleri \u00f6nceden belirlemenize yard\u0131mc\u0131 olur. Nab\u0131z tarama ve osilometri y\u00f6ntemleriyle \u00f6l\u00e7\u00fcm yapabilmesi, cihaz\u0131n g\u00fcvenilirli\u011fini art\u0131r\u0131r. \u00d6l\u00e7\u00fcm aral\u0131\u011f\u0131 20mmHg &#8211; 280mmHg aras\u0131nda olup \u00b13mmHg hassasiyet sunar. Nab\u0131z do\u011frulu\u011fu ise \u00b1%3 seviyesindedir.Ta\u015f\u0131nabilir yap\u0131s\u0131 ve 300 gr\u2019l\u0131k hafifli\u011fi sayesinde evde, i\u015f yerinde veya seyahatte kolayca kullan\u0131labilir. Enerji ihtiyac\u0131 4xAAA pil ile sa\u011flanabilece\u011fi gibi, Android cihazlar i\u00e7in uyumlu USB \u015farj kablosu ile de kullan\u0131labilir. Kutudan \u00e7\u0131kan tansiyon bandaj\u0131 ve kullan\u0131m k\u0131lavuzu ile herkes rahatl\u0131kla cihaz\u0131 kullanabilir. Sa\u011fl\u0131kl\u0131 ya\u015fam\u0131 \u00f6nemseyenler i\u00e7in bu tansiyon \u00f6l\u00e7er g\u00fcnl\u00fck kullan\u0131mda vazge\u00e7ilmez bir yard\u0131mc\u0131d\u0131r.<\/p>\n","protected":false},"excerpt":{"rendered":"<p>Dijital tansiyon \u00f6l\u00e7er cihaz\u0131, y\u00fcksek do\u011fruluk oran\u0131 ve kullan\u0131c\u0131 dostu tasar\u0131m\u0131 ile \u00f6ne \u00e7\u0131k\u0131yor. 2 kullan\u0131c\u0131 i\u00e7in ayr\u0131 ayr\u0131 99 \u00f6l\u00e7\u00fcm haf\u0131zas\u0131 bulunan bu cihaz, aile \u00fcyelerinizle birlikte kolayca kullan\u0131labilir. Kan bas\u0131nc\u0131 dalgalanmalar\u0131n\u0131 d\u00fczenli \u015fekilde takip ederek sa\u011fl\u0131\u011f\u0131n\u0131z\u0131 kontrol alt\u0131nda tutabilirsiniz. LCD dijital ekran\u0131 sayesinde \u00f6l\u00e7\u00fcm sonu\u00e7lar\u0131n\u0131 net ve okunabilir bir \u015fekilde g\u00f6rmeniz m\u00fcmk\u00fcnd\u00fcr.Cihaz, IHB&#8230;<\/p>\n","protected":false},"featured_media":116129,"comment_status":"open","ping_status":"closed","template":"","meta":{"_kad_post_transparent":"","_kad_post_title":"","_kad_post_layout":"","_kad_post_sidebar_id":"","_kad_post_content_style":"","_kad_post_vertical_padding":"","_kad_post_feature":"","_kad_post_feature_position":"","_kad_post_header":false,"_kad_post_footer":false,"_kad_post_classname":""},"product_brand":[],"product_cat":[15084],"product_tag":[],"class_list":{"0":"post-116130","1":"product","2":"type-product","3":"status-publish","4":"has-post-thumbnail","6":"product_cat-tansiyon-aleti-tansiyon-aleti","8":"first","9":"instock","10":"purchasable","11":"product-type-simple","12":"entry","13":"content-bg","14":"loop-entry"},"_links":{"self":[{"href":"https:\/\/www.hediyepazar.com\/index.php?rest_route=\/wp\/v2\/product\/116130","targetHints":{"allow":["GET"]}}],"collection":[{"href":"https:\/\/www.hediyepazar.com\/index.php?rest_route=\/wp\/v2\/product"}],"about":[{"href":"https:\/\/www.hediyepazar.com\/index.php?rest_route=\/wp\/v2\/types\/product"}],"replies":[{"embeddable":true,"href":"https:\/\/www.hediyepazar.com\/index.php?rest_route=%2Fwp%2Fv2%2Fcomments&post=116130"}],"wp:featuredmedia":[{"embeddable":true,"href":"https:\/\/www.hediyepazar.com\/index.php?rest_route=\/wp\/v2\/media\/116129"}],"wp:attachment":[{"href":"https:\/\/www.hediyepazar.com\/index.php?rest_route=%2Fwp%2Fv2%2Fmedia&parent=116130"}],"wp:term":[{"taxonomy":"product_brand","embeddable":true,"href":"https:\/\/www.hediyepazar.com\/index.php?rest_route=%2Fwp%2Fv2%2Fproduct_brand&post=116130"},{"taxonomy":"product_cat","embeddable":true,"href":"https:\/\/www.hediyepazar.com\/index.php?rest_route=%2Fwp%2Fv2%2Fproduct_cat&post=116130"},{"taxonomy":"product_tag","embeddable":true,"href":"https:\/\/www.hediyepazar.com\/index.php?rest_route=%2Fwp%2Fv2%2Fproduct_tag&post=116130"}],"curies":[{"name":"wp","href":"https:\/\/api.w.org\/{rel}","templated":true}]}}