{"id":116132,"date":"2026-05-05T16:31:05","date_gmt":"2026-05-05T19:31:05","guid":{"rendered":"https:\/\/www.hediyepazar.com\/?product=elektronik-tansiyon-olcer-lcd-dijital-ekranli"},"modified":"2026-05-05T16:31:05","modified_gmt":"2026-05-05T19:31:05","slug":"elektronik-tansiyon-olcer-lcd-dijital-ekranli","status":"publish","type":"product","link":"https:\/\/www.hediyepazar.com\/?product=elektronik-tansiyon-olcer-lcd-dijital-ekranli","title":{"rendered":"Elektronik Tansiyon \u00d6l\u00e7er LCD Dijital Ekranl\u0131"},"content":{"rendered":"<p>Sa\u011fl\u0131\u011f\u0131n\u0131z\u0131 evinizde kolayca takip etmenizi sa\u011flayan elektronik tansiyon \u00f6l\u00e7er, modern tasar\u0131m\u0131 ve y\u00fcksek hassasiyeti ile g\u00fcvenilir sonu\u00e7lar sunar. IHB aritmi tespit \u00f6zelli\u011fi sayesinde yaln\u0131zca tansiyonunuzu \u00f6l\u00e7mekle kalmaz, ayn\u0131 zamanda d\u00fczensiz kalp at\u0131\u015flar\u0131n\u0131 da alg\u0131layarak sa\u011fl\u0131\u011f\u0131n\u0131z hakk\u0131nda daha kapsaml\u0131 bilgiler verir. LCD dijital ekran\u0131 sayesinde \u00f6l\u00e7\u00fcm sonu\u00e7lar\u0131n\u0131z\u0131 b\u00fcy\u00fck ve net bir \u015fekilde g\u00f6r\u00fcnt\u00fcleyebilirsiniz. Kan bas\u0131nc\u0131 s\u0131n\u0131fland\u0131rma sistemi (WHO standard\u0131) ile sonu\u00e7lar\u0131n\u0131z\u0131 kolayca de\u011ferlendirip takip edebilirsiniz.Cihaz 2&#215;99 haf\u0131za kapasitesine sahiptir. Bu sayede hem kendi \u00f6l\u00e7\u00fcmlerinizi hem de ba\u015fka bir aile bireyinin \u00f6l\u00e7\u00fcmlerini ayr\u0131 ayr\u0131 kay\u0131t alt\u0131nda tutabilirsiniz. \u0130ki farkl\u0131 \u00f6l\u00e7\u00fcm y\u00f6ntemi (nab\u0131z tarama ve osilometri) sayesinde daha g\u00fcvenilir ve hassas sonu\u00e7lar elde edilir. Hafif ve kompakt tasar\u0131m\u0131 ile ta\u015f\u0131nabilir yap\u0131da olan cihaz, seyahatte ve g\u00fcnl\u00fck kullan\u0131mda b\u00fcy\u00fck kolayl\u0131k sa\u011flar. G\u00fc\u00e7 kayna\u011f\u0131 olarak 4xAAA pil veya Android uyumlu USB \u015farj kablosu kullan\u0131labilir. Paket i\u00e7erisinde tansiyon \u00f6l\u00e7\u00fcm bandaj\u0131, manuel ve monit\u00f6r yer almaktad\u0131r. Sa\u011fl\u0131\u011f\u0131n\u0131z\u0131 profesyonel bir \u015fekilde takip etmek isteyen herkes i\u00e7in ideal bir \u00fcr\u00fcnd\u00fcr.<\/p>\n","protected":false},"excerpt":{"rendered":"<p>Sa\u011fl\u0131\u011f\u0131n\u0131z\u0131 evinizde kolayca takip etmenizi sa\u011flayan elektronik tansiyon \u00f6l\u00e7er, modern tasar\u0131m\u0131 ve y\u00fcksek hassasiyeti ile g\u00fcvenilir sonu\u00e7lar sunar. IHB aritmi tespit \u00f6zelli\u011fi sayesinde yaln\u0131zca tansiyonunuzu \u00f6l\u00e7mekle kalmaz, ayn\u0131 zamanda d\u00fczensiz kalp at\u0131\u015flar\u0131n\u0131 da alg\u0131layarak sa\u011fl\u0131\u011f\u0131n\u0131z hakk\u0131nda daha kapsaml\u0131 bilgiler verir. LCD dijital ekran\u0131 sayesinde \u00f6l\u00e7\u00fcm sonu\u00e7lar\u0131n\u0131z\u0131 b\u00fcy\u00fck ve net bir \u015fekilde g\u00f6r\u00fcnt\u00fcleyebilirsiniz. Kan bas\u0131nc\u0131 s\u0131n\u0131fland\u0131rma&#8230;<\/p>\n","protected":false},"featured_media":116131,"comment_status":"open","ping_status":"closed","template":"","meta":{"_kad_post_transparent":"","_kad_post_title":"","_kad_post_layout":"","_kad_post_sidebar_id":"","_kad_post_content_style":"","_kad_post_vertical_padding":"","_kad_post_feature":"","_kad_post_feature_position":"","_kad_post_header":false,"_kad_post_footer":false,"_kad_post_classname":""},"product_brand":[],"product_cat":[15084],"product_tag":[],"class_list":{"0":"post-116132","1":"product","2":"type-product","3":"status-publish","4":"has-post-thumbnail","6":"product_cat-tansiyon-aleti-tansiyon-aleti","8":"first","9":"instock","10":"purchasable","11":"product-type-simple","12":"entry","13":"content-bg","14":"loop-entry"},"_links":{"self":[{"href":"https:\/\/www.hediyepazar.com\/index.php?rest_route=\/wp\/v2\/product\/116132","targetHints":{"allow":["GET"]}}],"collection":[{"href":"https:\/\/www.hediyepazar.com\/index.php?rest_route=\/wp\/v2\/product"}],"about":[{"href":"https:\/\/www.hediyepazar.com\/index.php?rest_route=\/wp\/v2\/types\/product"}],"replies":[{"embeddable":true,"href":"https:\/\/www.hediyepazar.com\/index.php?rest_route=%2Fwp%2Fv2%2Fcomments&post=116132"}],"wp:featuredmedia":[{"embeddable":true,"href":"https:\/\/www.hediyepazar.com\/index.php?rest_route=\/wp\/v2\/media\/116131"}],"wp:attachment":[{"href":"https:\/\/www.hediyepazar.com\/index.php?rest_route=%2Fwp%2Fv2%2Fmedia&parent=116132"}],"wp:term":[{"taxonomy":"product_brand","embeddable":true,"href":"https:\/\/www.hediyepazar.com\/index.php?rest_route=%2Fwp%2Fv2%2Fproduct_brand&post=116132"},{"taxonomy":"product_cat","embeddable":true,"href":"https:\/\/www.hediyepazar.com\/index.php?rest_route=%2Fwp%2Fv2%2Fproduct_cat&post=116132"},{"taxonomy":"product_tag","embeddable":true,"href":"https:\/\/www.hediyepazar.com\/index.php?rest_route=%2Fwp%2Fv2%2Fproduct_tag&post=116132"}],"curies":[{"name":"wp","href":"https:\/\/api.w.org\/{rel}","templated":true}]}}