{"id":116134,"date":"2026-05-05T16:31:11","date_gmt":"2026-05-05T19:31:11","guid":{"rendered":"https:\/\/www.hediyepazar.com\/?product=2-4g-4ch-katlanabilir-drone-100-metre-ucus-mesafeli"},"modified":"2026-05-05T16:31:11","modified_gmt":"2026-05-05T19:31:11","slug":"2-4g-4ch-katlanabilir-drone-100-metre-ucus-mesafeli","status":"publish","type":"product","link":"https:\/\/www.hediyepazar.com\/?product=2-4g-4ch-katlanabilir-drone-100-metre-ucus-mesafeli","title":{"rendered":"2.4G 4CH Katlanabilir Drone 100 Metre U\u00e7u\u015f Mesafeli"},"content":{"rendered":"<p>K\u00fc\u00e7\u00fck boyutlu ve katlanabilir tasar\u0131m\u0131 sayesinde kolayca ta\u015f\u0131nabilen bu drone, e\u011flenceli ve g\u00fcvenli bir u\u00e7u\u015f deneyimi sunar. Kompakt yap\u0131s\u0131 ile seyahatlerde yan\u0131n\u0131zda ta\u015f\u0131yabilir, an\u0131lar\u0131n\u0131z\u0131 g\u00f6ky\u00fcz\u00fcnden kaydedebilirsiniz. 4K kamera se\u00e7ene\u011fi, y\u00fcksek \u00e7\u00f6z\u00fcn\u00fcrl\u00fckl\u00fc ve net g\u00f6r\u00fcnt\u00fcler elde etmenizi sa\u011flar.Y\u00fckseklik sabitleme modu, cihaz\u0131 kontrol etmeyi daha kolay hale getirir. Bu sayede foto\u011fraf ve video \u00e7ekimlerinde daha net sonu\u00e7lar elde edebilirsiniz. Wi-Fi ba\u011flant\u0131s\u0131 ile telefonunuza ba\u011flanabilir, \u00e7ekti\u011finiz g\u00f6r\u00fcnt\u00fcleri an\u0131nda aktarabilirsiniz.Ba\u015fs\u0131z mod \u00f6zelli\u011fi, y\u00f6n kar\u0131\u015f\u0131kl\u0131\u011f\u0131n\u0131 ortadan kald\u0131r\u0131r ve kolay kullan\u0131m sunar. Tek tu\u015fla eve d\u00f6n\u00fc\u015f fonksiyonu, cihaz\u0131 g\u00fcvenli bir \u015fekilde geri getirmenizi sa\u011flar. Y\u00f6r\u00fcnge u\u00e7u\u015f modu ile diledi\u011finiz rotay\u0131 belirleyebilir, drone\u2019un bu rota \u00fczerinde \u00f6zerk u\u00e7u\u015f yapmas\u0131n\u0131 sa\u011flayabilirsiniz.2.4GHz teknolojisi, parazitleri engeller ve kesintisiz ba\u011flant\u0131 sunar. 100 metreye kadar kontrol mesafesi, geni\u015f kullan\u0131m imkan\u0131 sa\u011flar. 12-15 dakika u\u00e7u\u015f s\u00fcresi sunan bataryas\u0131, yaln\u0131zca 100 dakikal\u0131k \u015farj s\u00fcresi ile tekrar kullan\u0131ma haz\u0131r hale gelir.360\u00b0 d\u00f6n\u00fc\u015f \u00f6zelli\u011fi, e\u011flenceli u\u00e7u\u015f deneyimleri ya\u015fat\u0131rken, yarat\u0131c\u0131 \u00e7ekimler yapman\u0131z\u0131 da sa\u011flar. Hafif ve ergonomik tasar\u0131m\u0131 ile yeni ba\u015flayanlardan profesyonellere kadar her kullan\u0131c\u0131 i\u00e7in uygundur.<\/p>\n","protected":false},"excerpt":{"rendered":"<p>K\u00fc\u00e7\u00fck boyutlu ve katlanabilir tasar\u0131m\u0131 sayesinde kolayca ta\u015f\u0131nabilen bu drone, e\u011flenceli ve g\u00fcvenli bir u\u00e7u\u015f deneyimi sunar. Kompakt yap\u0131s\u0131 ile seyahatlerde yan\u0131n\u0131zda ta\u015f\u0131yabilir, an\u0131lar\u0131n\u0131z\u0131 g\u00f6ky\u00fcz\u00fcnden kaydedebilirsiniz. 4K kamera se\u00e7ene\u011fi, y\u00fcksek \u00e7\u00f6z\u00fcn\u00fcrl\u00fckl\u00fc ve net g\u00f6r\u00fcnt\u00fcler elde etmenizi sa\u011flar.Y\u00fckseklik sabitleme modu, cihaz\u0131 kontrol etmeyi daha kolay hale getirir. Bu sayede foto\u011fraf ve video \u00e7ekimlerinde daha net sonu\u00e7lar&#8230;<\/p>\n","protected":false},"featured_media":116133,"comment_status":"open","ping_status":"closed","template":"","meta":{"_kad_post_transparent":"","_kad_post_title":"","_kad_post_layout":"","_kad_post_sidebar_id":"","_kad_post_content_style":"","_kad_post_vertical_padding":"","_kad_post_feature":"","_kad_post_feature_position":"","_kad_post_header":false,"_kad_post_footer":false,"_kad_post_classname":""},"product_brand":[],"product_cat":[15086],"product_tag":[],"class_list":{"0":"post-116134","1":"product","2":"type-product","3":"status-publish","4":"has-post-thumbnail","6":"product_cat-drone-drone","8":"first","9":"instock","10":"purchasable","11":"product-type-simple","12":"entry","13":"content-bg","14":"loop-entry"},"_links":{"self":[{"href":"https:\/\/www.hediyepazar.com\/index.php?rest_route=\/wp\/v2\/product\/116134","targetHints":{"allow":["GET"]}}],"collection":[{"href":"https:\/\/www.hediyepazar.com\/index.php?rest_route=\/wp\/v2\/product"}],"about":[{"href":"https:\/\/www.hediyepazar.com\/index.php?rest_route=\/wp\/v2\/types\/product"}],"replies":[{"embeddable":true,"href":"https:\/\/www.hediyepazar.com\/index.php?rest_route=%2Fwp%2Fv2%2Fcomments&post=116134"}],"wp:featuredmedia":[{"embeddable":true,"href":"https:\/\/www.hediyepazar.com\/index.php?rest_route=\/wp\/v2\/media\/116133"}],"wp:attachment":[{"href":"https:\/\/www.hediyepazar.com\/index.php?rest_route=%2Fwp%2Fv2%2Fmedia&parent=116134"}],"wp:term":[{"taxonomy":"product_brand","embeddable":true,"href":"https:\/\/www.hediyepazar.com\/index.php?rest_route=%2Fwp%2Fv2%2Fproduct_brand&post=116134"},{"taxonomy":"product_cat","embeddable":true,"href":"https:\/\/www.hediyepazar.com\/index.php?rest_route=%2Fwp%2Fv2%2Fproduct_cat&post=116134"},{"taxonomy":"product_tag","embeddable":true,"href":"https:\/\/www.hediyepazar.com\/index.php?rest_route=%2Fwp%2Fv2%2Fproduct_tag&post=116134"}],"curies":[{"name":"wp","href":"https:\/\/api.w.org\/{rel}","templated":true}]}}