{"id":116142,"date":"2026-05-05T16:31:59","date_gmt":"2026-05-05T19:31:59","guid":{"rendered":"https:\/\/www.hediyepazar.com\/?product=tasinabilir-kas-masaj-aparati-spor-sonrasi-rahatlatici"},"modified":"2026-05-05T16:31:59","modified_gmt":"2026-05-05T19:31:59","slug":"tasinabilir-kas-masaj-aparati-spor-sonrasi-rahatlatici","status":"publish","type":"product","link":"https:\/\/www.hediyepazar.com\/?product=tasinabilir-kas-masaj-aparati-spor-sonrasi-rahatlatici","title":{"rendered":"Ta\u015f\u0131nabilir Kas Masaj Aparat\u0131 Spor Sonras\u0131 Rahatlat\u0131c\u0131"},"content":{"rendered":"<p>\u00c7ift tarafl\u0131 yuvarlanan masaj noktalar\u0131 ile kol, \u00f6n kol, dirsek, bacak, bald\u0131r ve boyun b\u00f6lgesinde kullan\u0131labilir. Sel\u00fclit ve kas gerginli\u011fini azaltmaya yard\u0131mc\u0131 olur.<\/p>\n","protected":false},"excerpt":{"rendered":"<p>\u00c7ift tarafl\u0131 yuvarlanan masaj noktalar\u0131 ile kol, \u00f6n kol, dirsek, bacak, bald\u0131r ve boyun b\u00f6lgesinde kullan\u0131labilir. Sel\u00fclit ve kas gerginli\u011fini azaltmaya yard\u0131mc\u0131 olur.<\/p>\n","protected":false},"featured_media":116141,"comment_status":"open","ping_status":"closed","template":"","meta":{"_kad_post_transparent":"","_kad_post_title":"","_kad_post_layout":"","_kad_post_sidebar_id":"","_kad_post_content_style":"","_kad_post_vertical_padding":"","_kad_post_feature":"","_kad_post_feature_position":"","_kad_post_header":false,"_kad_post_footer":false,"_kad_post_classname":""},"product_brand":[],"product_cat":[14939],"product_tag":[],"class_list":{"0":"post-116142","1":"product","2":"type-product","3":"status-publish","4":"has-post-thumbnail","6":"product_cat-masaj-cihazi-masaj-cihazi","8":"first","9":"instock","10":"purchasable","11":"product-type-simple","12":"entry","13":"content-bg","14":"loop-entry"},"_links":{"self":[{"href":"https:\/\/www.hediyepazar.com\/index.php?rest_route=\/wp\/v2\/product\/116142","targetHints":{"allow":["GET"]}}],"collection":[{"href":"https:\/\/www.hediyepazar.com\/index.php?rest_route=\/wp\/v2\/product"}],"about":[{"href":"https:\/\/www.hediyepazar.com\/index.php?rest_route=\/wp\/v2\/types\/product"}],"replies":[{"embeddable":true,"href":"https:\/\/www.hediyepazar.com\/index.php?rest_route=%2Fwp%2Fv2%2Fcomments&post=116142"}],"wp:featuredmedia":[{"embeddable":true,"href":"https:\/\/www.hediyepazar.com\/index.php?rest_route=\/wp\/v2\/media\/116141"}],"wp:attachment":[{"href":"https:\/\/www.hediyepazar.com\/index.php?rest_route=%2Fwp%2Fv2%2Fmedia&parent=116142"}],"wp:term":[{"taxonomy":"product_brand","embeddable":true,"href":"https:\/\/www.hediyepazar.com\/index.php?rest_route=%2Fwp%2Fv2%2Fproduct_brand&post=116142"},{"taxonomy":"product_cat","embeddable":true,"href":"https:\/\/www.hediyepazar.com\/index.php?rest_route=%2Fwp%2Fv2%2Fproduct_cat&post=116142"},{"taxonomy":"product_tag","embeddable":true,"href":"https:\/\/www.hediyepazar.com\/index.php?rest_route=%2Fwp%2Fv2%2Fproduct_tag&post=116142"}],"curies":[{"name":"wp","href":"https:\/\/api.w.org\/{rel}","templated":true}]}}