{"id":116148,"date":"2026-05-05T16:32:16","date_gmt":"2026-05-05T19:32:16","guid":{"rendered":"https:\/\/www.hediyepazar.com\/?product=plastik-masaj-aleti-derin-doku-kas-gevsetici-rulo"},"modified":"2026-05-05T16:32:16","modified_gmt":"2026-05-05T19:32:16","slug":"plastik-masaj-aleti-derin-doku-kas-gevsetici-rulo","status":"publish","type":"product","link":"https:\/\/www.hediyepazar.com\/?product=plastik-masaj-aleti-derin-doku-kas-gevsetici-rulo","title":{"rendered":"Plastik Masaj Aleti Derin Doku Kas Gev\u015fetici Rulo"},"content":{"rendered":"<p>Plastik masaj aleti derin dokuyu etkili \u015fekilde uyar\u0131r, miyofasyal hareketleri \u00e7\u00f6zer ve eklem esnekli\u011fini geri kazand\u0131r\u0131r. D\u00fczenli kullan\u0131mda kas a\u011fr\u0131lar\u0131n\u0131 hafifletmeye yard\u0131mc\u0131 olur.<\/p>\n","protected":false},"excerpt":{"rendered":"<p>Plastik masaj aleti derin dokuyu etkili \u015fekilde uyar\u0131r, miyofasyal hareketleri \u00e7\u00f6zer ve eklem esnekli\u011fini geri kazand\u0131r\u0131r. D\u00fczenli kullan\u0131mda kas a\u011fr\u0131lar\u0131n\u0131 hafifletmeye yard\u0131mc\u0131 olur.<\/p>\n","protected":false},"featured_media":116147,"comment_status":"open","ping_status":"closed","template":"","meta":{"_kad_post_transparent":"","_kad_post_title":"","_kad_post_layout":"","_kad_post_sidebar_id":"","_kad_post_content_style":"","_kad_post_vertical_padding":"","_kad_post_feature":"","_kad_post_feature_position":"","_kad_post_header":false,"_kad_post_footer":false,"_kad_post_classname":""},"product_brand":[],"product_cat":[14939],"product_tag":[],"class_list":{"0":"post-116148","1":"product","2":"type-product","3":"status-publish","4":"has-post-thumbnail","6":"product_cat-masaj-cihazi-masaj-cihazi","8":"first","9":"instock","10":"purchasable","11":"product-type-simple","12":"entry","13":"content-bg","14":"loop-entry"},"_links":{"self":[{"href":"https:\/\/www.hediyepazar.com\/index.php?rest_route=\/wp\/v2\/product\/116148","targetHints":{"allow":["GET"]}}],"collection":[{"href":"https:\/\/www.hediyepazar.com\/index.php?rest_route=\/wp\/v2\/product"}],"about":[{"href":"https:\/\/www.hediyepazar.com\/index.php?rest_route=\/wp\/v2\/types\/product"}],"replies":[{"embeddable":true,"href":"https:\/\/www.hediyepazar.com\/index.php?rest_route=%2Fwp%2Fv2%2Fcomments&post=116148"}],"wp:featuredmedia":[{"embeddable":true,"href":"https:\/\/www.hediyepazar.com\/index.php?rest_route=\/wp\/v2\/media\/116147"}],"wp:attachment":[{"href":"https:\/\/www.hediyepazar.com\/index.php?rest_route=%2Fwp%2Fv2%2Fmedia&parent=116148"}],"wp:term":[{"taxonomy":"product_brand","embeddable":true,"href":"https:\/\/www.hediyepazar.com\/index.php?rest_route=%2Fwp%2Fv2%2Fproduct_brand&post=116148"},{"taxonomy":"product_cat","embeddable":true,"href":"https:\/\/www.hediyepazar.com\/index.php?rest_route=%2Fwp%2Fv2%2Fproduct_cat&post=116148"},{"taxonomy":"product_tag","embeddable":true,"href":"https:\/\/www.hediyepazar.com\/index.php?rest_route=%2Fwp%2Fv2%2Fproduct_tag&post=116148"}],"curies":[{"name":"wp","href":"https:\/\/api.w.org\/{rel}","templated":true}]}}