{"id":116150,"date":"2026-05-05T16:32:23","date_gmt":"2026-05-05T19:32:23","guid":{"rendered":"https:\/\/www.hediyepazar.com\/?product=rh-6668-kablosuz-sac-duzeltici-sarjli-elektrikli-bakim-makinesi"},"modified":"2026-05-05T16:32:23","modified_gmt":"2026-05-05T19:32:23","slug":"rh-6668-kablosuz-sac-duzeltici-sarjli-elektrikli-bakim-makinesi","status":"publish","type":"product","link":"https:\/\/www.hediyepazar.com\/?product=rh-6668-kablosuz-sac-duzeltici-sarjli-elektrikli-bakim-makinesi","title":{"rendered":"RH-6668 Kablosuz Sa\u00e7 D\u00fczeltici \u015earjl\u0131 Elektrikli Bak\u0131m Makinesi"},"content":{"rendered":"<p>RH-6668 Elektrikli Sa\u00e7 Kesme Makinesi, ki\u015fisel bak\u0131m\u0131n\u0131z\u0131 bir \u00fcst seviyeye ta\u015f\u0131mak i\u00e7in tasarlanm\u0131\u015ft\u0131r. \u015earjl\u0131 ve kablosuz yap\u0131s\u0131, kullan\u0131m s\u0131ras\u0131nda \u00f6zg\u00fcrl\u00fck sa\u011flar. Otomatik sa\u00e7 d\u00fczeltme \u00f6zelli\u011fi, sa\u00e7 kesimini kolayla\u015ft\u0131r\u0131rken kusursuz bir sonu\u00e7 elde etmenize yard\u0131mc\u0131 olur. G\u00fc\u00e7l\u00fc motoru ve keskin b\u0131\u00e7aklar\u0131 sayesinde sa\u00e7\u0131n\u0131z\u0131 h\u0131zl\u0131, pratik ve e\u015fit \u015fekilde keser. Ergonomik tasar\u0131m\u0131 sayesinde uzun s\u00fcre kullan\u0131mda bile rahat bir deneyim sunar. Farkl\u0131 sa\u00e7 uzunluklar\u0131 i\u00e7in \u00f6zel tarak ba\u015fl\u0131klar\u0131 bulunur, bu sayede diledi\u011finiz stili kolayca elde edebilirsiniz. Seyahat dostu kompakt tasar\u0131m\u0131, cihaz\u0131 yan\u0131n\u0131zda ta\u015f\u0131man\u0131z\u0131 kolayla\u015ft\u0131r\u0131r. Temizli\u011fi olduk\u00e7a basittir ve uzun \u00f6m\u00fcrl\u00fc kullan\u0131m sa\u011flar. Hem erkeklerin g\u00fcnl\u00fck bak\u0131m\u0131nda hem de evde sa\u00e7 kesiminde pratik bir \u00e7\u00f6z\u00fcm sunar. RH-6668, profesyonel sa\u00e7 kesim sonu\u00e7lar\u0131n\u0131 evinize getirerek bak\u0131m\u0131n\u0131z\u0131 kolayla\u015ft\u0131r\u0131r ve zamandan tasarruf etmenizi sa\u011flar.<\/p>\n","protected":false},"excerpt":{"rendered":"<p>RH-6668 Elektrikli Sa\u00e7 Kesme Makinesi, ki\u015fisel bak\u0131m\u0131n\u0131z\u0131 bir \u00fcst seviyeye ta\u015f\u0131mak i\u00e7in tasarlanm\u0131\u015ft\u0131r. \u015earjl\u0131 ve kablosuz yap\u0131s\u0131, kullan\u0131m s\u0131ras\u0131nda \u00f6zg\u00fcrl\u00fck sa\u011flar. Otomatik sa\u00e7 d\u00fczeltme \u00f6zelli\u011fi, sa\u00e7 kesimini kolayla\u015ft\u0131r\u0131rken kusursuz bir sonu\u00e7 elde etmenize yard\u0131mc\u0131 olur. G\u00fc\u00e7l\u00fc motoru ve keskin b\u0131\u00e7aklar\u0131 sayesinde sa\u00e7\u0131n\u0131z\u0131 h\u0131zl\u0131, pratik ve e\u015fit \u015fekilde keser. Ergonomik tasar\u0131m\u0131 sayesinde uzun s\u00fcre kullan\u0131mda bile&#8230;<\/p>\n","protected":false},"featured_media":116149,"comment_status":"open","ping_status":"closed","template":"","meta":{"_kad_post_transparent":"","_kad_post_title":"","_kad_post_layout":"","_kad_post_sidebar_id":"","_kad_post_content_style":"","_kad_post_vertical_padding":"","_kad_post_feature":"","_kad_post_feature_position":"","_kad_post_header":false,"_kad_post_footer":false,"_kad_post_classname":""},"product_brand":[],"product_cat":[15088],"product_tag":[],"class_list":{"0":"post-116150","1":"product","2":"type-product","3":"status-publish","4":"has-post-thumbnail","6":"product_cat-sac-bakim-cihazi-sac-bakim-cihazi","8":"first","9":"instock","10":"purchasable","11":"product-type-simple","12":"entry","13":"content-bg","14":"loop-entry"},"_links":{"self":[{"href":"https:\/\/www.hediyepazar.com\/index.php?rest_route=\/wp\/v2\/product\/116150","targetHints":{"allow":["GET"]}}],"collection":[{"href":"https:\/\/www.hediyepazar.com\/index.php?rest_route=\/wp\/v2\/product"}],"about":[{"href":"https:\/\/www.hediyepazar.com\/index.php?rest_route=\/wp\/v2\/types\/product"}],"replies":[{"embeddable":true,"href":"https:\/\/www.hediyepazar.com\/index.php?rest_route=%2Fwp%2Fv2%2Fcomments&post=116150"}],"wp:featuredmedia":[{"embeddable":true,"href":"https:\/\/www.hediyepazar.com\/index.php?rest_route=\/wp\/v2\/media\/116149"}],"wp:attachment":[{"href":"https:\/\/www.hediyepazar.com\/index.php?rest_route=%2Fwp%2Fv2%2Fmedia&parent=116150"}],"wp:term":[{"taxonomy":"product_brand","embeddable":true,"href":"https:\/\/www.hediyepazar.com\/index.php?rest_route=%2Fwp%2Fv2%2Fproduct_brand&post=116150"},{"taxonomy":"product_cat","embeddable":true,"href":"https:\/\/www.hediyepazar.com\/index.php?rest_route=%2Fwp%2Fv2%2Fproduct_cat&post=116150"},{"taxonomy":"product_tag","embeddable":true,"href":"https:\/\/www.hediyepazar.com\/index.php?rest_route=%2Fwp%2Fv2%2Fproduct_tag&post=116150"}],"curies":[{"name":"wp","href":"https:\/\/api.w.org\/{rel}","templated":true}]}}