{"id":116152,"date":"2026-05-05T16:32:59","date_gmt":"2026-05-05T19:32:59","guid":{"rendered":"https:\/\/www.hediyepazar.com\/?product=profesyonel-rh-6668-sarjli-elektrikli-sac-kesme-ve-duzeltici-makine"},"modified":"2026-05-05T16:32:59","modified_gmt":"2026-05-05T19:32:59","slug":"profesyonel-rh-6668-sarjli-elektrikli-sac-kesme-ve-duzeltici-makine","status":"publish","type":"product","link":"https:\/\/www.hediyepazar.com\/?product=profesyonel-rh-6668-sarjli-elektrikli-sac-kesme-ve-duzeltici-makine","title":{"rendered":"Profesyonel RH-6668 \u015earjl\u0131 Elektrikli Sa\u00e7 Kesme ve D\u00fczeltici Makine"},"content":{"rendered":"<p>RH-6668 \u015earj Edilebilir Elektrikli Sa\u00e7 D\u00fczeltici, ki\u015fisel bak\u0131mda pratik ve modern bir \u00e7\u00f6z\u00fcm arayanlar i\u00e7in geli\u015ftirilmi\u015ftir. Kablosuz kullan\u0131m\u0131 sayesinde hareket \u00f6zg\u00fcrl\u00fc\u011f\u00fc sunar. G\u00fc\u00e7l\u00fc motoru ve keskin b\u0131\u00e7aklar\u0131, sa\u00e7 kesimini h\u0131zl\u0131 ve etkili bir hale getirir. Otomatik sa\u00e7 d\u00fczeltme \u00f6zelli\u011fi ile sa\u00e7\u0131n\u0131z\u0131 e\u015fit \u015fekilde keserken kusursuz bir g\u00f6r\u00fcn\u00fcm sa\u011flar. Ergonomik yap\u0131s\u0131, uzun s\u00fcreli kullan\u0131mlarda bile konforlu bir tutu\u015f sunar. Cihaz farkl\u0131 uzunluklar i\u00e7in tarak ba\u015fl\u0131klar\u0131 ile birlikte gelir, b\u00f6ylece istedi\u011finiz stili kolayca elde edebilirsiniz. Seyahatlerde yan\u0131n\u0131zda ta\u015f\u0131mak i\u00e7in ideal olan bu makine, hafif ve ta\u015f\u0131nabilir yap\u0131s\u0131yla \u00f6ne \u00e7\u0131kar. Temizli\u011fi kolay olup uzun \u00f6m\u00fcrl\u00fc performans sunar. Erkekler i\u00e7in g\u00fcnl\u00fck bak\u0131mda kullan\u0131labilece\u011fi gibi, aile bireyleri i\u00e7in de evde profesyonel sonu\u00e7lar elde etmenizi sa\u011flar. RH-6668 ile her zaman bak\u0131ml\u0131, d\u00fczenli ve profesyonel bir g\u00f6r\u00fcn\u00fcm yakalay\u0131n.<\/p>\n","protected":false},"excerpt":{"rendered":"<p>RH-6668 \u015earj Edilebilir Elektrikli Sa\u00e7 D\u00fczeltici, ki\u015fisel bak\u0131mda pratik ve modern bir \u00e7\u00f6z\u00fcm arayanlar i\u00e7in geli\u015ftirilmi\u015ftir. Kablosuz kullan\u0131m\u0131 sayesinde hareket \u00f6zg\u00fcrl\u00fc\u011f\u00fc sunar. G\u00fc\u00e7l\u00fc motoru ve keskin b\u0131\u00e7aklar\u0131, sa\u00e7 kesimini h\u0131zl\u0131 ve etkili bir hale getirir. Otomatik sa\u00e7 d\u00fczeltme \u00f6zelli\u011fi ile sa\u00e7\u0131n\u0131z\u0131 e\u015fit \u015fekilde keserken kusursuz bir g\u00f6r\u00fcn\u00fcm sa\u011flar. Ergonomik yap\u0131s\u0131, uzun s\u00fcreli kullan\u0131mlarda bile konforlu&#8230;<\/p>\n","protected":false},"featured_media":116151,"comment_status":"open","ping_status":"closed","template":"","meta":{"_kad_post_transparent":"","_kad_post_title":"","_kad_post_layout":"","_kad_post_sidebar_id":"","_kad_post_content_style":"","_kad_post_vertical_padding":"","_kad_post_feature":"","_kad_post_feature_position":"","_kad_post_header":false,"_kad_post_footer":false,"_kad_post_classname":""},"product_brand":[],"product_cat":[15088],"product_tag":[],"class_list":{"0":"post-116152","1":"product","2":"type-product","3":"status-publish","4":"has-post-thumbnail","6":"product_cat-sac-bakim-cihazi-sac-bakim-cihazi","8":"first","9":"instock","10":"purchasable","11":"product-type-simple","12":"entry","13":"content-bg","14":"loop-entry"},"_links":{"self":[{"href":"https:\/\/www.hediyepazar.com\/index.php?rest_route=\/wp\/v2\/product\/116152","targetHints":{"allow":["GET"]}}],"collection":[{"href":"https:\/\/www.hediyepazar.com\/index.php?rest_route=\/wp\/v2\/product"}],"about":[{"href":"https:\/\/www.hediyepazar.com\/index.php?rest_route=\/wp\/v2\/types\/product"}],"replies":[{"embeddable":true,"href":"https:\/\/www.hediyepazar.com\/index.php?rest_route=%2Fwp%2Fv2%2Fcomments&post=116152"}],"wp:featuredmedia":[{"embeddable":true,"href":"https:\/\/www.hediyepazar.com\/index.php?rest_route=\/wp\/v2\/media\/116151"}],"wp:attachment":[{"href":"https:\/\/www.hediyepazar.com\/index.php?rest_route=%2Fwp%2Fv2%2Fmedia&parent=116152"}],"wp:term":[{"taxonomy":"product_brand","embeddable":true,"href":"https:\/\/www.hediyepazar.com\/index.php?rest_route=%2Fwp%2Fv2%2Fproduct_brand&post=116152"},{"taxonomy":"product_cat","embeddable":true,"href":"https:\/\/www.hediyepazar.com\/index.php?rest_route=%2Fwp%2Fv2%2Fproduct_cat&post=116152"},{"taxonomy":"product_tag","embeddable":true,"href":"https:\/\/www.hediyepazar.com\/index.php?rest_route=%2Fwp%2Fv2%2Fproduct_tag&post=116152"}],"curies":[{"name":"wp","href":"https:\/\/api.w.org\/{rel}","templated":true}]}}