{"id":116160,"date":"2026-05-05T16:33:19","date_gmt":"2026-05-05T19:33:19","guid":{"rendered":"https:\/\/www.hediyepazar.com\/?product=seramik-plakali-daling-sac-duzlestirici-kirilma-ve-dolanma-onleyici"},"modified":"2026-05-05T16:33:19","modified_gmt":"2026-05-05T19:33:19","slug":"seramik-plakali-daling-sac-duzlestirici-kirilma-ve-dolanma-onleyici","status":"publish","type":"product","link":"https:\/\/www.hediyepazar.com\/?product=seramik-plakali-daling-sac-duzlestirici-kirilma-ve-dolanma-onleyici","title":{"rendered":"Seramik Plakal\u0131 Daling Sa\u00e7 D\u00fczle\u015ftirici K\u0131r\u0131lma ve Dolanma \u00d6nleyici"},"content":{"rendered":"<p>Bu sa\u00e7 d\u00fczle\u015ftirici, y\u00fcksek kaliteli seramik plakalar\u0131 ile sa\u00e7lar\u0131n\u0131z\u0131n kolayca kaymas\u0131n\u0131 sa\u011flar. Free floating teknolojisi sayesinde plakalar sa\u00e7\u0131n do\u011fal \u015feklini al\u0131r ve tak\u0131lma riskini ortadan kald\u0131r\u0131r. 230\u00b0C\u2019ye kadar \u00e7\u0131kan s\u0131cakl\u0131k sayesinde kal\u0131c\u0131 ve h\u0131zl\u0131 \u015fekillendirme sa\u011flar. 5 farkl\u0131 s\u0131cakl\u0131k seviyesi ile ince, kal\u0131n ve boyal\u0131 sa\u00e7lara uyum sa\u011flar. 360\u00b0 d\u00f6ner kablosu, rahat kullan\u0131m imkan\u0131 sunarken hafif g\u00f6vdesi uzun s\u00fcreli kullan\u0131mda konfor sa\u011flar. Sa\u00e7lar\u0131n\u0131zda k\u0131r\u0131lma ve elektriklenme olmadan, ipeksi bir p\u00fcr\u00fczs\u00fczl\u00fck elde etmenizi sa\u011flar.<\/p>\n","protected":false},"excerpt":{"rendered":"<p>Bu sa\u00e7 d\u00fczle\u015ftirici, y\u00fcksek kaliteli seramik plakalar\u0131 ile sa\u00e7lar\u0131n\u0131z\u0131n kolayca kaymas\u0131n\u0131 sa\u011flar. Free floating teknolojisi sayesinde plakalar sa\u00e7\u0131n do\u011fal \u015feklini al\u0131r ve tak\u0131lma riskini ortadan kald\u0131r\u0131r. 230\u00b0C\u2019ye kadar \u00e7\u0131kan s\u0131cakl\u0131k sayesinde kal\u0131c\u0131 ve h\u0131zl\u0131 \u015fekillendirme sa\u011flar. 5 farkl\u0131 s\u0131cakl\u0131k seviyesi ile ince, kal\u0131n ve boyal\u0131 sa\u00e7lara uyum sa\u011flar. 360\u00b0 d\u00f6ner kablosu, rahat kullan\u0131m imkan\u0131 sunarken&#8230;<\/p>\n","protected":false},"featured_media":116159,"comment_status":"open","ping_status":"closed","template":"","meta":{"_kad_post_transparent":"","_kad_post_title":"","_kad_post_layout":"","_kad_post_sidebar_id":"","_kad_post_content_style":"","_kad_post_vertical_padding":"","_kad_post_feature":"","_kad_post_feature_position":"","_kad_post_header":false,"_kad_post_footer":false,"_kad_post_classname":""},"product_brand":[],"product_cat":[14907],"product_tag":[],"class_list":{"0":"post-116160","1":"product","2":"type-product","3":"status-publish","4":"has-post-thumbnail","6":"product_cat-sac-masasi-sac-masasi","8":"first","9":"instock","10":"purchasable","11":"product-type-simple","12":"entry","13":"content-bg","14":"loop-entry"},"_links":{"self":[{"href":"https:\/\/www.hediyepazar.com\/index.php?rest_route=\/wp\/v2\/product\/116160","targetHints":{"allow":["GET"]}}],"collection":[{"href":"https:\/\/www.hediyepazar.com\/index.php?rest_route=\/wp\/v2\/product"}],"about":[{"href":"https:\/\/www.hediyepazar.com\/index.php?rest_route=\/wp\/v2\/types\/product"}],"replies":[{"embeddable":true,"href":"https:\/\/www.hediyepazar.com\/index.php?rest_route=%2Fwp%2Fv2%2Fcomments&post=116160"}],"wp:featuredmedia":[{"embeddable":true,"href":"https:\/\/www.hediyepazar.com\/index.php?rest_route=\/wp\/v2\/media\/116159"}],"wp:attachment":[{"href":"https:\/\/www.hediyepazar.com\/index.php?rest_route=%2Fwp%2Fv2%2Fmedia&parent=116160"}],"wp:term":[{"taxonomy":"product_brand","embeddable":true,"href":"https:\/\/www.hediyepazar.com\/index.php?rest_route=%2Fwp%2Fv2%2Fproduct_brand&post=116160"},{"taxonomy":"product_cat","embeddable":true,"href":"https:\/\/www.hediyepazar.com\/index.php?rest_route=%2Fwp%2Fv2%2Fproduct_cat&post=116160"},{"taxonomy":"product_tag","embeddable":true,"href":"https:\/\/www.hediyepazar.com\/index.php?rest_route=%2Fwp%2Fv2%2Fproduct_tag&post=116160"}],"curies":[{"name":"wp","href":"https:\/\/api.w.org\/{rel}","templated":true}]}}