{"id":116162,"date":"2026-05-05T16:33:59","date_gmt":"2026-05-05T19:33:59","guid":{"rendered":"https:\/\/www.hediyepazar.com\/?product=sac-duzlestirici-30-saniyede-isinma-hafif-ve-portatif-tasarim"},"modified":"2026-05-05T16:33:59","modified_gmt":"2026-05-05T19:33:59","slug":"sac-duzlestirici-30-saniyede-isinma-hafif-ve-portatif-tasarim","status":"publish","type":"product","link":"https:\/\/www.hediyepazar.com\/?product=sac-duzlestirici-30-saniyede-isinma-hafif-ve-portatif-tasarim","title":{"rendered":"Sa\u00e7 D\u00fczle\u015ftirici 30 Saniyede Is\u0131nma Hafif ve Portatif Tasar\u0131m"},"content":{"rendered":"<p>Kompakt boyutu ve hafif yap\u0131s\u0131yla g\u00fcnl\u00fck kullan\u0131m ve seyahatler i\u00e7in ideal olan bu mini sa\u00e7 d\u00fczle\u015ftirici, 30-45 saniye gibi k\u0131sa bir s\u00fcrede \u0131s\u0131n\u0131r. Free floating seramik plakalar\u0131, sa\u00e7\u0131n yap\u0131s\u0131na g\u00f6re hareket ederek tak\u0131lma ve kar\u0131\u015fmay\u0131 \u00f6nler. Bu sayede sa\u00e7\u0131n\u0131za zarar vermeden kolayca \u015fekillendirme imkan\u0131 sunar. 5 farkl\u0131 \u0131s\u0131 ayar\u0131 sayesinde her sa\u00e7 tipine uygundur. \u00d6zellikle seyahat eden kullan\u0131c\u0131lar i\u00e7in pratik bir \u00e7\u00f6z\u00fcm sunan cihaz, \u015f\u0131k ve modern tasar\u0131m\u0131yla hem estetik hem de i\u015flevsellik a\u00e7\u0131s\u0131ndan beklentileri kar\u015f\u0131lar.<\/p>\n","protected":false},"excerpt":{"rendered":"<p>Kompakt boyutu ve hafif yap\u0131s\u0131yla g\u00fcnl\u00fck kullan\u0131m ve seyahatler i\u00e7in ideal olan bu mini sa\u00e7 d\u00fczle\u015ftirici, 30-45 saniye gibi k\u0131sa bir s\u00fcrede \u0131s\u0131n\u0131r. Free floating seramik plakalar\u0131, sa\u00e7\u0131n yap\u0131s\u0131na g\u00f6re hareket ederek tak\u0131lma ve kar\u0131\u015fmay\u0131 \u00f6nler. Bu sayede sa\u00e7\u0131n\u0131za zarar vermeden kolayca \u015fekillendirme imkan\u0131 sunar. 5 farkl\u0131 \u0131s\u0131 ayar\u0131 sayesinde her sa\u00e7 tipine uygundur. \u00d6zellikle&#8230;<\/p>\n","protected":false},"featured_media":116161,"comment_status":"open","ping_status":"closed","template":"","meta":{"_kad_post_transparent":"","_kad_post_title":"","_kad_post_layout":"","_kad_post_sidebar_id":"","_kad_post_content_style":"","_kad_post_vertical_padding":"","_kad_post_feature":"","_kad_post_feature_position":"","_kad_post_header":false,"_kad_post_footer":false,"_kad_post_classname":""},"product_brand":[],"product_cat":[14907],"product_tag":[],"class_list":{"0":"post-116162","1":"product","2":"type-product","3":"status-publish","4":"has-post-thumbnail","6":"product_cat-sac-masasi-sac-masasi","8":"first","9":"instock","10":"purchasable","11":"product-type-simple","12":"entry","13":"content-bg","14":"loop-entry"},"_links":{"self":[{"href":"https:\/\/www.hediyepazar.com\/index.php?rest_route=\/wp\/v2\/product\/116162","targetHints":{"allow":["GET"]}}],"collection":[{"href":"https:\/\/www.hediyepazar.com\/index.php?rest_route=\/wp\/v2\/product"}],"about":[{"href":"https:\/\/www.hediyepazar.com\/index.php?rest_route=\/wp\/v2\/types\/product"}],"replies":[{"embeddable":true,"href":"https:\/\/www.hediyepazar.com\/index.php?rest_route=%2Fwp%2Fv2%2Fcomments&post=116162"}],"wp:featuredmedia":[{"embeddable":true,"href":"https:\/\/www.hediyepazar.com\/index.php?rest_route=\/wp\/v2\/media\/116161"}],"wp:attachment":[{"href":"https:\/\/www.hediyepazar.com\/index.php?rest_route=%2Fwp%2Fv2%2Fmedia&parent=116162"}],"wp:term":[{"taxonomy":"product_brand","embeddable":true,"href":"https:\/\/www.hediyepazar.com\/index.php?rest_route=%2Fwp%2Fv2%2Fproduct_brand&post=116162"},{"taxonomy":"product_cat","embeddable":true,"href":"https:\/\/www.hediyepazar.com\/index.php?rest_route=%2Fwp%2Fv2%2Fproduct_cat&post=116162"},{"taxonomy":"product_tag","embeddable":true,"href":"https:\/\/www.hediyepazar.com\/index.php?rest_route=%2Fwp%2Fv2%2Fproduct_tag&post=116162"}],"curies":[{"name":"wp","href":"https:\/\/api.w.org\/{rel}","templated":true}]}}