{"id":116166,"date":"2026-05-05T16:34:10","date_gmt":"2026-05-05T19:34:10","guid":{"rendered":"https:\/\/www.hediyepazar.com\/?product=kadin-sac-duzlestirici-seyahat-dostu-5-kademeli-isi-kontrolu"},"modified":"2026-05-05T16:34:10","modified_gmt":"2026-05-05T19:34:10","slug":"kadin-sac-duzlestirici-seyahat-dostu-5-kademeli-isi-kontrolu","status":"publish","type":"product","link":"https:\/\/www.hediyepazar.com\/?product=kadin-sac-duzlestirici-seyahat-dostu-5-kademeli-isi-kontrolu","title":{"rendered":"Kad\u0131n Sa\u00e7 D\u00fczle\u015ftirici Seyahat Dostu 5 Kademeli Is\u0131 Kontrol\u00fc"},"content":{"rendered":"<p>Bu sa\u00e7 d\u00fczle\u015ftirici, farkl\u0131 sa\u00e7 tiplerine uygun 5 kademeli \u0131s\u0131 kontrol\u00fc ile ki\u015fisel ihtiya\u00e7lar\u0131n\u0131za g\u00f6re \u015fekillendirme imkan\u0131 sunar. Seramik kapl\u0131 plakalar\u0131, \u0131s\u0131y\u0131 e\u015fit da\u011f\u0131tarak sa\u00e7\u0131n yanmas\u0131n\u0131 ve zarar g\u00f6rmesini \u00f6nler. Sadece 30 saniyede \u0131s\u0131narak acil durumlarda bile h\u0131zl\u0131 \u00e7\u00f6z\u00fcmler sa\u011flar. Free floating plakalar, sa\u00e7\u0131n\u0131z\u0131n do\u011fal yap\u0131s\u0131na uyum sa\u011flayarak p\u00fcr\u00fczs\u00fcz bir kay\u0131\u015f sunar. Kompakt boyutu sayesinde \u00e7antan\u0131zda kolayca ta\u015f\u0131yabilir, seyahatlerde ve tatillerde kusursuz sa\u00e7lara sahip olabilirsiniz. 360\u00b0 d\u00f6nebilen kablosu ise kullan\u0131m kolayl\u0131\u011f\u0131 sa\u011flar ve kablo kar\u0131\u015f\u0131kl\u0131\u011f\u0131n\u0131 \u00f6nler.<\/p>\n","protected":false},"excerpt":{"rendered":"<p>Bu sa\u00e7 d\u00fczle\u015ftirici, farkl\u0131 sa\u00e7 tiplerine uygun 5 kademeli \u0131s\u0131 kontrol\u00fc ile ki\u015fisel ihtiya\u00e7lar\u0131n\u0131za g\u00f6re \u015fekillendirme imkan\u0131 sunar. Seramik kapl\u0131 plakalar\u0131, \u0131s\u0131y\u0131 e\u015fit da\u011f\u0131tarak sa\u00e7\u0131n yanmas\u0131n\u0131 ve zarar g\u00f6rmesini \u00f6nler. Sadece 30 saniyede \u0131s\u0131narak acil durumlarda bile h\u0131zl\u0131 \u00e7\u00f6z\u00fcmler sa\u011flar. Free floating plakalar, sa\u00e7\u0131n\u0131z\u0131n do\u011fal yap\u0131s\u0131na uyum sa\u011flayarak p\u00fcr\u00fczs\u00fcz bir kay\u0131\u015f sunar. Kompakt boyutu sayesinde&#8230;<\/p>\n","protected":false},"featured_media":116165,"comment_status":"open","ping_status":"closed","template":"","meta":{"_kad_post_transparent":"","_kad_post_title":"","_kad_post_layout":"","_kad_post_sidebar_id":"","_kad_post_content_style":"","_kad_post_vertical_padding":"","_kad_post_feature":"","_kad_post_feature_position":"","_kad_post_header":false,"_kad_post_footer":false,"_kad_post_classname":""},"product_brand":[],"product_cat":[14907],"product_tag":[],"class_list":{"0":"post-116166","1":"product","2":"type-product","3":"status-publish","4":"has-post-thumbnail","6":"product_cat-sac-masasi-sac-masasi","8":"first","9":"instock","10":"purchasable","11":"product-type-simple","12":"entry","13":"content-bg","14":"loop-entry"},"_links":{"self":[{"href":"https:\/\/www.hediyepazar.com\/index.php?rest_route=\/wp\/v2\/product\/116166","targetHints":{"allow":["GET"]}}],"collection":[{"href":"https:\/\/www.hediyepazar.com\/index.php?rest_route=\/wp\/v2\/product"}],"about":[{"href":"https:\/\/www.hediyepazar.com\/index.php?rest_route=\/wp\/v2\/types\/product"}],"replies":[{"embeddable":true,"href":"https:\/\/www.hediyepazar.com\/index.php?rest_route=%2Fwp%2Fv2%2Fcomments&post=116166"}],"wp:featuredmedia":[{"embeddable":true,"href":"https:\/\/www.hediyepazar.com\/index.php?rest_route=\/wp\/v2\/media\/116165"}],"wp:attachment":[{"href":"https:\/\/www.hediyepazar.com\/index.php?rest_route=%2Fwp%2Fv2%2Fmedia&parent=116166"}],"wp:term":[{"taxonomy":"product_brand","embeddable":true,"href":"https:\/\/www.hediyepazar.com\/index.php?rest_route=%2Fwp%2Fv2%2Fproduct_brand&post=116166"},{"taxonomy":"product_cat","embeddable":true,"href":"https:\/\/www.hediyepazar.com\/index.php?rest_route=%2Fwp%2Fv2%2Fproduct_cat&post=116166"},{"taxonomy":"product_tag","embeddable":true,"href":"https:\/\/www.hediyepazar.com\/index.php?rest_route=%2Fwp%2Fv2%2Fproduct_tag&post=116166"}],"curies":[{"name":"wp","href":"https:\/\/api.w.org\/{rel}","templated":true}]}}