{"id":116168,"date":"2026-05-05T16:34:15","date_gmt":"2026-05-05T19:34:15","guid":{"rendered":"https:\/\/www.hediyepazar.com\/?product=sac-duzlestirici-seramik-plakali-230c-hizli-isinma-360-kablo"},"modified":"2026-05-05T16:34:15","modified_gmt":"2026-05-05T19:34:15","slug":"sac-duzlestirici-seramik-plakali-230c-hizli-isinma-360-kablo","status":"publish","type":"product","link":"https:\/\/www.hediyepazar.com\/?product=sac-duzlestirici-seramik-plakali-230c-hizli-isinma-360-kablo","title":{"rendered":"Sa\u00e7 D\u00fczle\u015ftirici Seramik Plakal\u0131 230C H\u0131zl\u0131 Is\u0131nma 360\u00b0 Kablo"},"content":{"rendered":"<p>Daling sa\u00e7 d\u00fczle\u015ftirici, seramik kaplama plakalar\u0131 sayesinde sa\u00e7\u0131n\u0131zda p\u00fcr\u00fczs\u00fcz bir kay\u0131\u015f sa\u011flayarak k\u0131r\u0131lma ve elektriklenmeyi \u00f6nler. \u00d6zel tasarlanan free floating plakalar, sa\u00e7\u0131n \u015feklini alarak tak\u0131lma ve dolanmay\u0131 engeller. 30-45 saniyede 230\u00b0C s\u0131cakl\u0131\u011fa ula\u015farak sabahlar\u0131 zaman kayb\u0131 ya\u015famadan h\u0131zl\u0131ca sa\u00e7lar\u0131n\u0131z\u0131 \u015fekillendirebilirsiniz. 5 farkl\u0131 \u0131s\u0131 ayar\u0131 sayesinde ince telli, kal\u0131n telli ya da boyal\u0131 t\u00fcm sa\u00e7 tiplerine uygundur. Hafif ve kompakt tasar\u0131m\u0131yla seyahatlerde kolayca yan\u0131n\u0131zda ta\u015f\u0131yabilir, 360\u00b0 d\u00f6ner kablosu sayesinde \u00f6zg\u00fcrce kullanabilirsiniz. Modern mat y\u00fczeyi ve \u015f\u0131k tasar\u0131m\u0131yla g\u00fcnl\u00fck kullan\u0131mda hem pratik hem de estetik bir deneyim sunar.<\/p>\n","protected":false},"excerpt":{"rendered":"<p>Daling sa\u00e7 d\u00fczle\u015ftirici, seramik kaplama plakalar\u0131 sayesinde sa\u00e7\u0131n\u0131zda p\u00fcr\u00fczs\u00fcz bir kay\u0131\u015f sa\u011flayarak k\u0131r\u0131lma ve elektriklenmeyi \u00f6nler. \u00d6zel tasarlanan free floating plakalar, sa\u00e7\u0131n \u015feklini alarak tak\u0131lma ve dolanmay\u0131 engeller. 30-45 saniyede 230\u00b0C s\u0131cakl\u0131\u011fa ula\u015farak sabahlar\u0131 zaman kayb\u0131 ya\u015famadan h\u0131zl\u0131ca sa\u00e7lar\u0131n\u0131z\u0131 \u015fekillendirebilirsiniz. 5 farkl\u0131 \u0131s\u0131 ayar\u0131 sayesinde ince telli, kal\u0131n telli ya da boyal\u0131 t\u00fcm sa\u00e7 tiplerine&#8230;<\/p>\n","protected":false},"featured_media":116167,"comment_status":"open","ping_status":"closed","template":"","meta":{"_kad_post_transparent":"","_kad_post_title":"","_kad_post_layout":"","_kad_post_sidebar_id":"","_kad_post_content_style":"","_kad_post_vertical_padding":"","_kad_post_feature":"","_kad_post_feature_position":"","_kad_post_header":false,"_kad_post_footer":false,"_kad_post_classname":""},"product_brand":[],"product_cat":[14907],"product_tag":[],"class_list":{"0":"post-116168","1":"product","2":"type-product","3":"status-publish","4":"has-post-thumbnail","6":"product_cat-sac-masasi-sac-masasi","8":"first","9":"instock","10":"purchasable","11":"product-type-simple","12":"entry","13":"content-bg","14":"loop-entry"},"_links":{"self":[{"href":"https:\/\/www.hediyepazar.com\/index.php?rest_route=\/wp\/v2\/product\/116168","targetHints":{"allow":["GET"]}}],"collection":[{"href":"https:\/\/www.hediyepazar.com\/index.php?rest_route=\/wp\/v2\/product"}],"about":[{"href":"https:\/\/www.hediyepazar.com\/index.php?rest_route=\/wp\/v2\/types\/product"}],"replies":[{"embeddable":true,"href":"https:\/\/www.hediyepazar.com\/index.php?rest_route=%2Fwp%2Fv2%2Fcomments&post=116168"}],"wp:featuredmedia":[{"embeddable":true,"href":"https:\/\/www.hediyepazar.com\/index.php?rest_route=\/wp\/v2\/media\/116167"}],"wp:attachment":[{"href":"https:\/\/www.hediyepazar.com\/index.php?rest_route=%2Fwp%2Fv2%2Fmedia&parent=116168"}],"wp:term":[{"taxonomy":"product_brand","embeddable":true,"href":"https:\/\/www.hediyepazar.com\/index.php?rest_route=%2Fwp%2Fv2%2Fproduct_brand&post=116168"},{"taxonomy":"product_cat","embeddable":true,"href":"https:\/\/www.hediyepazar.com\/index.php?rest_route=%2Fwp%2Fv2%2Fproduct_cat&post=116168"},{"taxonomy":"product_tag","embeddable":true,"href":"https:\/\/www.hediyepazar.com\/index.php?rest_route=%2Fwp%2Fv2%2Fproduct_tag&post=116168"}],"curies":[{"name":"wp","href":"https:\/\/api.w.org\/{rel}","templated":true}]}}