{"id":116170,"date":"2026-05-05T16:34:21","date_gmt":"2026-05-05T19:34:21","guid":{"rendered":"https:\/\/www.hediyepazar.com\/?product=erkek-bakim-icin-profesyonel-sarjli-tiras-makinesi"},"modified":"2026-05-05T16:34:21","modified_gmt":"2026-05-05T19:34:21","slug":"erkek-bakim-icin-profesyonel-sarjli-tiras-makinesi","status":"publish","type":"product","link":"https:\/\/www.hediyepazar.com\/?product=erkek-bakim-icin-profesyonel-sarjli-tiras-makinesi","title":{"rendered":"Erkek Bak\u0131m \u0130\u00e7in Profesyonel \u015earjl\u0131 T\u0131ra\u015f Makinesi"},"content":{"rendered":"<p>Profesyonel performans sunan bu \u015farjl\u0131 t\u0131ra\u015f makinesi, \u0131slak ve kuru kullan\u0131m se\u00e7ene\u011fi ile erkek bak\u0131m\u0131nda maksimum konfor sa\u011flar. Du\u015fta k\u00f6p\u00fck veya jel ile kullan\u0131labilen cihaz, suya dayan\u0131kl\u0131 yap\u0131s\u0131 sayesinde hijyenik ve uzun \u00f6m\u00fcrl\u00fcd\u00fcr. Kuru kullan\u0131mda ise g\u00fc\u00e7l\u00fc bataryas\u0131 sayesinde pratik ve h\u0131zl\u0131 t\u0131ra\u015f deneyimi sunar. LCD ekran, cihaz\u0131n \u015farj durumunu takip etmenizi sa\u011flar. 0.1 mm hassas T-b\u0131\u00e7aklar\u0131 sayesinde p\u00fcr\u00fczs\u00fcz ve net kesim elde edilir. Turbo g\u00fc\u00e7l\u00fc motoru, yo\u011fun sa\u00e7 ve sakal kesimlerinde bile \u00fcst\u00fcn performans sa\u011flar. Metal g\u00f6vdesi dayan\u0131kl\u0131 olup ergonomik tasar\u0131m\u0131 sayesinde uzun s\u00fcre kullan\u0131mda rahatl\u0131k sunar. Evde, i\u015fte veya seyahatlerde g\u00fcvenle kullanabilece\u011finiz \u015f\u0131k ve fonksiyonel bir bak\u0131m cihaz\u0131d\u0131r.<\/p>\n","protected":false},"excerpt":{"rendered":"<p>Profesyonel performans sunan bu \u015farjl\u0131 t\u0131ra\u015f makinesi, \u0131slak ve kuru kullan\u0131m se\u00e7ene\u011fi ile erkek bak\u0131m\u0131nda maksimum konfor sa\u011flar. Du\u015fta k\u00f6p\u00fck veya jel ile kullan\u0131labilen cihaz, suya dayan\u0131kl\u0131 yap\u0131s\u0131 sayesinde hijyenik ve uzun \u00f6m\u00fcrl\u00fcd\u00fcr. Kuru kullan\u0131mda ise g\u00fc\u00e7l\u00fc bataryas\u0131 sayesinde pratik ve h\u0131zl\u0131 t\u0131ra\u015f deneyimi sunar. LCD ekran, cihaz\u0131n \u015farj durumunu takip etmenizi sa\u011flar. 0.1 mm&#8230;<\/p>\n","protected":false},"featured_media":116169,"comment_status":"open","ping_status":"closed","template":"","meta":{"_kad_post_transparent":"","_kad_post_title":"","_kad_post_layout":"","_kad_post_sidebar_id":"","_kad_post_content_style":"","_kad_post_vertical_padding":"","_kad_post_feature":"","_kad_post_feature_position":"","_kad_post_header":false,"_kad_post_footer":false,"_kad_post_classname":""},"product_brand":[],"product_cat":[14925],"product_tag":[],"class_list":{"0":"post-116170","1":"product","2":"type-product","3":"status-publish","4":"has-post-thumbnail","6":"product_cat-tiras-makinesi-tiras-makinesi","8":"first","9":"instock","10":"purchasable","11":"product-type-simple","12":"entry","13":"content-bg","14":"loop-entry"},"_links":{"self":[{"href":"https:\/\/www.hediyepazar.com\/index.php?rest_route=\/wp\/v2\/product\/116170","targetHints":{"allow":["GET"]}}],"collection":[{"href":"https:\/\/www.hediyepazar.com\/index.php?rest_route=\/wp\/v2\/product"}],"about":[{"href":"https:\/\/www.hediyepazar.com\/index.php?rest_route=\/wp\/v2\/types\/product"}],"replies":[{"embeddable":true,"href":"https:\/\/www.hediyepazar.com\/index.php?rest_route=%2Fwp%2Fv2%2Fcomments&post=116170"}],"wp:featuredmedia":[{"embeddable":true,"href":"https:\/\/www.hediyepazar.com\/index.php?rest_route=\/wp\/v2\/media\/116169"}],"wp:attachment":[{"href":"https:\/\/www.hediyepazar.com\/index.php?rest_route=%2Fwp%2Fv2%2Fmedia&parent=116170"}],"wp:term":[{"taxonomy":"product_brand","embeddable":true,"href":"https:\/\/www.hediyepazar.com\/index.php?rest_route=%2Fwp%2Fv2%2Fproduct_brand&post=116170"},{"taxonomy":"product_cat","embeddable":true,"href":"https:\/\/www.hediyepazar.com\/index.php?rest_route=%2Fwp%2Fv2%2Fproduct_cat&post=116170"},{"taxonomy":"product_tag","embeddable":true,"href":"https:\/\/www.hediyepazar.com\/index.php?rest_route=%2Fwp%2Fv2%2Fproduct_tag&post=116170"}],"curies":[{"name":"wp","href":"https:\/\/api.w.org\/{rel}","templated":true}]}}