{"id":116172,"date":"2026-05-05T16:35:59","date_gmt":"2026-05-05T19:35:59","guid":{"rendered":"https:\/\/www.hediyepazar.com\/?product=0-1-mm-hassas-kesim-tiras-makinesi-sarjli-metal-govde"},"modified":"2026-05-05T16:35:59","modified_gmt":"2026-05-05T19:35:59","slug":"0-1-mm-hassas-kesim-tiras-makinesi-sarjli-metal-govde","status":"publish","type":"product","link":"https:\/\/www.hediyepazar.com\/?product=0-1-mm-hassas-kesim-tiras-makinesi-sarjli-metal-govde","title":{"rendered":"0.1 mm Hassas Kesim T\u0131ra\u015f Makinesi \u015earjl\u0131 Metal G\u00f6vde"},"content":{"rendered":"<p>G\u00fcnl\u00fck bak\u0131mda profesyonel \u00e7\u00f6z\u00fcmler arayan erkekler i\u00e7in tasarlanan bu t\u0131ra\u015f makinesi, \u0131slak ve kuru kullan\u0131m \u00f6zelli\u011fiyle fark yarat\u0131r. Suya dayan\u0131kl\u0131 yap\u0131s\u0131 sayesinde du\u015fta k\u00f6p\u00fck veya jel ile g\u00fcvenle kullan\u0131labilir. Cildin tahri\u015f olmas\u0131n\u0131 engeller, yumu\u015fak ve p\u00fcr\u00fczs\u00fcz bir t\u0131ra\u015f sa\u011flar. Kuru kullan\u0131mda ise h\u0131zl\u0131 sonu\u00e7lar alarak zamandan tasarruf etmenizi sa\u011flar. 0.1 mm hassas b\u0131\u00e7aklar\u0131 ile ense, sa\u00e7 ve sakalda net kesimler elde edilir. LCD ekran \u00fczerinden \u015farj seviyesini takip ederek cihaz\u0131 diledi\u011finiz an haz\u0131r hale getirebilirsiniz. Turbo g\u00fc\u00e7l\u00fc motor, kal\u0131n sa\u00e7 tiplerinde bile y\u00fcksek performans sa\u011flar. Metal g\u00f6vdesi dayan\u0131kl\u0131l\u0131\u011f\u0131 art\u0131r\u0131rken \u015f\u0131k tasar\u0131m\u0131yla dikkat \u00e7eker. Evde kullan\u0131m\u0131n yan\u0131 s\u0131ra seyahatlerde de yan\u0131n\u0131zda ta\u015f\u0131yabilece\u011finiz kompakt bir cihazd\u0131r.<\/p>\n","protected":false},"excerpt":{"rendered":"<p>G\u00fcnl\u00fck bak\u0131mda profesyonel \u00e7\u00f6z\u00fcmler arayan erkekler i\u00e7in tasarlanan bu t\u0131ra\u015f makinesi, \u0131slak ve kuru kullan\u0131m \u00f6zelli\u011fiyle fark yarat\u0131r. Suya dayan\u0131kl\u0131 yap\u0131s\u0131 sayesinde du\u015fta k\u00f6p\u00fck veya jel ile g\u00fcvenle kullan\u0131labilir. Cildin tahri\u015f olmas\u0131n\u0131 engeller, yumu\u015fak ve p\u00fcr\u00fczs\u00fcz bir t\u0131ra\u015f sa\u011flar. Kuru kullan\u0131mda ise h\u0131zl\u0131 sonu\u00e7lar alarak zamandan tasarruf etmenizi sa\u011flar. 0.1 mm hassas b\u0131\u00e7aklar\u0131 ile ense,&#8230;<\/p>\n","protected":false},"featured_media":116171,"comment_status":"open","ping_status":"closed","template":"","meta":{"_kad_post_transparent":"","_kad_post_title":"","_kad_post_layout":"","_kad_post_sidebar_id":"","_kad_post_content_style":"","_kad_post_vertical_padding":"","_kad_post_feature":"","_kad_post_feature_position":"","_kad_post_header":false,"_kad_post_footer":false,"_kad_post_classname":""},"product_brand":[],"product_cat":[14925],"product_tag":[],"class_list":{"0":"post-116172","1":"product","2":"type-product","3":"status-publish","4":"has-post-thumbnail","6":"product_cat-tiras-makinesi-tiras-makinesi","8":"first","9":"instock","10":"purchasable","11":"product-type-simple","12":"entry","13":"content-bg","14":"loop-entry"},"_links":{"self":[{"href":"https:\/\/www.hediyepazar.com\/index.php?rest_route=\/wp\/v2\/product\/116172","targetHints":{"allow":["GET"]}}],"collection":[{"href":"https:\/\/www.hediyepazar.com\/index.php?rest_route=\/wp\/v2\/product"}],"about":[{"href":"https:\/\/www.hediyepazar.com\/index.php?rest_route=\/wp\/v2\/types\/product"}],"replies":[{"embeddable":true,"href":"https:\/\/www.hediyepazar.com\/index.php?rest_route=%2Fwp%2Fv2%2Fcomments&post=116172"}],"wp:featuredmedia":[{"embeddable":true,"href":"https:\/\/www.hediyepazar.com\/index.php?rest_route=\/wp\/v2\/media\/116171"}],"wp:attachment":[{"href":"https:\/\/www.hediyepazar.com\/index.php?rest_route=%2Fwp%2Fv2%2Fmedia&parent=116172"}],"wp:term":[{"taxonomy":"product_brand","embeddable":true,"href":"https:\/\/www.hediyepazar.com\/index.php?rest_route=%2Fwp%2Fv2%2Fproduct_brand&post=116172"},{"taxonomy":"product_cat","embeddable":true,"href":"https:\/\/www.hediyepazar.com\/index.php?rest_route=%2Fwp%2Fv2%2Fproduct_cat&post=116172"},{"taxonomy":"product_tag","embeddable":true,"href":"https:\/\/www.hediyepazar.com\/index.php?rest_route=%2Fwp%2Fv2%2Fproduct_tag&post=116172"}],"curies":[{"name":"wp","href":"https:\/\/api.w.org\/{rel}","templated":true}]}}