{"id":116174,"date":"2026-05-05T16:36:05","date_gmt":"2026-05-05T19:36:05","guid":{"rendered":"https:\/\/www.hediyepazar.com\/?product=su-gecirmez-daling-sac-ve-sakal-tiras-makinesi"},"modified":"2026-05-05T16:36:05","modified_gmt":"2026-05-05T19:36:05","slug":"su-gecirmez-daling-sac-ve-sakal-tiras-makinesi","status":"publish","type":"product","link":"https:\/\/www.hediyepazar.com\/?product=su-gecirmez-daling-sac-ve-sakal-tiras-makinesi","title":{"rendered":"Su Ge\u00e7irmez Daling Sa\u00e7 ve Sakal T\u0131ra\u015f Makinesi"},"content":{"rendered":"<p>Daling Profesyonel Sa\u00e7 ve Sakal T\u0131ra\u015f Makinesi, hem profesyonel kuaf\u00f6rler hem de ev kullan\u0131c\u0131lar\u0131 i\u00e7in ideal bir \u00fcr\u00fcnd\u00fcr. 0.1 mm hassas kesim \u00f6zelli\u011fi sayesinde en ince detaylar\u0131 bile kolayca yakalar. Islak ve kuru kullan\u0131m avantaj\u0131yla hem du\u015fta k\u00f6p\u00fckle t\u0131ra\u015f olabilir hem de h\u0131zl\u0131ca kuru kullan\u0131mda pratik sonu\u00e7 alabilirsiniz. Suya dayan\u0131kl\u0131 yap\u0131s\u0131 uzun s\u00fcreli kullan\u0131m \u00f6mr\u00fc sa\u011flar. LCD ekran \u00fczerinden pil seviyesini takip ederek \u015farj durumunu kontrol alt\u0131nda tutabilirsiniz. G\u00fc\u00e7l\u00fc bataryas\u0131 sayesinde uzun s\u00fcre kesintisiz performans sunar ve turbo motor teknolojisiyle yo\u011fun kesimlerde bile zorlanmaz. Ergonomik tasar\u0131m\u0131 sayesinde elinizde rahat\u00e7a kullan\u0131l\u0131r, uzun s\u00fcreli kesimlerde bile yorulmazs\u0131n\u0131z. Dayan\u0131kl\u0131 metal g\u00f6vdesi ve modern tasar\u0131m\u0131yla \u015f\u0131kl\u0131\u011f\u0131 ve kaliteyi bir arada sunar.<\/p>\n","protected":false},"excerpt":{"rendered":"<p>Daling Profesyonel Sa\u00e7 ve Sakal T\u0131ra\u015f Makinesi, hem profesyonel kuaf\u00f6rler hem de ev kullan\u0131c\u0131lar\u0131 i\u00e7in ideal bir \u00fcr\u00fcnd\u00fcr. 0.1 mm hassas kesim \u00f6zelli\u011fi sayesinde en ince detaylar\u0131 bile kolayca yakalar. Islak ve kuru kullan\u0131m avantaj\u0131yla hem du\u015fta k\u00f6p\u00fckle t\u0131ra\u015f olabilir hem de h\u0131zl\u0131ca kuru kullan\u0131mda pratik sonu\u00e7 alabilirsiniz. Suya dayan\u0131kl\u0131 yap\u0131s\u0131 uzun s\u00fcreli kullan\u0131m \u00f6mr\u00fc&#8230;<\/p>\n","protected":false},"featured_media":116173,"comment_status":"open","ping_status":"closed","template":"","meta":{"_kad_post_transparent":"","_kad_post_title":"","_kad_post_layout":"","_kad_post_sidebar_id":"","_kad_post_content_style":"","_kad_post_vertical_padding":"","_kad_post_feature":"","_kad_post_feature_position":"","_kad_post_header":false,"_kad_post_footer":false,"_kad_post_classname":""},"product_brand":[],"product_cat":[14925],"product_tag":[],"class_list":{"0":"post-116174","1":"product","2":"type-product","3":"status-publish","4":"has-post-thumbnail","6":"product_cat-tiras-makinesi-tiras-makinesi","8":"first","9":"instock","10":"purchasable","11":"product-type-simple","12":"entry","13":"content-bg","14":"loop-entry"},"_links":{"self":[{"href":"https:\/\/www.hediyepazar.com\/index.php?rest_route=\/wp\/v2\/product\/116174","targetHints":{"allow":["GET"]}}],"collection":[{"href":"https:\/\/www.hediyepazar.com\/index.php?rest_route=\/wp\/v2\/product"}],"about":[{"href":"https:\/\/www.hediyepazar.com\/index.php?rest_route=\/wp\/v2\/types\/product"}],"replies":[{"embeddable":true,"href":"https:\/\/www.hediyepazar.com\/index.php?rest_route=%2Fwp%2Fv2%2Fcomments&post=116174"}],"wp:featuredmedia":[{"embeddable":true,"href":"https:\/\/www.hediyepazar.com\/index.php?rest_route=\/wp\/v2\/media\/116173"}],"wp:attachment":[{"href":"https:\/\/www.hediyepazar.com\/index.php?rest_route=%2Fwp%2Fv2%2Fmedia&parent=116174"}],"wp:term":[{"taxonomy":"product_brand","embeddable":true,"href":"https:\/\/www.hediyepazar.com\/index.php?rest_route=%2Fwp%2Fv2%2Fproduct_brand&post=116174"},{"taxonomy":"product_cat","embeddable":true,"href":"https:\/\/www.hediyepazar.com\/index.php?rest_route=%2Fwp%2Fv2%2Fproduct_cat&post=116174"},{"taxonomy":"product_tag","embeddable":true,"href":"https:\/\/www.hediyepazar.com\/index.php?rest_route=%2Fwp%2Fv2%2Fproduct_tag&post=116174"}],"curies":[{"name":"wp","href":"https:\/\/api.w.org\/{rel}","templated":true}]}}