{"id":116178,"date":"2026-05-05T16:36:16","date_gmt":"2026-05-05T19:36:16","guid":{"rendered":"https:\/\/www.hediyepazar.com\/?product=daling-profesyonel-tiras-makinesi-islak-ve-kuru-kullanim"},"modified":"2026-05-05T16:36:16","modified_gmt":"2026-05-05T19:36:16","slug":"daling-profesyonel-tiras-makinesi-islak-ve-kuru-kullanim","status":"publish","type":"product","link":"https:\/\/www.hediyepazar.com\/?product=daling-profesyonel-tiras-makinesi-islak-ve-kuru-kullanim","title":{"rendered":"Daling Profesyonel T\u0131ra\u015f Makinesi Islak ve Kuru Kullan\u0131m"},"content":{"rendered":"<p>Daling Profesyonel T\u0131ra\u015f Makinesi, erkek bak\u0131m\u0131nda maksimum konfor ve esneklik sunar. Islak ve kuru kullan\u0131m \u00f6zelli\u011fi ile hem du\u015fta hem de normal ortamda rahatl\u0131kla kullan\u0131labilir. Su ge\u00e7irmez yap\u0131s\u0131 sayesinde du\u015f s\u0131ras\u0131nda k\u00f6p\u00fck veya jel ile t\u0131ra\u015f yaparak cildinizi tahri\u015f etmeden yumu\u015fak bir t\u0131ra\u015f elde edebilirsiniz. Kuru kullan\u0131mda ise h\u0131zl\u0131 ve pratik sonu\u00e7lar alarak zamandan tasarruf edersiniz. 0.1 mm hassas T-b\u0131\u00e7ak teknolojisi, p\u00fcr\u00fczs\u00fcz ve net kesimler sa\u011flar. LCD ekran \u00fczerinden \u015farj seviyesini takip edebilir, g\u00fc\u00e7l\u00fc bataryas\u0131 sayesinde uzun s\u00fcreli kullan\u0131m\u0131n keyfini \u00e7\u0131karabilirsiniz. Turbo g\u00fc\u00e7l\u00fc motoru sayesinde yo\u011fun sa\u00e7 ve sakal kesimlerinde bile y\u00fcksek performans sa\u011flar. Metal g\u00f6vdesi, dayan\u0131kl\u0131l\u0131\u011f\u0131 art\u0131r\u0131rken \u015f\u0131k bir g\u00f6r\u00fcn\u00fcm sunar. Seyahatlerde, evde veya profesyonel kullan\u0131mda m\u00fckemmel bir yard\u0131mc\u0131d\u0131r.<\/p>\n","protected":false},"excerpt":{"rendered":"<p>Daling Profesyonel T\u0131ra\u015f Makinesi, erkek bak\u0131m\u0131nda maksimum konfor ve esneklik sunar. Islak ve kuru kullan\u0131m \u00f6zelli\u011fi ile hem du\u015fta hem de normal ortamda rahatl\u0131kla kullan\u0131labilir. Su ge\u00e7irmez yap\u0131s\u0131 sayesinde du\u015f s\u0131ras\u0131nda k\u00f6p\u00fck veya jel ile t\u0131ra\u015f yaparak cildinizi tahri\u015f etmeden yumu\u015fak bir t\u0131ra\u015f elde edebilirsiniz. Kuru kullan\u0131mda ise h\u0131zl\u0131 ve pratik sonu\u00e7lar alarak zamandan tasarruf&#8230;<\/p>\n","protected":false},"featured_media":116177,"comment_status":"open","ping_status":"closed","template":"","meta":{"_kad_post_transparent":"","_kad_post_title":"","_kad_post_layout":"","_kad_post_sidebar_id":"","_kad_post_content_style":"","_kad_post_vertical_padding":"","_kad_post_feature":"","_kad_post_feature_position":"","_kad_post_header":false,"_kad_post_footer":false,"_kad_post_classname":""},"product_brand":[],"product_cat":[14925],"product_tag":[],"class_list":{"0":"post-116178","1":"product","2":"type-product","3":"status-publish","4":"has-post-thumbnail","6":"product_cat-tiras-makinesi-tiras-makinesi","8":"first","9":"instock","10":"purchasable","11":"product-type-simple","12":"entry","13":"content-bg","14":"loop-entry"},"_links":{"self":[{"href":"https:\/\/www.hediyepazar.com\/index.php?rest_route=\/wp\/v2\/product\/116178","targetHints":{"allow":["GET"]}}],"collection":[{"href":"https:\/\/www.hediyepazar.com\/index.php?rest_route=\/wp\/v2\/product"}],"about":[{"href":"https:\/\/www.hediyepazar.com\/index.php?rest_route=\/wp\/v2\/types\/product"}],"replies":[{"embeddable":true,"href":"https:\/\/www.hediyepazar.com\/index.php?rest_route=%2Fwp%2Fv2%2Fcomments&post=116178"}],"wp:featuredmedia":[{"embeddable":true,"href":"https:\/\/www.hediyepazar.com\/index.php?rest_route=\/wp\/v2\/media\/116177"}],"wp:attachment":[{"href":"https:\/\/www.hediyepazar.com\/index.php?rest_route=%2Fwp%2Fv2%2Fmedia&parent=116178"}],"wp:term":[{"taxonomy":"product_brand","embeddable":true,"href":"https:\/\/www.hediyepazar.com\/index.php?rest_route=%2Fwp%2Fv2%2Fproduct_brand&post=116178"},{"taxonomy":"product_cat","embeddable":true,"href":"https:\/\/www.hediyepazar.com\/index.php?rest_route=%2Fwp%2Fv2%2Fproduct_cat&post=116178"},{"taxonomy":"product_tag","embeddable":true,"href":"https:\/\/www.hediyepazar.com\/index.php?rest_route=%2Fwp%2Fv2%2Fproduct_tag&post=116178"}],"curies":[{"name":"wp","href":"https:\/\/api.w.org\/{rel}","templated":true}]}}