{"id":116182,"date":"2026-05-05T16:37:02","date_gmt":"2026-05-05T19:37:02","guid":{"rendered":"https:\/\/www.hediyepazar.com\/?product=seyahat-ve-kamp-icin-portatif-guc-kaynagi-powerbank"},"modified":"2026-05-05T16:37:02","modified_gmt":"2026-05-05T19:37:02","slug":"seyahat-ve-kamp-icin-portatif-guc-kaynagi-powerbank","status":"publish","type":"product","link":"https:\/\/www.hediyepazar.com\/?product=seyahat-ve-kamp-icin-portatif-guc-kaynagi-powerbank","title":{"rendered":"Seyahat ve Kamp \u0130\u00e7in Portatif G\u00fc\u00e7 Kayna\u011f\u0131 Powerbank"},"content":{"rendered":"<p>Seyahatlerinizde veya a\u00e7\u0131k hava etkinliklerinde enerji ihtiyac\u0131n\u0131z\u0131 kar\u015f\u0131lamak i\u00e7in ideal olan bu ta\u015f\u0131nabilir \u015farj cihaz\u0131, 4 \u00e7\u0131k\u0131\u015fl\u0131 tasar\u0131m\u0131yla ayn\u0131 anda birden fazla cihaz\u0131 \u015farj eder. Paket i\u00e7eri\u011finde Micro USB, Lightning, Type-C ve USB kablolar\u0131 bulunur. LED ekran kalan batarya y\u00fczdesini g\u00f6sterirken LED fener karanl\u0131k ortamlarda ayd\u0131nlatma sa\u011flar. K\u0131sa devre, a\u015f\u0131r\u0131 ak\u0131m ve y\u00fcksek gerilim korumas\u0131 ile cihazlar\u0131n\u0131z\u0131 g\u00fcvenle \u015farj edebilirsiniz. Hafif ve kompakt yap\u0131s\u0131 sayesinde \u00e7antan\u0131zda rahat\u00e7a ta\u015f\u0131yabilirsiniz. 18x8x6 cm boyutuyla g\u00fcnl\u00fck kullan\u0131m ve seyahatler i\u00e7in m\u00fckemmeldir.<\/p>\n","protected":false},"excerpt":{"rendered":"<p>Seyahatlerinizde veya a\u00e7\u0131k hava etkinliklerinde enerji ihtiyac\u0131n\u0131z\u0131 kar\u015f\u0131lamak i\u00e7in ideal olan bu ta\u015f\u0131nabilir \u015farj cihaz\u0131, 4 \u00e7\u0131k\u0131\u015fl\u0131 tasar\u0131m\u0131yla ayn\u0131 anda birden fazla cihaz\u0131 \u015farj eder. Paket i\u00e7eri\u011finde Micro USB, Lightning, Type-C ve USB kablolar\u0131 bulunur. LED ekran kalan batarya y\u00fczdesini g\u00f6sterirken LED fener karanl\u0131k ortamlarda ayd\u0131nlatma sa\u011flar. K\u0131sa devre, a\u015f\u0131r\u0131 ak\u0131m ve y\u00fcksek gerilim korumas\u0131&#8230;<\/p>\n","protected":false},"featured_media":116181,"comment_status":"open","ping_status":"closed","template":"","meta":{"_kad_post_transparent":"","_kad_post_title":"","_kad_post_layout":"","_kad_post_sidebar_id":"","_kad_post_content_style":"","_kad_post_vertical_padding":"","_kad_post_feature":"","_kad_post_feature_position":"","_kad_post_header":false,"_kad_post_footer":false,"_kad_post_classname":""},"product_brand":[],"product_cat":[14937],"product_tag":[],"class_list":{"0":"post-116182","1":"product","2":"type-product","3":"status-publish","4":"has-post-thumbnail","6":"product_cat-powerbank-powerbank-2","8":"first","9":"instock","10":"purchasable","11":"product-type-simple","12":"entry","13":"content-bg","14":"loop-entry"},"_links":{"self":[{"href":"https:\/\/www.hediyepazar.com\/index.php?rest_route=\/wp\/v2\/product\/116182","targetHints":{"allow":["GET"]}}],"collection":[{"href":"https:\/\/www.hediyepazar.com\/index.php?rest_route=\/wp\/v2\/product"}],"about":[{"href":"https:\/\/www.hediyepazar.com\/index.php?rest_route=\/wp\/v2\/types\/product"}],"replies":[{"embeddable":true,"href":"https:\/\/www.hediyepazar.com\/index.php?rest_route=%2Fwp%2Fv2%2Fcomments&post=116182"}],"wp:featuredmedia":[{"embeddable":true,"href":"https:\/\/www.hediyepazar.com\/index.php?rest_route=\/wp\/v2\/media\/116181"}],"wp:attachment":[{"href":"https:\/\/www.hediyepazar.com\/index.php?rest_route=%2Fwp%2Fv2%2Fmedia&parent=116182"}],"wp:term":[{"taxonomy":"product_brand","embeddable":true,"href":"https:\/\/www.hediyepazar.com\/index.php?rest_route=%2Fwp%2Fv2%2Fproduct_brand&post=116182"},{"taxonomy":"product_cat","embeddable":true,"href":"https:\/\/www.hediyepazar.com\/index.php?rest_route=%2Fwp%2Fv2%2Fproduct_cat&post=116182"},{"taxonomy":"product_tag","embeddable":true,"href":"https:\/\/www.hediyepazar.com\/index.php?rest_route=%2Fwp%2Fv2%2Fproduct_tag&post=116182"}],"curies":[{"name":"wp","href":"https:\/\/api.w.org\/{rel}","templated":true}]}}