{"id":116188,"date":"2026-05-05T16:37:16","date_gmt":"2026-05-05T19:37:16","guid":{"rendered":"https:\/\/www.hediyepazar.com\/?product=4-cikisli-hizli-sarj-destekli-powerbank"},"modified":"2026-05-05T16:37:16","modified_gmt":"2026-05-05T19:37:16","slug":"4-cikisli-hizli-sarj-destekli-powerbank","status":"publish","type":"product","link":"https:\/\/www.hediyepazar.com\/?product=4-cikisli-hizli-sarj-destekli-powerbank","title":{"rendered":"4 \u00c7\u0131k\u0131\u015fl\u0131 H\u0131zl\u0131 \u015earj Destekli Powerbank"},"content":{"rendered":"<p>Modern ya\u015fam\u0131n h\u0131z\u0131na yeti\u015fmek i\u00e7in tasarlanan bu ta\u015f\u0131nabilir \u015farj cihaz\u0131, 4 \u00e7\u0131k\u0131\u015fl\u0131 yap\u0131s\u0131yla ayn\u0131 anda birden fazla cihaz\u0131 \u015farj etmenizi sa\u011flar. Micro USB, Lightning, Type-C ve USB kablolar\u0131 paket i\u00e7inde mevcuttur, b\u00f6ylece t\u00fcm cihazlar\u0131n\u0131za uyum sa\u011flar. LED ekran \u00fczerinden \u015farj seviyesini kolayca kontrol edebilirsiniz. LED fener \u00f6zelli\u011fi sayesinde karanl\u0131k ortamlarda ekstra ayd\u0131nlatma sunar. K\u0131sa devre, a\u015f\u0131r\u0131 ak\u0131m ve y\u00fcksek gerilim korumas\u0131 ile cihazlar\u0131n\u0131z\u0131 g\u00fcvenle kullanabilirsiniz. 18x8x6 cm \u00f6l\u00e7\u00fclerindeki ergonomik tasar\u0131m\u0131, \u00e7antan\u0131za kolayca s\u0131\u011far ve seyahatlerinizde yan\u0131n\u0131zda ta\u015f\u0131nabilir. \u0130ster tatilde, ister kampta, ister g\u00fcnl\u00fck kullan\u0131mda olsun; bu cihaz g\u00fcvenilir enerji deste\u011finizdir.<\/p>\n","protected":false},"excerpt":{"rendered":"<p>Modern ya\u015fam\u0131n h\u0131z\u0131na yeti\u015fmek i\u00e7in tasarlanan bu ta\u015f\u0131nabilir \u015farj cihaz\u0131, 4 \u00e7\u0131k\u0131\u015fl\u0131 yap\u0131s\u0131yla ayn\u0131 anda birden fazla cihaz\u0131 \u015farj etmenizi sa\u011flar. Micro USB, Lightning, Type-C ve USB kablolar\u0131 paket i\u00e7inde mevcuttur, b\u00f6ylece t\u00fcm cihazlar\u0131n\u0131za uyum sa\u011flar. LED ekran \u00fczerinden \u015farj seviyesini kolayca kontrol edebilirsiniz. LED fener \u00f6zelli\u011fi sayesinde karanl\u0131k ortamlarda ekstra ayd\u0131nlatma sunar. K\u0131sa devre,&#8230;<\/p>\n","protected":false},"featured_media":116187,"comment_status":"open","ping_status":"closed","template":"","meta":{"_kad_post_transparent":"","_kad_post_title":"","_kad_post_layout":"","_kad_post_sidebar_id":"","_kad_post_content_style":"","_kad_post_vertical_padding":"","_kad_post_feature":"","_kad_post_feature_position":"","_kad_post_header":false,"_kad_post_footer":false,"_kad_post_classname":""},"product_brand":[],"product_cat":[14937],"product_tag":[],"class_list":{"0":"post-116188","1":"product","2":"type-product","3":"status-publish","4":"has-post-thumbnail","6":"product_cat-powerbank-powerbank-2","8":"first","9":"instock","10":"purchasable","11":"product-type-simple","12":"entry","13":"content-bg","14":"loop-entry"},"_links":{"self":[{"href":"https:\/\/www.hediyepazar.com\/index.php?rest_route=\/wp\/v2\/product\/116188","targetHints":{"allow":["GET"]}}],"collection":[{"href":"https:\/\/www.hediyepazar.com\/index.php?rest_route=\/wp\/v2\/product"}],"about":[{"href":"https:\/\/www.hediyepazar.com\/index.php?rest_route=\/wp\/v2\/types\/product"}],"replies":[{"embeddable":true,"href":"https:\/\/www.hediyepazar.com\/index.php?rest_route=%2Fwp%2Fv2%2Fcomments&post=116188"}],"wp:featuredmedia":[{"embeddable":true,"href":"https:\/\/www.hediyepazar.com\/index.php?rest_route=\/wp\/v2\/media\/116187"}],"wp:attachment":[{"href":"https:\/\/www.hediyepazar.com\/index.php?rest_route=%2Fwp%2Fv2%2Fmedia&parent=116188"}],"wp:term":[{"taxonomy":"product_brand","embeddable":true,"href":"https:\/\/www.hediyepazar.com\/index.php?rest_route=%2Fwp%2Fv2%2Fproduct_brand&post=116188"},{"taxonomy":"product_cat","embeddable":true,"href":"https:\/\/www.hediyepazar.com\/index.php?rest_route=%2Fwp%2Fv2%2Fproduct_cat&post=116188"},{"taxonomy":"product_tag","embeddable":true,"href":"https:\/\/www.hediyepazar.com\/index.php?rest_route=%2Fwp%2Fv2%2Fproduct_tag&post=116188"}],"curies":[{"name":"wp","href":"https:\/\/api.w.org\/{rel}","templated":true}]}}